{"id":3982,"date":"2021-12-01T14:01:03","date_gmt":"2021-12-01T13:01:03","guid":{"rendered":"http:\/\/85.10.154.84\/~controle\/shop\/aurora-winter\/"},"modified":"2026-01-07T09:22:26","modified_gmt":"2026-01-07T08:22:26","slug":"aurora-winter","status":"publish","type":"product","link":"https:\/\/www.glasfolie.nl\/fr\/shop\/aurora-winter\/","title":{"rendered":"Aurore d'hiver"},"content":{"rendered":"<p>1 x 136cm<\/p>\n<p>Avec un effet dichro\u00efque \"cam\u00e9l\u00e9on\", le film AURORA change de teinte et de couleur en fonction de l'angle de vue. En exploitant au mieux la lumi\u00e8re du jour, AURORA donne vie \u00e0 vos fen\u00eatres et vitres.<\/p>","protected":false},"excerpt":{"rendered":"<p>1 x 136cm<\/p>\n<p>Avec un effet dichro\u00efque \"cam\u00e9l\u00e9on\", le film AURORA change de teinte et de couleur en fonction de l'angle de vue. En exploitant au mieux la lumi\u00e8re du jour, AURORA donne vie \u00e0 vos fen\u00eatres et vitres.<\/p>","protected":false},"featured_media":3874,"comment_status":"closed","ping_status":"closed","template":"","meta":{"_acf_changed":false},"product_brand":[],"product_cat":[49],"product_tag":[],"class_list":{"0":"post-3982","1":"product","2":"type-product","3":"status-publish","4":"has-post-thumbnail","6":"product_cat-design-glasfolie","7":"pa_per-m-of-rol-m","8":"pa_per-m-of-rol-rol-30-5m","10":"first","11":"instock","12":"taxable","13":"shipping-taxable","14":"purchasable","15":"product-type-variable"},"acf":[],"gallery_images":[],"yoast_head":"<!-- This site is optimized with the Yoast SEO Premium plugin v22.6 (Yoast SEO v27.4) - https:\/\/yoast.com\/product\/yoast-seo-premium-wordpress\/ -->\n<title>Aurora Winter - Glasfolie Suncontrol<\/title>\n<meta name=\"description\" content=\"Met een dichroisch &quot;kameleon-effect&quot;, verandert de folie AURORA van tint en kleur al naar gelang de zichthoek.\" \/>\n<meta name=\"robots\" content=\"index, follow, max-snippet:-1, max-image-preview:large, max-video-preview:-1\" \/>\n<link rel=\"canonical\" href=\"https:\/\/www.glasfolie.nl\/fr\/shop\/aurora-winter\/\" \/>\n<meta property=\"og:locale\" content=\"fr_FR\" \/>\n<meta property=\"og:type\" content=\"article\" \/>\n<meta property=\"og:title\" content=\"Aurora Winter\" \/>\n<meta property=\"og:description\" content=\"Met een dichroisch &quot;kameleon-effect&quot;, verandert de folie AURORA van tint en kleur al naar gelang de zichthoek.\" \/>\n<meta property=\"og:url\" content=\"https:\/\/www.glasfolie.nl\/fr\/shop\/aurora-winter\/\" \/>\n<meta property=\"og:site_name\" content=\"Glasfolie Suncontrol\" \/>\n<meta property=\"article:modified_time\" content=\"2026-01-07T08:22:26+00:00\" \/>\n<meta property=\"og:image\" content=\"https:\/\/www.glasfolie.nl\/wp-content\/uploads\/2023\/07\/AuroraWinter.jpg\" \/>\n\t<meta property=\"og:image:width\" content=\"2076\" \/>\n\t<meta property=\"og:image:height\" content=\"845\" \/>\n\t<meta property=\"og:image:type\" content=\"image\/jpeg\" \/>\n<meta name=\"twitter:card\" content=\"summary_large_image\" \/>\n<meta name=\"twitter:label1\" content=\"Dur\u00e9e de lecture estim\u00e9e\" \/>\n\t<meta name=\"twitter:data1\" content=\"1 minute\" \/>\n<script type=\"application\/ld+json\" class=\"yoast-schema-graph\">{\"@context\":\"https:\\\/\\\/schema.org\",\"@graph\":[{\"@type\":\"WebPage\",\"@id\":\"https:\\\/\\\/www.glasfolie.nl\\\/shop\\\/aurora-winter\\\/\",\"url\":\"https:\\\/\\\/www.glasfolie.nl\\\/shop\\\/aurora-winter\\\/\",\"name\":\"Aurora Winter - Glasfolie Suncontrol\",\"isPartOf\":{\"@id\":\"https:\\\/\\\/www.glasfolie.nl\\\/#website\"},\"primaryImageOfPage\":{\"@id\":\"https:\\\/\\\/www.glasfolie.nl\\\/shop\\\/aurora-winter\\\/#primaryimage\"},\"image\":{\"@id\":\"https:\\\/\\\/www.glasfolie.nl\\\/shop\\\/aurora-winter\\\/#primaryimage\"},\"thumbnailUrl\":\"https:\\\/\\\/www.glasfolie.nl\\\/wp-content\\\/uploads\\\/2023\\\/07\\\/AuroraWinter.jpg\",\"datePublished\":\"2021-12-01T13:01:03+00:00\",\"dateModified\":\"2026-01-07T08:22:26+00:00\",\"description\":\"Met een dichroisch \\\"kameleon-effect\\\", verandert de folie AURORA van tint en kleur al naar gelang de zichthoek.\",\"breadcrumb\":{\"@id\":\"https:\\\/\\\/www.glasfolie.nl\\\/shop\\\/aurora-winter\\\/#breadcrumb\"},\"inLanguage\":\"fr-FR\",\"potentialAction\":[{\"@type\":\"ReadAction\",\"target\":[\"https:\\\/\\\/www.glasfolie.nl\\\/shop\\\/aurora-winter\\\/\"]}]},{\"@type\":\"ImageObject\",\"inLanguage\":\"fr-FR\",\"@id\":\"https:\\\/\\\/www.glasfolie.nl\\\/shop\\\/aurora-winter\\\/#primaryimage\",\"url\":\"https:\\\/\\\/www.glasfolie.nl\\\/wp-content\\\/uploads\\\/2023\\\/07\\\/AuroraWinter.jpg\",\"contentUrl\":\"https:\\\/\\\/www.glasfolie.nl\\\/wp-content\\\/uploads\\\/2023\\\/07\\\/AuroraWinter.jpg\",\"width\":2076,\"height\":845},{\"@type\":\"BreadcrumbList\",\"@id\":\"https:\\\/\\\/www.glasfolie.nl\\\/shop\\\/aurora-winter\\\/#breadcrumb\",\"itemListElement\":[{\"@type\":\"ListItem\",\"position\":1,\"name\":\"Home\",\"item\":\"https:\\\/\\\/www.glasfolie.nl\\\/\"},{\"@type\":\"ListItem\",\"position\":2,\"name\":\"Shop\",\"item\":\"https:\\\/\\\/www.glasfolie.nl\\\/shop\\\/\"},{\"@type\":\"ListItem\",\"position\":3,\"name\":\"Aurora Winter\"}]},{\"@type\":\"WebSite\",\"@id\":\"https:\\\/\\\/www.glasfolie.nl\\\/#website\",\"url\":\"https:\\\/\\\/www.glasfolie.nl\\\/\",\"name\":\"Glasfolie Suncontrol\",\"description\":\"Lost al uw problemen met glas op!\",\"potentialAction\":[{\"@type\":\"SearchAction\",\"target\":{\"@type\":\"EntryPoint\",\"urlTemplate\":\"https:\\\/\\\/www.glasfolie.nl\\\/?s={search_term_string}\"},\"query-input\":{\"@type\":\"PropertyValueSpecification\",\"valueRequired\":true,\"valueName\":\"search_term_string\"}}],\"inLanguage\":\"fr-FR\"}]}<\/script>\n<!-- \/ Yoast SEO Premium plugin. -->","yoast_head_json":{"title":"Aurora Winter - Glasfolie Suncontrol","description":"Met een dichroisch \"kameleon-effect\", verandert de folie AURORA van tint en kleur al naar gelang de zichthoek.","robots":{"index":"index","follow":"follow","max-snippet":"max-snippet:-1","max-image-preview":"max-image-preview:large","max-video-preview":"max-video-preview:-1"},"canonical":"https:\/\/www.glasfolie.nl\/fr\/shop\/aurora-winter\/","og_locale":"fr_FR","og_type":"article","og_title":"Aurora Winter","og_description":"Met een dichroisch \"kameleon-effect\", verandert de folie AURORA van tint en kleur al naar gelang de zichthoek.","og_url":"https:\/\/www.glasfolie.nl\/fr\/shop\/aurora-winter\/","og_site_name":"Glasfolie Suncontrol","article_modified_time":"2026-01-07T08:22:26+00:00","og_image":[{"width":2076,"height":845,"url":"https:\/\/www.glasfolie.nl\/wp-content\/uploads\/2023\/07\/AuroraWinter.jpg","type":"image\/jpeg"}],"twitter_card":"summary_large_image","twitter_misc":{"Dur\u00e9e de lecture estim\u00e9e":"1 minute"},"schema":{"@context":"https:\/\/schema.org","@graph":[{"@type":"WebPage","@id":"https:\/\/www.glasfolie.nl\/shop\/aurora-winter\/","url":"https:\/\/www.glasfolie.nl\/shop\/aurora-winter\/","name":"Aurora Winter - Glasfolie Suncontrol","isPartOf":{"@id":"https:\/\/www.glasfolie.nl\/#website"},"primaryImageOfPage":{"@id":"https:\/\/www.glasfolie.nl\/shop\/aurora-winter\/#primaryimage"},"image":{"@id":"https:\/\/www.glasfolie.nl\/shop\/aurora-winter\/#primaryimage"},"thumbnailUrl":"https:\/\/www.glasfolie.nl\/wp-content\/uploads\/2023\/07\/AuroraWinter.jpg","datePublished":"2021-12-01T13:01:03+00:00","dateModified":"2026-01-07T08:22:26+00:00","description":"Met een dichroisch \"kameleon-effect\", verandert de folie AURORA van tint en kleur al naar gelang de zichthoek.","breadcrumb":{"@id":"https:\/\/www.glasfolie.nl\/shop\/aurora-winter\/#breadcrumb"},"inLanguage":"fr-FR","potentialAction":[{"@type":"ReadAction","target":["https:\/\/www.glasfolie.nl\/shop\/aurora-winter\/"]}]},{"@type":"ImageObject","inLanguage":"fr-FR","@id":"https:\/\/www.glasfolie.nl\/shop\/aurora-winter\/#primaryimage","url":"https:\/\/www.glasfolie.nl\/wp-content\/uploads\/2023\/07\/AuroraWinter.jpg","contentUrl":"https:\/\/www.glasfolie.nl\/wp-content\/uploads\/2023\/07\/AuroraWinter.jpg","width":2076,"height":845},{"@type":"BreadcrumbList","@id":"https:\/\/www.glasfolie.nl\/shop\/aurora-winter\/#breadcrumb","itemListElement":[{"@type":"ListItem","position":1,"name":"Home","item":"https:\/\/www.glasfolie.nl\/"},{"@type":"ListItem","position":2,"name":"Shop","item":"https:\/\/www.glasfolie.nl\/shop\/"},{"@type":"ListItem","position":3,"name":"Aurora Winter"}]},{"@type":"WebSite","@id":"https:\/\/www.glasfolie.nl\/#website","url":"https:\/\/www.glasfolie.nl\/","name":"Film de verre Suncontrol","description":"R\u00e9sout tous vos probl\u00e8mes de verre !","potentialAction":[{"@type":"SearchAction","target":{"@type":"EntryPoint","urlTemplate":"https:\/\/www.glasfolie.nl\/?s={search_term_string}"},"query-input":{"@type":"PropertyValueSpecification","valueRequired":true,"valueName":"search_term_string"}}],"inLanguage":"fr-FR"}]}},"_links":{"self":[{"href":"https:\/\/www.glasfolie.nl\/fr\/wp-json\/wp\/v2\/product\/3982","targetHints":{"allow":["GET"]}}],"collection":[{"href":"https:\/\/www.glasfolie.nl\/fr\/wp-json\/wp\/v2\/product"}],"about":[{"href":"https:\/\/www.glasfolie.nl\/fr\/wp-json\/wp\/v2\/types\/product"}],"replies":[{"embeddable":true,"href":"https:\/\/www.glasfolie.nl\/fr\/wp-json\/wp\/v2\/comments?post=3982"}],"wp:featuredmedia":[{"embeddable":true,"href":"https:\/\/www.glasfolie.nl\/fr\/wp-json\/wp\/v2\/media\/3874"}],"wp:attachment":[{"href":"https:\/\/www.glasfolie.nl\/fr\/wp-json\/wp\/v2\/media?parent=3982"}],"wp:term":[{"taxonomy":"product_brand","embeddable":true,"href":"https:\/\/www.glasfolie.nl\/fr\/wp-json\/wp\/v2\/product_brand?post=3982"},{"taxonomy":"product_cat","embeddable":true,"href":"https:\/\/www.glasfolie.nl\/fr\/wp-json\/wp\/v2\/product_cat?post=3982"},{"taxonomy":"product_tag","embeddable":true,"href":"https:\/\/www.glasfolie.nl\/fr\/wp-json\/wp\/v2\/product_tag?post=3982"}],"curies":[{"name":"wp","href":"https:\/\/api.w.org\/{rel}","templated":true}]}}