{"id":3979,"date":"2021-12-01T13:36:52","date_gmt":"2021-12-01T12:36:52","guid":{"rendered":"http:\/\/85.10.154.84\/~controle\/shop\/aurora-summer\/"},"modified":"2026-01-07T09:22:58","modified_gmt":"2026-01-07T08:22:58","slug":"aurora-summer","status":"publish","type":"product","link":"https:\/\/www.glasfolie.nl\/fr\/shop\/aurora-summer\/","title":{"rendered":"Aurora Summer"},"content":{"rendered":"<p>1 x 136cm<\/p>\n<p>Avec un effet dichro\u00efque \"cam\u00e9l\u00e9on\", le film AURORA change de teinte et de couleur en fonction de l'angle d'incidence de la lumi\u00e8re naturelle. En exploitant au mieux la lumi\u00e8re du jour, AURORA donne vie \u00e0 vos fen\u00eatres et vitres.<\/p>","protected":false},"excerpt":{"rendered":"<p>1 x 136cm<\/p>\n<p>Avec un effet dichro\u00efque \"cam\u00e9l\u00e9on\", le film AURORA change de teinte et de couleur en fonction de l'angle d'incidence de la lumi\u00e8re naturelle. En exploitant au mieux la lumi\u00e8re du jour, AURORA donne vie \u00e0 vos fen\u00eatres et vitres.<\/p>","protected":false},"featured_media":3873,"comment_status":"closed","ping_status":"closed","template":"","meta":{"_acf_changed":false},"product_brand":[],"product_cat":[49],"product_tag":[],"class_list":{"0":"post-3979","1":"product","2":"type-product","3":"status-publish","4":"has-post-thumbnail","6":"product_cat-design-glasfolie","7":"pa_per-m-of-rol-m","8":"pa_per-m-of-rol-rol-30-5m","10":"first","11":"instock","12":"taxable","13":"shipping-taxable","14":"purchasable","15":"product-type-variable"},"acf":[],"gallery_images":[],"yoast_head":"<!-- This site is optimized with the Yoast SEO Premium plugin v22.6 (Yoast SEO v27.4) - https:\/\/yoast.com\/product\/yoast-seo-premium-wordpress\/ -->\n<title>Aurora Summer - Glasfolie Suncontrol<\/title>\n<meta name=\"description\" content=\"Met een dichroisch &quot;kameleon-effect&quot;, verandert de folie AURORA van tint en kleur al naar gelang de invalshoek van het natuurlijk licht.\" \/>\n<meta name=\"robots\" content=\"index, follow, max-snippet:-1, max-image-preview:large, max-video-preview:-1\" \/>\n<link rel=\"canonical\" href=\"https:\/\/www.glasfolie.nl\/fr\/shop\/aurora-summer\/\" \/>\n<meta property=\"og:locale\" content=\"fr_FR\" \/>\n<meta property=\"og:type\" content=\"article\" \/>\n<meta property=\"og:title\" content=\"Aurora Summer\" \/>\n<meta property=\"og:description\" content=\"Met een dichroisch &quot;kameleon-effect&quot;, verandert de folie AURORA van tint en kleur al naar gelang de invalshoek van het natuurlijk licht.\" \/>\n<meta property=\"og:url\" content=\"https:\/\/www.glasfolie.nl\/fr\/shop\/aurora-summer\/\" \/>\n<meta property=\"og:site_name\" content=\"Glasfolie Suncontrol\" \/>\n<meta property=\"article:modified_time\" content=\"2026-01-07T08:22:58+00:00\" \/>\n<meta property=\"og:image\" content=\"https:\/\/www.glasfolie.nl\/wp-content\/uploads\/2023\/07\/AuroraSummer.jpg\" \/>\n\t<meta property=\"og:image:width\" content=\"1600\" \/>\n\t<meta property=\"og:image:height\" content=\"652\" \/>\n\t<meta property=\"og:image:type\" content=\"image\/jpeg\" \/>\n<meta name=\"twitter:card\" content=\"summary_large_image\" \/>\n<meta name=\"twitter:label1\" content=\"Dur\u00e9e de lecture estim\u00e9e\" \/>\n\t<meta name=\"twitter:data1\" content=\"1 minute\" \/>\n<script type=\"application\/ld+json\" class=\"yoast-schema-graph\">{\"@context\":\"https:\\\/\\\/schema.org\",\"@graph\":[{\"@type\":\"WebPage\",\"@id\":\"https:\\\/\\\/www.glasfolie.nl\\\/shop\\\/aurora-summer\\\/\",\"url\":\"https:\\\/\\\/www.glasfolie.nl\\\/shop\\\/aurora-summer\\\/\",\"name\":\"Aurora Summer - Glasfolie Suncontrol\",\"isPartOf\":{\"@id\":\"https:\\\/\\\/www.glasfolie.nl\\\/#website\"},\"primaryImageOfPage\":{\"@id\":\"https:\\\/\\\/www.glasfolie.nl\\\/shop\\\/aurora-summer\\\/#primaryimage\"},\"image\":{\"@id\":\"https:\\\/\\\/www.glasfolie.nl\\\/shop\\\/aurora-summer\\\/#primaryimage\"},\"thumbnailUrl\":\"https:\\\/\\\/www.glasfolie.nl\\\/wp-content\\\/uploads\\\/2023\\\/07\\\/AuroraSummer.jpg\",\"datePublished\":\"2021-12-01T12:36:52+00:00\",\"dateModified\":\"2026-01-07T08:22:58+00:00\",\"description\":\"Met een dichroisch \\\"kameleon-effect\\\", verandert de folie AURORA van tint en kleur al naar gelang de invalshoek van het natuurlijk licht.\",\"breadcrumb\":{\"@id\":\"https:\\\/\\\/www.glasfolie.nl\\\/shop\\\/aurora-summer\\\/#breadcrumb\"},\"inLanguage\":\"fr-FR\",\"potentialAction\":[{\"@type\":\"ReadAction\",\"target\":[\"https:\\\/\\\/www.glasfolie.nl\\\/shop\\\/aurora-summer\\\/\"]}]},{\"@type\":\"ImageObject\",\"inLanguage\":\"fr-FR\",\"@id\":\"https:\\\/\\\/www.glasfolie.nl\\\/shop\\\/aurora-summer\\\/#primaryimage\",\"url\":\"https:\\\/\\\/www.glasfolie.nl\\\/wp-content\\\/uploads\\\/2023\\\/07\\\/AuroraSummer.jpg\",\"contentUrl\":\"https:\\\/\\\/www.glasfolie.nl\\\/wp-content\\\/uploads\\\/2023\\\/07\\\/AuroraSummer.jpg\",\"width\":1600,\"height\":652},{\"@type\":\"BreadcrumbList\",\"@id\":\"https:\\\/\\\/www.glasfolie.nl\\\/shop\\\/aurora-summer\\\/#breadcrumb\",\"itemListElement\":[{\"@type\":\"ListItem\",\"position\":1,\"name\":\"Home\",\"item\":\"https:\\\/\\\/www.glasfolie.nl\\\/\"},{\"@type\":\"ListItem\",\"position\":2,\"name\":\"Shop\",\"item\":\"https:\\\/\\\/www.glasfolie.nl\\\/shop\\\/\"},{\"@type\":\"ListItem\",\"position\":3,\"name\":\"Aurora Summer\"}]},{\"@type\":\"WebSite\",\"@id\":\"https:\\\/\\\/www.glasfolie.nl\\\/#website\",\"url\":\"https:\\\/\\\/www.glasfolie.nl\\\/\",\"name\":\"Glasfolie Suncontrol\",\"description\":\"Lost al uw problemen met glas op!\",\"potentialAction\":[{\"@type\":\"SearchAction\",\"target\":{\"@type\":\"EntryPoint\",\"urlTemplate\":\"https:\\\/\\\/www.glasfolie.nl\\\/?s={search_term_string}\"},\"query-input\":{\"@type\":\"PropertyValueSpecification\",\"valueRequired\":true,\"valueName\":\"search_term_string\"}}],\"inLanguage\":\"fr-FR\"}]}<\/script>\n<!-- \/ Yoast SEO Premium plugin. -->","yoast_head_json":{"title":"Aurora Summer - Glasfolie Suncontrol","description":"Met een dichroisch \"kameleon-effect\", verandert de folie AURORA van tint en kleur al naar gelang de invalshoek van het natuurlijk licht.","robots":{"index":"index","follow":"follow","max-snippet":"max-snippet:-1","max-image-preview":"max-image-preview:large","max-video-preview":"max-video-preview:-1"},"canonical":"https:\/\/www.glasfolie.nl\/fr\/shop\/aurora-summer\/","og_locale":"fr_FR","og_type":"article","og_title":"Aurora Summer","og_description":"Met een dichroisch \"kameleon-effect\", verandert de folie AURORA van tint en kleur al naar gelang de invalshoek van het natuurlijk licht.","og_url":"https:\/\/www.glasfolie.nl\/fr\/shop\/aurora-summer\/","og_site_name":"Glasfolie Suncontrol","article_modified_time":"2026-01-07T08:22:58+00:00","og_image":[{"width":1600,"height":652,"url":"https:\/\/www.glasfolie.nl\/wp-content\/uploads\/2023\/07\/AuroraSummer.jpg","type":"image\/jpeg"}],"twitter_card":"summary_large_image","twitter_misc":{"Dur\u00e9e de lecture estim\u00e9e":"1 minute"},"schema":{"@context":"https:\/\/schema.org","@graph":[{"@type":"WebPage","@id":"https:\/\/www.glasfolie.nl\/shop\/aurora-summer\/","url":"https:\/\/www.glasfolie.nl\/shop\/aurora-summer\/","name":"Aurora Summer - Glasfolie Suncontrol","isPartOf":{"@id":"https:\/\/www.glasfolie.nl\/#website"},"primaryImageOfPage":{"@id":"https:\/\/www.glasfolie.nl\/shop\/aurora-summer\/#primaryimage"},"image":{"@id":"https:\/\/www.glasfolie.nl\/shop\/aurora-summer\/#primaryimage"},"thumbnailUrl":"https:\/\/www.glasfolie.nl\/wp-content\/uploads\/2023\/07\/AuroraSummer.jpg","datePublished":"2021-12-01T12:36:52+00:00","dateModified":"2026-01-07T08:22:58+00:00","description":"Met een dichroisch \"kameleon-effect\", verandert de folie AURORA van tint en kleur al naar gelang de invalshoek van het natuurlijk licht.","breadcrumb":{"@id":"https:\/\/www.glasfolie.nl\/shop\/aurora-summer\/#breadcrumb"},"inLanguage":"fr-FR","potentialAction":[{"@type":"ReadAction","target":["https:\/\/www.glasfolie.nl\/shop\/aurora-summer\/"]}]},{"@type":"ImageObject","inLanguage":"fr-FR","@id":"https:\/\/www.glasfolie.nl\/shop\/aurora-summer\/#primaryimage","url":"https:\/\/www.glasfolie.nl\/wp-content\/uploads\/2023\/07\/AuroraSummer.jpg","contentUrl":"https:\/\/www.glasfolie.nl\/wp-content\/uploads\/2023\/07\/AuroraSummer.jpg","width":1600,"height":652},{"@type":"BreadcrumbList","@id":"https:\/\/www.glasfolie.nl\/shop\/aurora-summer\/#breadcrumb","itemListElement":[{"@type":"ListItem","position":1,"name":"Home","item":"https:\/\/www.glasfolie.nl\/"},{"@type":"ListItem","position":2,"name":"Shop","item":"https:\/\/www.glasfolie.nl\/shop\/"},{"@type":"ListItem","position":3,"name":"Aurora Summer"}]},{"@type":"WebSite","@id":"https:\/\/www.glasfolie.nl\/#website","url":"https:\/\/www.glasfolie.nl\/","name":"Film de verre Suncontrol","description":"R\u00e9sout tous vos probl\u00e8mes de verre !","potentialAction":[{"@type":"SearchAction","target":{"@type":"EntryPoint","urlTemplate":"https:\/\/www.glasfolie.nl\/?s={search_term_string}"},"query-input":{"@type":"PropertyValueSpecification","valueRequired":true,"valueName":"search_term_string"}}],"inLanguage":"fr-FR"}]}},"_links":{"self":[{"href":"https:\/\/www.glasfolie.nl\/fr\/wp-json\/wp\/v2\/product\/3979","targetHints":{"allow":["GET"]}}],"collection":[{"href":"https:\/\/www.glasfolie.nl\/fr\/wp-json\/wp\/v2\/product"}],"about":[{"href":"https:\/\/www.glasfolie.nl\/fr\/wp-json\/wp\/v2\/types\/product"}],"replies":[{"embeddable":true,"href":"https:\/\/www.glasfolie.nl\/fr\/wp-json\/wp\/v2\/comments?post=3979"}],"wp:featuredmedia":[{"embeddable":true,"href":"https:\/\/www.glasfolie.nl\/fr\/wp-json\/wp\/v2\/media\/3873"}],"wp:attachment":[{"href":"https:\/\/www.glasfolie.nl\/fr\/wp-json\/wp\/v2\/media?parent=3979"}],"wp:term":[{"taxonomy":"product_brand","embeddable":true,"href":"https:\/\/www.glasfolie.nl\/fr\/wp-json\/wp\/v2\/product_brand?post=3979"},{"taxonomy":"product_cat","embeddable":true,"href":"https:\/\/www.glasfolie.nl\/fr\/wp-json\/wp\/v2\/product_cat?post=3979"},{"taxonomy":"product_tag","embeddable":true,"href":"https:\/\/www.glasfolie.nl\/fr\/wp-json\/wp\/v2\/product_tag?post=3979"}],"curies":[{"name":"wp","href":"https:\/\/api.w.org\/{rel}","templated":true}]}}