{"id":2798,"date":"2017-04-11T08:50:43","date_gmt":"2017-04-11T07:50:43","guid":{"rendered":"http:\/\/85.10.154.84\/~controle\/shop\/europa\/"},"modified":"2026-01-07T09:32:31","modified_gmt":"2026-01-07T08:32:31","slug":"europa","status":"publish","type":"product","link":"https:\/\/www.glasfolie.nl\/fr\/shop\/europa\/","title":{"rendered":"L'Europe"},"content":{"rendered":"<p>1 x 152cm<\/p>\n<p><span data-sheets-value=\"{&quot;1&quot;:2,&quot;2&quot;:&quot;Europa is een decoratieve folie waarmee u ramen en raampartijen een eigen uitstraling kunt geven. Het bestaat uit een patroon van matte horizontale stroken van 44 mm die van elkaar worden gescheiden door doorzichtige stroken van 10 mm.&quot;}\" data-sheets-userformat=\"{&quot;2&quot;:2111744,&quot;11&quot;:0,&quot;14&quot;:{&quot;1&quot;:2,&quot;2&quot;:0},&quot;15&quot;:&quot;Calibri&quot;,&quot;16&quot;:11,&quot;24&quot;:{&quot;1&quot;:0,&quot;2&quot;:3,&quot;3&quot;:0,&quot;4&quot;:3}}\">Europa est un film d\u00e9coratif qui permet de donner aux fen\u00eatres et au fen\u00eatrage un aspect individuel. Il se compose d'un motif de bandes horizontales mates de 44 mm s\u00e9par\u00e9es par des bandes transparentes de 10 mm.<\/span><\/p>","protected":false},"excerpt":{"rendered":"<p>1 x 152cm<\/p>\n<p><span data-sheets-value=\"{&quot;1&quot;:2,&quot;2&quot;:&quot;Europa is een decoratieve folie waarmee u ramen en raampartijen een eigen uitstraling kunt geven. Het bestaat uit een patroon van matte horizontale stroken van 44 mm die van elkaar worden gescheiden door doorzichtige stroken van 10 mm.&quot;}\" data-sheets-userformat=\"{&quot;2&quot;:2111744,&quot;11&quot;:0,&quot;14&quot;:{&quot;1&quot;:2,&quot;2&quot;:0},&quot;15&quot;:&quot;Calibri&quot;,&quot;16&quot;:11,&quot;24&quot;:{&quot;1&quot;:0,&quot;2&quot;:3,&quot;3&quot;:0,&quot;4&quot;:3}}\">Europa est un film d\u00e9coratif qui permet de donner aux fen\u00eatres et au fen\u00eatrage un aspect individuel. Il se compose d'un motif de bandes horizontales mates de 44 mm s\u00e9par\u00e9es par des bandes transparentes de 10 mm.<\/span><\/p>","protected":false},"featured_media":2799,"comment_status":"closed","ping_status":"closed","template":"","meta":{"_acf_changed":false},"product_brand":[],"product_cat":[49],"product_tag":[],"class_list":{"0":"post-2798","1":"product","2":"type-product","3":"status-publish","4":"has-post-thumbnail","6":"product_cat-design-glasfolie","7":"pa_per-m-of-rol-m","8":"pa_per-m-of-rol-rol-30-5m","10":"first","11":"instock","12":"taxable","13":"shipping-taxable","14":"purchasable","15":"product-type-variable"},"acf":[],"gallery_images":[2800],"yoast_head":"<!-- This site is optimized with the Yoast SEO Premium plugin v22.6 (Yoast SEO v27.4) - https:\/\/yoast.com\/product\/yoast-seo-premium-wordpress\/ -->\n<title>Europa - Glasfolie Suncontrol<\/title>\n<meta name=\"description\" content=\"Europa is een decoratieve folie waarmee u ramen en raampartijen een eigen uitstraling kunt geven. Bekijk het patroon van de folie hier!\" \/>\n<meta name=\"robots\" content=\"index, follow, max-snippet:-1, max-image-preview:large, max-video-preview:-1\" \/>\n<link rel=\"canonical\" href=\"https:\/\/www.glasfolie.nl\/fr\/shop\/europa\/\" \/>\n<meta property=\"og:locale\" content=\"fr_FR\" \/>\n<meta property=\"og:type\" content=\"article\" \/>\n<meta property=\"og:title\" content=\"Europa\" \/>\n<meta property=\"og:description\" content=\"Europa is een decoratieve folie waarmee u ramen en raampartijen een eigen uitstraling kunt geven. Bekijk het patroon van de folie hier!\" \/>\n<meta property=\"og:url\" content=\"https:\/\/www.glasfolie.nl\/fr\/shop\/europa\/\" \/>\n<meta property=\"og:site_name\" content=\"Glasfolie Suncontrol\" \/>\n<meta property=\"article:modified_time\" content=\"2026-01-07T08:32:31+00:00\" \/>\n<meta property=\"og:image\" content=\"https:\/\/www.glasfolie.nl\/wp-content\/uploads\/2023\/07\/europa.1-1-1024x683.jpg\" \/>\n\t<meta property=\"og:image:width\" content=\"1024\" \/>\n\t<meta property=\"og:image:height\" content=\"683\" \/>\n\t<meta property=\"og:image:type\" content=\"image\/jpeg\" \/>\n<meta name=\"twitter:card\" content=\"summary_large_image\" \/>\n<meta name=\"twitter:label1\" content=\"Dur\u00e9e de lecture estim\u00e9e\" \/>\n\t<meta name=\"twitter:data1\" content=\"1 minute\" \/>\n<script type=\"application\/ld+json\" class=\"yoast-schema-graph\">{\"@context\":\"https:\\\/\\\/schema.org\",\"@graph\":[{\"@type\":\"WebPage\",\"@id\":\"https:\\\/\\\/www.glasfolie.nl\\\/shop\\\/europa\\\/\",\"url\":\"https:\\\/\\\/www.glasfolie.nl\\\/shop\\\/europa\\\/\",\"name\":\"Europa - Glasfolie Suncontrol\",\"isPartOf\":{\"@id\":\"https:\\\/\\\/www.glasfolie.nl\\\/#website\"},\"primaryImageOfPage\":{\"@id\":\"https:\\\/\\\/www.glasfolie.nl\\\/shop\\\/europa\\\/#primaryimage\"},\"image\":{\"@id\":\"https:\\\/\\\/www.glasfolie.nl\\\/shop\\\/europa\\\/#primaryimage\"},\"thumbnailUrl\":\"https:\\\/\\\/www.glasfolie.nl\\\/wp-content\\\/uploads\\\/2023\\\/07\\\/europa.1-1.jpg\",\"datePublished\":\"2017-04-11T07:50:43+00:00\",\"dateModified\":\"2026-01-07T08:32:31+00:00\",\"description\":\"Europa is een decoratieve folie waarmee u ramen en raampartijen een eigen uitstraling kunt geven. Bekijk het patroon van de folie hier!\",\"breadcrumb\":{\"@id\":\"https:\\\/\\\/www.glasfolie.nl\\\/shop\\\/europa\\\/#breadcrumb\"},\"inLanguage\":\"fr-FR\",\"potentialAction\":[{\"@type\":\"ReadAction\",\"target\":[\"https:\\\/\\\/www.glasfolie.nl\\\/shop\\\/europa\\\/\"]}]},{\"@type\":\"ImageObject\",\"inLanguage\":\"fr-FR\",\"@id\":\"https:\\\/\\\/www.glasfolie.nl\\\/shop\\\/europa\\\/#primaryimage\",\"url\":\"https:\\\/\\\/www.glasfolie.nl\\\/wp-content\\\/uploads\\\/2023\\\/07\\\/europa.1-1.jpg\",\"contentUrl\":\"https:\\\/\\\/www.glasfolie.nl\\\/wp-content\\\/uploads\\\/2023\\\/07\\\/europa.1-1.jpg\",\"width\":1500,\"height\":1001},{\"@type\":\"BreadcrumbList\",\"@id\":\"https:\\\/\\\/www.glasfolie.nl\\\/shop\\\/europa\\\/#breadcrumb\",\"itemListElement\":[{\"@type\":\"ListItem\",\"position\":1,\"name\":\"Home\",\"item\":\"https:\\\/\\\/www.glasfolie.nl\\\/\"},{\"@type\":\"ListItem\",\"position\":2,\"name\":\"Shop\",\"item\":\"https:\\\/\\\/www.glasfolie.nl\\\/shop\\\/\"},{\"@type\":\"ListItem\",\"position\":3,\"name\":\"Europa\"}]},{\"@type\":\"WebSite\",\"@id\":\"https:\\\/\\\/www.glasfolie.nl\\\/#website\",\"url\":\"https:\\\/\\\/www.glasfolie.nl\\\/\",\"name\":\"Glasfolie Suncontrol\",\"description\":\"Lost al uw problemen met glas op!\",\"potentialAction\":[{\"@type\":\"SearchAction\",\"target\":{\"@type\":\"EntryPoint\",\"urlTemplate\":\"https:\\\/\\\/www.glasfolie.nl\\\/?s={search_term_string}\"},\"query-input\":{\"@type\":\"PropertyValueSpecification\",\"valueRequired\":true,\"valueName\":\"search_term_string\"}}],\"inLanguage\":\"fr-FR\"}]}<\/script>\n<!-- \/ Yoast SEO Premium plugin. -->","yoast_head_json":{"title":"Europa - Glasfolie Suncontrol","description":"Europa is een decoratieve folie waarmee u ramen en raampartijen een eigen uitstraling kunt geven. Bekijk het patroon van de folie hier!","robots":{"index":"index","follow":"follow","max-snippet":"max-snippet:-1","max-image-preview":"max-image-preview:large","max-video-preview":"max-video-preview:-1"},"canonical":"https:\/\/www.glasfolie.nl\/fr\/shop\/europa\/","og_locale":"fr_FR","og_type":"article","og_title":"Europa","og_description":"Europa is een decoratieve folie waarmee u ramen en raampartijen een eigen uitstraling kunt geven. Bekijk het patroon van de folie hier!","og_url":"https:\/\/www.glasfolie.nl\/fr\/shop\/europa\/","og_site_name":"Glasfolie Suncontrol","article_modified_time":"2026-01-07T08:32:31+00:00","og_image":[{"width":1024,"height":683,"url":"https:\/\/www.glasfolie.nl\/wp-content\/uploads\/2023\/07\/europa.1-1-1024x683.jpg","type":"image\/jpeg"}],"twitter_card":"summary_large_image","twitter_misc":{"Dur\u00e9e de lecture estim\u00e9e":"1 minute"},"schema":{"@context":"https:\/\/schema.org","@graph":[{"@type":"WebPage","@id":"https:\/\/www.glasfolie.nl\/shop\/europa\/","url":"https:\/\/www.glasfolie.nl\/shop\/europa\/","name":"Europa - Glasfolie Suncontrol","isPartOf":{"@id":"https:\/\/www.glasfolie.nl\/#website"},"primaryImageOfPage":{"@id":"https:\/\/www.glasfolie.nl\/shop\/europa\/#primaryimage"},"image":{"@id":"https:\/\/www.glasfolie.nl\/shop\/europa\/#primaryimage"},"thumbnailUrl":"https:\/\/www.glasfolie.nl\/wp-content\/uploads\/2023\/07\/europa.1-1.jpg","datePublished":"2017-04-11T07:50:43+00:00","dateModified":"2026-01-07T08:32:31+00:00","description":"Europa is een decoratieve folie waarmee u ramen en raampartijen een eigen uitstraling kunt geven. Bekijk het patroon van de folie hier!","breadcrumb":{"@id":"https:\/\/www.glasfolie.nl\/shop\/europa\/#breadcrumb"},"inLanguage":"fr-FR","potentialAction":[{"@type":"ReadAction","target":["https:\/\/www.glasfolie.nl\/shop\/europa\/"]}]},{"@type":"ImageObject","inLanguage":"fr-FR","@id":"https:\/\/www.glasfolie.nl\/shop\/europa\/#primaryimage","url":"https:\/\/www.glasfolie.nl\/wp-content\/uploads\/2023\/07\/europa.1-1.jpg","contentUrl":"https:\/\/www.glasfolie.nl\/wp-content\/uploads\/2023\/07\/europa.1-1.jpg","width":1500,"height":1001},{"@type":"BreadcrumbList","@id":"https:\/\/www.glasfolie.nl\/shop\/europa\/#breadcrumb","itemListElement":[{"@type":"ListItem","position":1,"name":"Home","item":"https:\/\/www.glasfolie.nl\/"},{"@type":"ListItem","position":2,"name":"Shop","item":"https:\/\/www.glasfolie.nl\/shop\/"},{"@type":"ListItem","position":3,"name":"Europa"}]},{"@type":"WebSite","@id":"https:\/\/www.glasfolie.nl\/#website","url":"https:\/\/www.glasfolie.nl\/","name":"Film de verre Suncontrol","description":"R\u00e9sout tous vos probl\u00e8mes de verre !","potentialAction":[{"@type":"SearchAction","target":{"@type":"EntryPoint","urlTemplate":"https:\/\/www.glasfolie.nl\/?s={search_term_string}"},"query-input":{"@type":"PropertyValueSpecification","valueRequired":true,"valueName":"search_term_string"}}],"inLanguage":"fr-FR"}]}},"_links":{"self":[{"href":"https:\/\/www.glasfolie.nl\/fr\/wp-json\/wp\/v2\/product\/2798","targetHints":{"allow":["GET"]}}],"collection":[{"href":"https:\/\/www.glasfolie.nl\/fr\/wp-json\/wp\/v2\/product"}],"about":[{"href":"https:\/\/www.glasfolie.nl\/fr\/wp-json\/wp\/v2\/types\/product"}],"replies":[{"embeddable":true,"href":"https:\/\/www.glasfolie.nl\/fr\/wp-json\/wp\/v2\/comments?post=2798"}],"wp:featuredmedia":[{"embeddable":true,"href":"https:\/\/www.glasfolie.nl\/fr\/wp-json\/wp\/v2\/media\/2799"}],"wp:attachment":[{"href":"https:\/\/www.glasfolie.nl\/fr\/wp-json\/wp\/v2\/media?parent=2798"}],"wp:term":[{"taxonomy":"product_brand","embeddable":true,"href":"https:\/\/www.glasfolie.nl\/fr\/wp-json\/wp\/v2\/product_brand?post=2798"},{"taxonomy":"product_cat","embeddable":true,"href":"https:\/\/www.glasfolie.nl\/fr\/wp-json\/wp\/v2\/product_cat?post=2798"},{"taxonomy":"product_tag","embeddable":true,"href":"https:\/\/www.glasfolie.nl\/fr\/wp-json\/wp\/v2\/product_tag?post=2798"}],"curies":[{"name":"wp","href":"https:\/\/api.w.org\/{rel}","templated":true}]}}