{"id":2783,"date":"2017-04-11T08:15:11","date_gmt":"2017-04-11T07:15:11","guid":{"rendered":"http:\/\/85.10.154.84\/~controle\/shop\/stratos\/"},"modified":"2026-01-07T09:32:31","modified_gmt":"2026-01-07T08:32:31","slug":"stratos","status":"publish","type":"product","link":"https:\/\/www.glasfolie.nl\/fr\/shop\/stratos\/","title":{"rendered":"Stratos"},"content":{"rendered":"<p>1 x 152cm<\/p>\n<p><span data-sheets-value=\"{&quot;1&quot;:2,&quot;2&quot;:&quot;Stratos is een decoratieve folie waarmee u ramen en raampartijen een eigen uitstraling kunt geven. Het bestaat uit een patroon van matte horizontale stroken van 35 mm die van elkaar worden gescheiden door doorzichtige stroken van 10 mm.&quot;}\" data-sheets-userformat=\"{&quot;2&quot;:2111744,&quot;11&quot;:0,&quot;14&quot;:{&quot;1&quot;:2,&quot;2&quot;:0},&quot;15&quot;:&quot;Calibri&quot;,&quot;16&quot;:11,&quot;24&quot;:{&quot;1&quot;:0,&quot;2&quot;:3,&quot;3&quot;:0,&quot;4&quot;:3}}\">Stratos est un film d\u00e9coratif qui vous permet de donner aux fen\u00eatres et au fen\u00eatrage un aspect individuel. Il se compose d'un motif de bandes horizontales mates de 35 mm s\u00e9par\u00e9es par des bandes transparentes de 10 mm.<\/span><\/p>","protected":false},"excerpt":{"rendered":"<p>1 x 152cm<\/p>\n<p>Stratos est un film d\u00e9coratif qui vous permet de donner aux fen\u00eatres et au fen\u00eatrage un aspect individuel. Il se compose d'un motif de bandes horizontales mates de 35 mm s\u00e9par\u00e9es par des bandes transparentes de 10 mm.<\/p>","protected":false},"featured_media":2784,"comment_status":"closed","ping_status":"closed","template":"","meta":{"_acf_changed":false},"product_brand":[],"product_cat":[48,49],"product_tag":[],"class_list":{"0":"post-2783","1":"product","2":"type-product","3":"status-publish","4":"has-post-thumbnail","6":"product_cat-aanbevolen","7":"product_cat-design-glasfolie","8":"pa_per-m-of-rol-m","9":"pa_per-m-of-rol-rol-30-5m","11":"first","12":"instock","13":"taxable","14":"shipping-taxable","15":"purchasable","16":"product-type-variable"},"acf":[],"gallery_images":[],"yoast_head":"<!-- This site is optimized with the Yoast SEO Premium plugin v22.6 (Yoast SEO v27.4) - https:\/\/yoast.com\/product\/yoast-seo-premium-wordpress\/ -->\n<title>Stratos - Glasfolie Suncontrol<\/title>\n<meta name=\"description\" content=\"Stratos is een decoratieve folie waarmee u ramen en raampartijen een eigen uitstraling kunt geven. Bekijk het patroon van de Stratos folie\" \/>\n<meta name=\"robots\" content=\"index, follow, max-snippet:-1, max-image-preview:large, max-video-preview:-1\" \/>\n<link rel=\"canonical\" href=\"https:\/\/www.glasfolie.nl\/fr\/shop\/stratos\/\" \/>\n<meta property=\"og:locale\" content=\"fr_FR\" \/>\n<meta property=\"og:type\" content=\"article\" \/>\n<meta property=\"og:title\" content=\"Stratos\" \/>\n<meta property=\"og:description\" content=\"Stratos is een decoratieve folie waarmee u ramen en raampartijen een eigen uitstraling kunt geven. Bekijk het patroon van de Stratos folie\" \/>\n<meta property=\"og:url\" content=\"https:\/\/www.glasfolie.nl\/fr\/shop\/stratos\/\" \/>\n<meta property=\"og:site_name\" content=\"Glasfolie Suncontrol\" \/>\n<meta property=\"article:modified_time\" content=\"2026-01-07T08:32:31+00:00\" \/>\n<meta property=\"og:image\" content=\"https:\/\/www.glasfolie.nl\/wp-content\/uploads\/2023\/07\/stratos.1-1.jpg\" \/>\n\t<meta property=\"og:image:width\" content=\"1500\" \/>\n\t<meta property=\"og:image:height\" content=\"1000\" \/>\n\t<meta property=\"og:image:type\" content=\"image\/jpeg\" \/>\n<meta name=\"twitter:card\" content=\"summary_large_image\" \/>\n<meta name=\"twitter:label1\" content=\"Dur\u00e9e de lecture estim\u00e9e\" \/>\n\t<meta name=\"twitter:data1\" content=\"1 minute\" \/>\n<script type=\"application\/ld+json\" class=\"yoast-schema-graph\">{\"@context\":\"https:\\\/\\\/schema.org\",\"@graph\":[{\"@type\":\"WebPage\",\"@id\":\"https:\\\/\\\/www.glasfolie.nl\\\/shop\\\/stratos\\\/\",\"url\":\"https:\\\/\\\/www.glasfolie.nl\\\/shop\\\/stratos\\\/\",\"name\":\"Stratos - Glasfolie Suncontrol\",\"isPartOf\":{\"@id\":\"https:\\\/\\\/www.glasfolie.nl\\\/#website\"},\"primaryImageOfPage\":{\"@id\":\"https:\\\/\\\/www.glasfolie.nl\\\/shop\\\/stratos\\\/#primaryimage\"},\"image\":{\"@id\":\"https:\\\/\\\/www.glasfolie.nl\\\/shop\\\/stratos\\\/#primaryimage\"},\"thumbnailUrl\":\"https:\\\/\\\/www.glasfolie.nl\\\/wp-content\\\/uploads\\\/2023\\\/07\\\/stratos.1-1.jpg\",\"datePublished\":\"2017-04-11T07:15:11+00:00\",\"dateModified\":\"2026-01-07T08:32:31+00:00\",\"description\":\"Stratos is een decoratieve folie waarmee u ramen en raampartijen een eigen uitstraling kunt geven. Bekijk het patroon van de Stratos folie\",\"breadcrumb\":{\"@id\":\"https:\\\/\\\/www.glasfolie.nl\\\/shop\\\/stratos\\\/#breadcrumb\"},\"inLanguage\":\"fr-FR\",\"potentialAction\":[{\"@type\":\"ReadAction\",\"target\":[\"https:\\\/\\\/www.glasfolie.nl\\\/shop\\\/stratos\\\/\"]}]},{\"@type\":\"ImageObject\",\"inLanguage\":\"fr-FR\",\"@id\":\"https:\\\/\\\/www.glasfolie.nl\\\/shop\\\/stratos\\\/#primaryimage\",\"url\":\"https:\\\/\\\/www.glasfolie.nl\\\/wp-content\\\/uploads\\\/2023\\\/07\\\/stratos.1-1.jpg\",\"contentUrl\":\"https:\\\/\\\/www.glasfolie.nl\\\/wp-content\\\/uploads\\\/2023\\\/07\\\/stratos.1-1.jpg\",\"width\":1500,\"height\":1000},{\"@type\":\"BreadcrumbList\",\"@id\":\"https:\\\/\\\/www.glasfolie.nl\\\/shop\\\/stratos\\\/#breadcrumb\",\"itemListElement\":[{\"@type\":\"ListItem\",\"position\":1,\"name\":\"Home\",\"item\":\"https:\\\/\\\/www.glasfolie.nl\\\/\"},{\"@type\":\"ListItem\",\"position\":2,\"name\":\"Shop\",\"item\":\"https:\\\/\\\/www.glasfolie.nl\\\/shop\\\/\"},{\"@type\":\"ListItem\",\"position\":3,\"name\":\"Stratos\"}]},{\"@type\":\"WebSite\",\"@id\":\"https:\\\/\\\/www.glasfolie.nl\\\/#website\",\"url\":\"https:\\\/\\\/www.glasfolie.nl\\\/\",\"name\":\"Glasfolie Suncontrol\",\"description\":\"Lost al uw problemen met glas op!\",\"potentialAction\":[{\"@type\":\"SearchAction\",\"target\":{\"@type\":\"EntryPoint\",\"urlTemplate\":\"https:\\\/\\\/www.glasfolie.nl\\\/?s={search_term_string}\"},\"query-input\":{\"@type\":\"PropertyValueSpecification\",\"valueRequired\":true,\"valueName\":\"search_term_string\"}}],\"inLanguage\":\"fr-FR\"}]}<\/script>\n<!-- \/ Yoast SEO Premium plugin. -->","yoast_head_json":{"title":"Stratos - Glasfolie Suncontrol","description":"Stratos is een decoratieve folie waarmee u ramen en raampartijen een eigen uitstraling kunt geven. Bekijk het patroon van de Stratos folie","robots":{"index":"index","follow":"follow","max-snippet":"max-snippet:-1","max-image-preview":"max-image-preview:large","max-video-preview":"max-video-preview:-1"},"canonical":"https:\/\/www.glasfolie.nl\/fr\/shop\/stratos\/","og_locale":"fr_FR","og_type":"article","og_title":"Stratos","og_description":"Stratos is een decoratieve folie waarmee u ramen en raampartijen een eigen uitstraling kunt geven. Bekijk het patroon van de Stratos folie","og_url":"https:\/\/www.glasfolie.nl\/fr\/shop\/stratos\/","og_site_name":"Glasfolie Suncontrol","article_modified_time":"2026-01-07T08:32:31+00:00","og_image":[{"width":1500,"height":1000,"url":"https:\/\/www.glasfolie.nl\/wp-content\/uploads\/2023\/07\/stratos.1-1.jpg","type":"image\/jpeg"}],"twitter_card":"summary_large_image","twitter_misc":{"Dur\u00e9e de lecture estim\u00e9e":"1 minute"},"schema":{"@context":"https:\/\/schema.org","@graph":[{"@type":"WebPage","@id":"https:\/\/www.glasfolie.nl\/shop\/stratos\/","url":"https:\/\/www.glasfolie.nl\/shop\/stratos\/","name":"Stratos - Glasfolie Suncontrol","isPartOf":{"@id":"https:\/\/www.glasfolie.nl\/#website"},"primaryImageOfPage":{"@id":"https:\/\/www.glasfolie.nl\/shop\/stratos\/#primaryimage"},"image":{"@id":"https:\/\/www.glasfolie.nl\/shop\/stratos\/#primaryimage"},"thumbnailUrl":"https:\/\/www.glasfolie.nl\/wp-content\/uploads\/2023\/07\/stratos.1-1.jpg","datePublished":"2017-04-11T07:15:11+00:00","dateModified":"2026-01-07T08:32:31+00:00","description":"Stratos is een decoratieve folie waarmee u ramen en raampartijen een eigen uitstraling kunt geven. Bekijk het patroon van de Stratos folie","breadcrumb":{"@id":"https:\/\/www.glasfolie.nl\/shop\/stratos\/#breadcrumb"},"inLanguage":"fr-FR","potentialAction":[{"@type":"ReadAction","target":["https:\/\/www.glasfolie.nl\/shop\/stratos\/"]}]},{"@type":"ImageObject","inLanguage":"fr-FR","@id":"https:\/\/www.glasfolie.nl\/shop\/stratos\/#primaryimage","url":"https:\/\/www.glasfolie.nl\/wp-content\/uploads\/2023\/07\/stratos.1-1.jpg","contentUrl":"https:\/\/www.glasfolie.nl\/wp-content\/uploads\/2023\/07\/stratos.1-1.jpg","width":1500,"height":1000},{"@type":"BreadcrumbList","@id":"https:\/\/www.glasfolie.nl\/shop\/stratos\/#breadcrumb","itemListElement":[{"@type":"ListItem","position":1,"name":"Home","item":"https:\/\/www.glasfolie.nl\/"},{"@type":"ListItem","position":2,"name":"Shop","item":"https:\/\/www.glasfolie.nl\/shop\/"},{"@type":"ListItem","position":3,"name":"Stratos"}]},{"@type":"WebSite","@id":"https:\/\/www.glasfolie.nl\/#website","url":"https:\/\/www.glasfolie.nl\/","name":"Film de verre Suncontrol","description":"R\u00e9sout tous vos probl\u00e8mes de verre !","potentialAction":[{"@type":"SearchAction","target":{"@type":"EntryPoint","urlTemplate":"https:\/\/www.glasfolie.nl\/?s={search_term_string}"},"query-input":{"@type":"PropertyValueSpecification","valueRequired":true,"valueName":"search_term_string"}}],"inLanguage":"fr-FR"}]}},"_links":{"self":[{"href":"https:\/\/www.glasfolie.nl\/fr\/wp-json\/wp\/v2\/product\/2783","targetHints":{"allow":["GET"]}}],"collection":[{"href":"https:\/\/www.glasfolie.nl\/fr\/wp-json\/wp\/v2\/product"}],"about":[{"href":"https:\/\/www.glasfolie.nl\/fr\/wp-json\/wp\/v2\/types\/product"}],"replies":[{"embeddable":true,"href":"https:\/\/www.glasfolie.nl\/fr\/wp-json\/wp\/v2\/comments?post=2783"}],"wp:featuredmedia":[{"embeddable":true,"href":"https:\/\/www.glasfolie.nl\/fr\/wp-json\/wp\/v2\/media\/2784"}],"wp:attachment":[{"href":"https:\/\/www.glasfolie.nl\/fr\/wp-json\/wp\/v2\/media?parent=2783"}],"wp:term":[{"taxonomy":"product_brand","embeddable":true,"href":"https:\/\/www.glasfolie.nl\/fr\/wp-json\/wp\/v2\/product_brand?post=2783"},{"taxonomy":"product_cat","embeddable":true,"href":"https:\/\/www.glasfolie.nl\/fr\/wp-json\/wp\/v2\/product_cat?post=2783"},{"taxonomy":"product_tag","embeddable":true,"href":"https:\/\/www.glasfolie.nl\/fr\/wp-json\/wp\/v2\/product_tag?post=2783"}],"curies":[{"name":"wp","href":"https:\/\/api.w.org\/{rel}","templated":true}]}}