{"id":2756,"date":"2017-04-11T07:42:41","date_gmt":"2017-04-11T06:42:41","guid":{"rendered":"http:\/\/85.10.154.84\/~controle\/shop\/red-66\/"},"modified":"2026-01-07T09:32:31","modified_gmt":"2026-01-07T08:32:31","slug":"red-66","status":"publish","type":"product","link":"https:\/\/www.glasfolie.nl\/fr\/shop\/red-66\/","title":{"rendered":"Rouge 66"},"content":{"rendered":"<p>1 x 152cm<\/p>\n<p>Le film transparent Red 66 C permet de donner une teinte rouge au verre transparent tout en conservant sa transparence. C'est le moyen id\u00e9al pour donner un aspect color\u00e9 aux vitres int\u00e9rieures (cloisons, parois de douche, panneaux, etc.).<\/p>","protected":false},"excerpt":{"rendered":"<p>1 x 152cm<\/p>\n<p>Le film transparent Red 66 C permet de donner une teinte rouge au verre transparent tout en conservant sa transparence. C'est le moyen id\u00e9al pour donner un aspect color\u00e9 aux vitres int\u00e9rieures (cloisons, parois de douche, panneaux, etc.).<\/p>","protected":false},"featured_media":2757,"comment_status":"closed","ping_status":"closed","template":"","meta":{"_acf_changed":false},"product_brand":[],"product_cat":[49],"product_tag":[],"class_list":{"0":"post-2756","1":"product","2":"type-product","3":"status-publish","4":"has-post-thumbnail","6":"product_cat-design-glasfolie","7":"pa_per-m-of-rol-m","8":"pa_per-m-of-rol-rol-30-5m","10":"first","11":"instock","12":"taxable","13":"shipping-taxable","14":"purchasable","15":"product-type-variable"},"acf":[],"gallery_images":[],"yoast_head":"<!-- This site is optimized with the Yoast SEO Premium plugin v22.6 (Yoast SEO v27.4) - https:\/\/yoast.com\/product\/yoast-seo-premium-wordpress\/ -->\n<title>Red 66 - Glasfolie Suncontrol<\/title>\n<meta name=\"description\" content=\"Met de transparante Red 66 C-folie kunt u doorzichtig glas een rode tint geven en de doorzichtigheid volledig intact laten.\" \/>\n<meta name=\"robots\" content=\"index, follow, max-snippet:-1, max-image-preview:large, max-video-preview:-1\" \/>\n<link rel=\"canonical\" href=\"https:\/\/www.glasfolie.nl\/fr\/shop\/red-66\/\" \/>\n<meta property=\"og:locale\" content=\"fr_FR\" \/>\n<meta property=\"og:type\" content=\"article\" \/>\n<meta property=\"og:title\" content=\"Red 66\" \/>\n<meta property=\"og:description\" content=\"Met de transparante Red 66 C-folie kunt u doorzichtig glas een rode tint geven en de doorzichtigheid volledig intact laten.\" \/>\n<meta property=\"og:url\" content=\"https:\/\/www.glasfolie.nl\/fr\/shop\/red-66\/\" \/>\n<meta property=\"og:site_name\" content=\"Glasfolie Suncontrol\" \/>\n<meta property=\"article:modified_time\" content=\"2026-01-07T08:32:31+00:00\" \/>\n<meta property=\"og:image\" content=\"https:\/\/www.glasfolie.nl\/wp-content\/uploads\/2023\/07\/Red-66.1.jpg\" \/>\n\t<meta property=\"og:image:width\" content=\"496\" \/>\n\t<meta property=\"og:image:height\" content=\"202\" \/>\n\t<meta property=\"og:image:type\" content=\"image\/jpeg\" \/>\n<meta name=\"twitter:card\" content=\"summary_large_image\" \/>\n<meta name=\"twitter:label1\" content=\"Dur\u00e9e de lecture estim\u00e9e\" \/>\n\t<meta name=\"twitter:data1\" content=\"1 minute\" \/>\n<script type=\"application\/ld+json\" class=\"yoast-schema-graph\">{\"@context\":\"https:\\\/\\\/schema.org\",\"@graph\":[{\"@type\":\"WebPage\",\"@id\":\"https:\\\/\\\/www.glasfolie.nl\\\/shop\\\/red-66\\\/\",\"url\":\"https:\\\/\\\/www.glasfolie.nl\\\/shop\\\/red-66\\\/\",\"name\":\"Red 66 - Glasfolie Suncontrol\",\"isPartOf\":{\"@id\":\"https:\\\/\\\/www.glasfolie.nl\\\/#website\"},\"primaryImageOfPage\":{\"@id\":\"https:\\\/\\\/www.glasfolie.nl\\\/shop\\\/red-66\\\/#primaryimage\"},\"image\":{\"@id\":\"https:\\\/\\\/www.glasfolie.nl\\\/shop\\\/red-66\\\/#primaryimage\"},\"thumbnailUrl\":\"https:\\\/\\\/www.glasfolie.nl\\\/wp-content\\\/uploads\\\/2023\\\/07\\\/Red-66.1.jpg\",\"datePublished\":\"2017-04-11T06:42:41+00:00\",\"dateModified\":\"2026-01-07T08:32:31+00:00\",\"description\":\"Met de transparante Red 66 C-folie kunt u doorzichtig glas een rode tint geven en de doorzichtigheid volledig intact laten.\",\"breadcrumb\":{\"@id\":\"https:\\\/\\\/www.glasfolie.nl\\\/shop\\\/red-66\\\/#breadcrumb\"},\"inLanguage\":\"fr-FR\",\"potentialAction\":[{\"@type\":\"ReadAction\",\"target\":[\"https:\\\/\\\/www.glasfolie.nl\\\/shop\\\/red-66\\\/\"]}]},{\"@type\":\"ImageObject\",\"inLanguage\":\"fr-FR\",\"@id\":\"https:\\\/\\\/www.glasfolie.nl\\\/shop\\\/red-66\\\/#primaryimage\",\"url\":\"https:\\\/\\\/www.glasfolie.nl\\\/wp-content\\\/uploads\\\/2023\\\/07\\\/Red-66.1.jpg\",\"contentUrl\":\"https:\\\/\\\/www.glasfolie.nl\\\/wp-content\\\/uploads\\\/2023\\\/07\\\/Red-66.1.jpg\",\"width\":496,\"height\":202},{\"@type\":\"BreadcrumbList\",\"@id\":\"https:\\\/\\\/www.glasfolie.nl\\\/shop\\\/red-66\\\/#breadcrumb\",\"itemListElement\":[{\"@type\":\"ListItem\",\"position\":1,\"name\":\"Home\",\"item\":\"https:\\\/\\\/www.glasfolie.nl\\\/\"},{\"@type\":\"ListItem\",\"position\":2,\"name\":\"Shop\",\"item\":\"https:\\\/\\\/www.glasfolie.nl\\\/shop\\\/\"},{\"@type\":\"ListItem\",\"position\":3,\"name\":\"Red 66\"}]},{\"@type\":\"WebSite\",\"@id\":\"https:\\\/\\\/www.glasfolie.nl\\\/#website\",\"url\":\"https:\\\/\\\/www.glasfolie.nl\\\/\",\"name\":\"Glasfolie Suncontrol\",\"description\":\"Lost al uw problemen met glas op!\",\"potentialAction\":[{\"@type\":\"SearchAction\",\"target\":{\"@type\":\"EntryPoint\",\"urlTemplate\":\"https:\\\/\\\/www.glasfolie.nl\\\/?s={search_term_string}\"},\"query-input\":{\"@type\":\"PropertyValueSpecification\",\"valueRequired\":true,\"valueName\":\"search_term_string\"}}],\"inLanguage\":\"fr-FR\"}]}<\/script>\n<!-- \/ Yoast SEO Premium plugin. -->","yoast_head_json":{"title":"Red 66 - Glasfolie Suncontrol","description":"Met de transparante Red 66 C-folie kunt u doorzichtig glas een rode tint geven en de doorzichtigheid volledig intact laten.","robots":{"index":"index","follow":"follow","max-snippet":"max-snippet:-1","max-image-preview":"max-image-preview:large","max-video-preview":"max-video-preview:-1"},"canonical":"https:\/\/www.glasfolie.nl\/fr\/shop\/red-66\/","og_locale":"fr_FR","og_type":"article","og_title":"Red 66","og_description":"Met de transparante Red 66 C-folie kunt u doorzichtig glas een rode tint geven en de doorzichtigheid volledig intact laten.","og_url":"https:\/\/www.glasfolie.nl\/fr\/shop\/red-66\/","og_site_name":"Glasfolie Suncontrol","article_modified_time":"2026-01-07T08:32:31+00:00","og_image":[{"width":496,"height":202,"url":"https:\/\/www.glasfolie.nl\/wp-content\/uploads\/2023\/07\/Red-66.1.jpg","type":"image\/jpeg"}],"twitter_card":"summary_large_image","twitter_misc":{"Dur\u00e9e de lecture estim\u00e9e":"1 minute"},"schema":{"@context":"https:\/\/schema.org","@graph":[{"@type":"WebPage","@id":"https:\/\/www.glasfolie.nl\/shop\/red-66\/","url":"https:\/\/www.glasfolie.nl\/shop\/red-66\/","name":"Red 66 - Glasfolie Suncontrol","isPartOf":{"@id":"https:\/\/www.glasfolie.nl\/#website"},"primaryImageOfPage":{"@id":"https:\/\/www.glasfolie.nl\/shop\/red-66\/#primaryimage"},"image":{"@id":"https:\/\/www.glasfolie.nl\/shop\/red-66\/#primaryimage"},"thumbnailUrl":"https:\/\/www.glasfolie.nl\/wp-content\/uploads\/2023\/07\/Red-66.1.jpg","datePublished":"2017-04-11T06:42:41+00:00","dateModified":"2026-01-07T08:32:31+00:00","description":"Met de transparante Red 66 C-folie kunt u doorzichtig glas een rode tint geven en de doorzichtigheid volledig intact laten.","breadcrumb":{"@id":"https:\/\/www.glasfolie.nl\/shop\/red-66\/#breadcrumb"},"inLanguage":"fr-FR","potentialAction":[{"@type":"ReadAction","target":["https:\/\/www.glasfolie.nl\/shop\/red-66\/"]}]},{"@type":"ImageObject","inLanguage":"fr-FR","@id":"https:\/\/www.glasfolie.nl\/shop\/red-66\/#primaryimage","url":"https:\/\/www.glasfolie.nl\/wp-content\/uploads\/2023\/07\/Red-66.1.jpg","contentUrl":"https:\/\/www.glasfolie.nl\/wp-content\/uploads\/2023\/07\/Red-66.1.jpg","width":496,"height":202},{"@type":"BreadcrumbList","@id":"https:\/\/www.glasfolie.nl\/shop\/red-66\/#breadcrumb","itemListElement":[{"@type":"ListItem","position":1,"name":"Home","item":"https:\/\/www.glasfolie.nl\/"},{"@type":"ListItem","position":2,"name":"Shop","item":"https:\/\/www.glasfolie.nl\/shop\/"},{"@type":"ListItem","position":3,"name":"Red 66"}]},{"@type":"WebSite","@id":"https:\/\/www.glasfolie.nl\/#website","url":"https:\/\/www.glasfolie.nl\/","name":"Film de verre Suncontrol","description":"R\u00e9sout tous vos probl\u00e8mes de verre !","potentialAction":[{"@type":"SearchAction","target":{"@type":"EntryPoint","urlTemplate":"https:\/\/www.glasfolie.nl\/?s={search_term_string}"},"query-input":{"@type":"PropertyValueSpecification","valueRequired":true,"valueName":"search_term_string"}}],"inLanguage":"fr-FR"}]}},"_links":{"self":[{"href":"https:\/\/www.glasfolie.nl\/fr\/wp-json\/wp\/v2\/product\/2756","targetHints":{"allow":["GET"]}}],"collection":[{"href":"https:\/\/www.glasfolie.nl\/fr\/wp-json\/wp\/v2\/product"}],"about":[{"href":"https:\/\/www.glasfolie.nl\/fr\/wp-json\/wp\/v2\/types\/product"}],"replies":[{"embeddable":true,"href":"https:\/\/www.glasfolie.nl\/fr\/wp-json\/wp\/v2\/comments?post=2756"}],"wp:featuredmedia":[{"embeddable":true,"href":"https:\/\/www.glasfolie.nl\/fr\/wp-json\/wp\/v2\/media\/2757"}],"wp:attachment":[{"href":"https:\/\/www.glasfolie.nl\/fr\/wp-json\/wp\/v2\/media?parent=2756"}],"wp:term":[{"taxonomy":"product_brand","embeddable":true,"href":"https:\/\/www.glasfolie.nl\/fr\/wp-json\/wp\/v2\/product_brand?post=2756"},{"taxonomy":"product_cat","embeddable":true,"href":"https:\/\/www.glasfolie.nl\/fr\/wp-json\/wp\/v2\/product_cat?post=2756"},{"taxonomy":"product_tag","embeddable":true,"href":"https:\/\/www.glasfolie.nl\/fr\/wp-json\/wp\/v2\/product_tag?post=2756"}],"curies":[{"name":"wp","href":"https:\/\/api.w.org\/{rel}","templated":true}]}}