{"id":2540,"date":"2017-03-20T09:27:42","date_gmt":"2017-03-20T08:27:42","guid":{"rendered":"http:\/\/85.10.154.84\/~controle\/shop\/matt-grey\/"},"modified":"2026-01-07T09:02:09","modified_gmt":"2026-01-07T08:02:09","slug":"matt-grey","status":"publish","type":"product","link":"https:\/\/www.glasfolie.nl\/fr\/shop\/matt-grey\/","title":{"rendered":"Gris mat"},"content":{"rendered":"<p>1 x 152cm<\/p>\n<p>Le film gris mat garantit votre intimit\u00e9 en emp\u00eachant les gens de regarder \u00e0 l'int\u00e9rieur. Bien que le film ait un effet de verre laiteux, la p\u00e9n\u00e9tration de la lumi\u00e8re naturelle reste maximale, cr\u00e9ant une lumi\u00e8re ambiante subtile.<\/p>","protected":false},"excerpt":{"rendered":"<p>1 x 152cm<\/p>\n<p>Le film gris mat garantit votre intimit\u00e9 en emp\u00eachant les gens de regarder \u00e0 l'int\u00e9rieur. Bien que le film ait un effet de verre laiteux, la p\u00e9n\u00e9tration de la lumi\u00e8re naturelle reste maximale, cr\u00e9ant une lumi\u00e8re ambiante subtile.<\/p>","protected":false},"featured_media":2541,"comment_status":"closed","ping_status":"closed","template":"","meta":{"_acf_changed":false},"product_brand":[],"product_cat":[44,45],"product_tag":[],"class_list":{"0":"post-2540","1":"product","2":"type-product","3":"status-publish","4":"has-post-thumbnail","6":"product_cat-privacy-glasfolie","7":"product_cat-privacy-glasfolie-binnenkwaliteit","8":"pa_per-m-of-rol-m","9":"pa_per-m-of-rol-rol-30-5m","11":"first","12":"instock","13":"taxable","14":"shipping-taxable","15":"purchasable","16":"product-type-variable"},"acf":[],"gallery_images":[],"yoast_head":"<!-- This site is optimized with the Yoast SEO Premium plugin v22.6 (Yoast SEO v27.4) - https:\/\/yoast.com\/product\/yoast-seo-premium-wordpress\/ -->\n<title>Matt Grey - Glasfolie Suncontrol<\/title>\n<meta name=\"description\" content=\"De Matt Grey glasfolie van binnenkwaliteit heeft een maximale natuurlijke lichtinval waardoor er een subtiel omgevingslicht ontstaat.\" \/>\n<meta name=\"robots\" content=\"index, follow, max-snippet:-1, max-image-preview:large, max-video-preview:-1\" \/>\n<link rel=\"canonical\" href=\"https:\/\/www.glasfolie.nl\/fr\/shop\/matt-grey\/\" \/>\n<meta property=\"og:locale\" content=\"fr_FR\" \/>\n<meta property=\"og:type\" content=\"article\" \/>\n<meta property=\"og:title\" content=\"Matt Grey\" \/>\n<meta property=\"og:description\" content=\"De Matt Grey glasfolie van binnenkwaliteit heeft een maximale natuurlijke lichtinval waardoor er een subtiel omgevingslicht ontstaat.\" \/>\n<meta property=\"og:url\" content=\"https:\/\/www.glasfolie.nl\/fr\/shop\/matt-grey\/\" \/>\n<meta property=\"og:site_name\" content=\"Glasfolie Suncontrol\" \/>\n<meta property=\"article:modified_time\" content=\"2026-01-07T08:02:09+00:00\" \/>\n<meta property=\"og:image\" content=\"https:\/\/www.glasfolie.nl\/wp-content\/uploads\/2023\/07\/Matt-Grey.1.jpg\" \/>\n\t<meta property=\"og:image:width\" content=\"497\" \/>\n\t<meta property=\"og:image:height\" content=\"201\" \/>\n\t<meta property=\"og:image:type\" content=\"image\/jpeg\" \/>\n<meta name=\"twitter:card\" content=\"summary_large_image\" \/>\n<meta name=\"twitter:label1\" content=\"Dur\u00e9e de lecture estim\u00e9e\" \/>\n\t<meta name=\"twitter:data1\" content=\"1 minute\" \/>\n<script type=\"application\/ld+json\" class=\"yoast-schema-graph\">{\"@context\":\"https:\\\/\\\/schema.org\",\"@graph\":[{\"@type\":\"WebPage\",\"@id\":\"https:\\\/\\\/www.glasfolie.nl\\\/shop\\\/matt-grey\\\/\",\"url\":\"https:\\\/\\\/www.glasfolie.nl\\\/shop\\\/matt-grey\\\/\",\"name\":\"Matt Grey - Glasfolie Suncontrol\",\"isPartOf\":{\"@id\":\"https:\\\/\\\/www.glasfolie.nl\\\/#website\"},\"primaryImageOfPage\":{\"@id\":\"https:\\\/\\\/www.glasfolie.nl\\\/shop\\\/matt-grey\\\/#primaryimage\"},\"image\":{\"@id\":\"https:\\\/\\\/www.glasfolie.nl\\\/shop\\\/matt-grey\\\/#primaryimage\"},\"thumbnailUrl\":\"https:\\\/\\\/www.glasfolie.nl\\\/wp-content\\\/uploads\\\/2023\\\/07\\\/Matt-Grey.1.jpg\",\"datePublished\":\"2017-03-20T08:27:42+00:00\",\"dateModified\":\"2026-01-07T08:02:09+00:00\",\"description\":\"De Matt Grey glasfolie van binnenkwaliteit heeft een maximale natuurlijke lichtinval waardoor er een subtiel omgevingslicht ontstaat.\",\"breadcrumb\":{\"@id\":\"https:\\\/\\\/www.glasfolie.nl\\\/shop\\\/matt-grey\\\/#breadcrumb\"},\"inLanguage\":\"fr-FR\",\"potentialAction\":[{\"@type\":\"ReadAction\",\"target\":[\"https:\\\/\\\/www.glasfolie.nl\\\/shop\\\/matt-grey\\\/\"]}]},{\"@type\":\"ImageObject\",\"inLanguage\":\"fr-FR\",\"@id\":\"https:\\\/\\\/www.glasfolie.nl\\\/shop\\\/matt-grey\\\/#primaryimage\",\"url\":\"https:\\\/\\\/www.glasfolie.nl\\\/wp-content\\\/uploads\\\/2023\\\/07\\\/Matt-Grey.1.jpg\",\"contentUrl\":\"https:\\\/\\\/www.glasfolie.nl\\\/wp-content\\\/uploads\\\/2023\\\/07\\\/Matt-Grey.1.jpg\",\"width\":497,\"height\":201},{\"@type\":\"BreadcrumbList\",\"@id\":\"https:\\\/\\\/www.glasfolie.nl\\\/shop\\\/matt-grey\\\/#breadcrumb\",\"itemListElement\":[{\"@type\":\"ListItem\",\"position\":1,\"name\":\"Home\",\"item\":\"https:\\\/\\\/www.glasfolie.nl\\\/\"},{\"@type\":\"ListItem\",\"position\":2,\"name\":\"Shop\",\"item\":\"https:\\\/\\\/www.glasfolie.nl\\\/shop\\\/\"},{\"@type\":\"ListItem\",\"position\":3,\"name\":\"Matt Grey\"}]},{\"@type\":\"WebSite\",\"@id\":\"https:\\\/\\\/www.glasfolie.nl\\\/#website\",\"url\":\"https:\\\/\\\/www.glasfolie.nl\\\/\",\"name\":\"Glasfolie Suncontrol\",\"description\":\"Lost al uw problemen met glas op!\",\"potentialAction\":[{\"@type\":\"SearchAction\",\"target\":{\"@type\":\"EntryPoint\",\"urlTemplate\":\"https:\\\/\\\/www.glasfolie.nl\\\/?s={search_term_string}\"},\"query-input\":{\"@type\":\"PropertyValueSpecification\",\"valueRequired\":true,\"valueName\":\"search_term_string\"}}],\"inLanguage\":\"fr-FR\"}]}<\/script>\n<!-- \/ Yoast SEO Premium plugin. -->","yoast_head_json":{"title":"Matt Grey - Glasfolie Suncontrol","description":"De Matt Grey glasfolie van binnenkwaliteit heeft een maximale natuurlijke lichtinval waardoor er een subtiel omgevingslicht ontstaat.","robots":{"index":"index","follow":"follow","max-snippet":"max-snippet:-1","max-image-preview":"max-image-preview:large","max-video-preview":"max-video-preview:-1"},"canonical":"https:\/\/www.glasfolie.nl\/fr\/shop\/matt-grey\/","og_locale":"fr_FR","og_type":"article","og_title":"Matt Grey","og_description":"De Matt Grey glasfolie van binnenkwaliteit heeft een maximale natuurlijke lichtinval waardoor er een subtiel omgevingslicht ontstaat.","og_url":"https:\/\/www.glasfolie.nl\/fr\/shop\/matt-grey\/","og_site_name":"Glasfolie Suncontrol","article_modified_time":"2026-01-07T08:02:09+00:00","og_image":[{"width":497,"height":201,"url":"https:\/\/www.glasfolie.nl\/wp-content\/uploads\/2023\/07\/Matt-Grey.1.jpg","type":"image\/jpeg"}],"twitter_card":"summary_large_image","twitter_misc":{"Dur\u00e9e de lecture estim\u00e9e":"1 minute"},"schema":{"@context":"https:\/\/schema.org","@graph":[{"@type":"WebPage","@id":"https:\/\/www.glasfolie.nl\/shop\/matt-grey\/","url":"https:\/\/www.glasfolie.nl\/shop\/matt-grey\/","name":"Matt Grey - Glasfolie Suncontrol","isPartOf":{"@id":"https:\/\/www.glasfolie.nl\/#website"},"primaryImageOfPage":{"@id":"https:\/\/www.glasfolie.nl\/shop\/matt-grey\/#primaryimage"},"image":{"@id":"https:\/\/www.glasfolie.nl\/shop\/matt-grey\/#primaryimage"},"thumbnailUrl":"https:\/\/www.glasfolie.nl\/wp-content\/uploads\/2023\/07\/Matt-Grey.1.jpg","datePublished":"2017-03-20T08:27:42+00:00","dateModified":"2026-01-07T08:02:09+00:00","description":"De Matt Grey glasfolie van binnenkwaliteit heeft een maximale natuurlijke lichtinval waardoor er een subtiel omgevingslicht ontstaat.","breadcrumb":{"@id":"https:\/\/www.glasfolie.nl\/shop\/matt-grey\/#breadcrumb"},"inLanguage":"fr-FR","potentialAction":[{"@type":"ReadAction","target":["https:\/\/www.glasfolie.nl\/shop\/matt-grey\/"]}]},{"@type":"ImageObject","inLanguage":"fr-FR","@id":"https:\/\/www.glasfolie.nl\/shop\/matt-grey\/#primaryimage","url":"https:\/\/www.glasfolie.nl\/wp-content\/uploads\/2023\/07\/Matt-Grey.1.jpg","contentUrl":"https:\/\/www.glasfolie.nl\/wp-content\/uploads\/2023\/07\/Matt-Grey.1.jpg","width":497,"height":201},{"@type":"BreadcrumbList","@id":"https:\/\/www.glasfolie.nl\/shop\/matt-grey\/#breadcrumb","itemListElement":[{"@type":"ListItem","position":1,"name":"Home","item":"https:\/\/www.glasfolie.nl\/"},{"@type":"ListItem","position":2,"name":"Shop","item":"https:\/\/www.glasfolie.nl\/shop\/"},{"@type":"ListItem","position":3,"name":"Matt Grey"}]},{"@type":"WebSite","@id":"https:\/\/www.glasfolie.nl\/#website","url":"https:\/\/www.glasfolie.nl\/","name":"Film de verre Suncontrol","description":"R\u00e9sout tous vos probl\u00e8mes de verre !","potentialAction":[{"@type":"SearchAction","target":{"@type":"EntryPoint","urlTemplate":"https:\/\/www.glasfolie.nl\/?s={search_term_string}"},"query-input":{"@type":"PropertyValueSpecification","valueRequired":true,"valueName":"search_term_string"}}],"inLanguage":"fr-FR"}]}},"_links":{"self":[{"href":"https:\/\/www.glasfolie.nl\/fr\/wp-json\/wp\/v2\/product\/2540","targetHints":{"allow":["GET"]}}],"collection":[{"href":"https:\/\/www.glasfolie.nl\/fr\/wp-json\/wp\/v2\/product"}],"about":[{"href":"https:\/\/www.glasfolie.nl\/fr\/wp-json\/wp\/v2\/types\/product"}],"replies":[{"embeddable":true,"href":"https:\/\/www.glasfolie.nl\/fr\/wp-json\/wp\/v2\/comments?post=2540"}],"wp:featuredmedia":[{"embeddable":true,"href":"https:\/\/www.glasfolie.nl\/fr\/wp-json\/wp\/v2\/media\/2541"}],"wp:attachment":[{"href":"https:\/\/www.glasfolie.nl\/fr\/wp-json\/wp\/v2\/media?parent=2540"}],"wp:term":[{"taxonomy":"product_brand","embeddable":true,"href":"https:\/\/www.glasfolie.nl\/fr\/wp-json\/wp\/v2\/product_brand?post=2540"},{"taxonomy":"product_cat","embeddable":true,"href":"https:\/\/www.glasfolie.nl\/fr\/wp-json\/wp\/v2\/product_cat?post=2540"},{"taxonomy":"product_tag","embeddable":true,"href":"https:\/\/www.glasfolie.nl\/fr\/wp-json\/wp\/v2\/product_tag?post=2540"}],"curies":[{"name":"wp","href":"https:\/\/api.w.org\/{rel}","templated":true}]}}