{"id":2382,"date":"2017-03-08T08:59:05","date_gmt":"2017-03-08T07:59:05","guid":{"rendered":"http:\/\/85.10.154.84\/~controle\/shop\/amber\/"},"modified":"2026-01-07T09:42:33","modified_gmt":"2026-01-07T08:42:33","slug":"amber","status":"publish","type":"product","link":"https:\/\/www.glasfolie.nl\/fr\/shop\/amber\/","title":{"rendered":"Ambre"},"content":{"rendered":"<p>1 x 152cm<\/p>\n<p>Type de film orange\/ambre frappant. &nbsp;<\/p>\n<p>Gr\u00e2ce \u00e0 sa composition sp\u00e9ciale, ce film pour verre UV-Block emp\u00eache les rayons ultraviolets dans une gamme de nm tr\u00e8s \u00e9lev\u00e9e. Il est donc particuli\u00e8rement adapt\u00e9 aux laboratoires. &nbsp;<\/p>\n<p>Convient en principe \u00e0 tout type de verre ext\u00e9rieur vertical simple et double transparent. Pour les murs int\u00e9rieurs, convient \u00e0 tout type de verre.<\/p>","protected":false},"excerpt":{"rendered":"<p>1 x 152cm<\/p>\n<p>Type de film orange\/ambre frappant. &nbsp;<\/p>\n<p>Convient en principe \u00e0 tout type de verre ext\u00e9rieur vertical simple et double transparent. Pour les murs int\u00e9rieurs, convient \u00e0 tout type de verre.<\/p>","protected":false},"featured_media":2383,"comment_status":"closed","ping_status":"closed","template":"","meta":{"_acf_changed":false},"product_brand":[],"product_cat":[40],"product_tag":[],"class_list":{"0":"post-2382","1":"product","2":"type-product","3":"status-publish","4":"has-post-thumbnail","6":"product_cat-uv-werende-glasfolie","7":"pa_per-m-of-rol-m","8":"pa_per-m-of-rol-rol-30-5m","10":"first","11":"instock","12":"taxable","13":"shipping-taxable","14":"purchasable","15":"product-type-variable"},"acf":[],"gallery_images":[],"yoast_head":"<!-- This site is optimized with the Yoast SEO Premium plugin v22.6 (Yoast SEO v27.4) - https:\/\/yoast.com\/product\/yoast-seo-premium-wordpress\/ -->\n<title>Amber - Glasfolie Suncontrol<\/title>\n<meta name=\"description\" content=\"Amber UV werende glasfilie is een opvallende oranje\/amber-kleurige filmsoort. De folie verhindert ultraviolette straling in een extra hoog nm.\" \/>\n<meta name=\"robots\" content=\"index, follow, max-snippet:-1, max-image-preview:large, max-video-preview:-1\" \/>\n<link rel=\"canonical\" href=\"https:\/\/www.glasfolie.nl\/fr\/shop\/amber\/\" \/>\n<meta property=\"og:locale\" content=\"fr_FR\" \/>\n<meta property=\"og:type\" content=\"article\" \/>\n<meta property=\"og:title\" content=\"Amber\" \/>\n<meta property=\"og:description\" content=\"Amber UV werende glasfilie is een opvallende oranje\/amber-kleurige filmsoort. De folie verhindert ultraviolette straling in een extra hoog nm.\" \/>\n<meta property=\"og:url\" content=\"https:\/\/www.glasfolie.nl\/fr\/shop\/amber\/\" \/>\n<meta property=\"og:site_name\" content=\"Glasfolie Suncontrol\" \/>\n<meta property=\"article:modified_time\" content=\"2026-01-07T08:42:33+00:00\" \/>\n<meta property=\"og:image\" content=\"https:\/\/www.glasfolie.nl\/wp-content\/uploads\/2023\/07\/AMBER.jpg\" \/>\n\t<meta property=\"og:image:width\" content=\"498\" \/>\n\t<meta property=\"og:image:height\" content=\"203\" \/>\n\t<meta property=\"og:image:type\" content=\"image\/jpeg\" \/>\n<meta name=\"twitter:card\" content=\"summary_large_image\" \/>\n<meta name=\"twitter:label1\" content=\"Dur\u00e9e de lecture estim\u00e9e\" \/>\n\t<meta name=\"twitter:data1\" content=\"1 minute\" \/>\n<script type=\"application\/ld+json\" class=\"yoast-schema-graph\">{\"@context\":\"https:\\\/\\\/schema.org\",\"@graph\":[{\"@type\":\"WebPage\",\"@id\":\"https:\\\/\\\/www.glasfolie.nl\\\/shop\\\/amber\\\/\",\"url\":\"https:\\\/\\\/www.glasfolie.nl\\\/shop\\\/amber\\\/\",\"name\":\"Amber - Glasfolie Suncontrol\",\"isPartOf\":{\"@id\":\"https:\\\/\\\/www.glasfolie.nl\\\/#website\"},\"primaryImageOfPage\":{\"@id\":\"https:\\\/\\\/www.glasfolie.nl\\\/shop\\\/amber\\\/#primaryimage\"},\"image\":{\"@id\":\"https:\\\/\\\/www.glasfolie.nl\\\/shop\\\/amber\\\/#primaryimage\"},\"thumbnailUrl\":\"https:\\\/\\\/www.glasfolie.nl\\\/wp-content\\\/uploads\\\/2023\\\/07\\\/AMBER.jpg\",\"datePublished\":\"2017-03-08T07:59:05+00:00\",\"dateModified\":\"2026-01-07T08:42:33+00:00\",\"description\":\"Amber UV werende glasfilie is een opvallende oranje\\\/amber-kleurige filmsoort. De folie verhindert ultraviolette straling in een extra hoog nm.\",\"breadcrumb\":{\"@id\":\"https:\\\/\\\/www.glasfolie.nl\\\/shop\\\/amber\\\/#breadcrumb\"},\"inLanguage\":\"fr-FR\",\"potentialAction\":[{\"@type\":\"ReadAction\",\"target\":[\"https:\\\/\\\/www.glasfolie.nl\\\/shop\\\/amber\\\/\"]}]},{\"@type\":\"ImageObject\",\"inLanguage\":\"fr-FR\",\"@id\":\"https:\\\/\\\/www.glasfolie.nl\\\/shop\\\/amber\\\/#primaryimage\",\"url\":\"https:\\\/\\\/www.glasfolie.nl\\\/wp-content\\\/uploads\\\/2023\\\/07\\\/AMBER.jpg\",\"contentUrl\":\"https:\\\/\\\/www.glasfolie.nl\\\/wp-content\\\/uploads\\\/2023\\\/07\\\/AMBER.jpg\",\"width\":498,\"height\":203},{\"@type\":\"BreadcrumbList\",\"@id\":\"https:\\\/\\\/www.glasfolie.nl\\\/shop\\\/amber\\\/#breadcrumb\",\"itemListElement\":[{\"@type\":\"ListItem\",\"position\":1,\"name\":\"Home\",\"item\":\"https:\\\/\\\/www.glasfolie.nl\\\/\"},{\"@type\":\"ListItem\",\"position\":2,\"name\":\"Shop\",\"item\":\"https:\\\/\\\/www.glasfolie.nl\\\/shop\\\/\"},{\"@type\":\"ListItem\",\"position\":3,\"name\":\"Amber\"}]},{\"@type\":\"WebSite\",\"@id\":\"https:\\\/\\\/www.glasfolie.nl\\\/#website\",\"url\":\"https:\\\/\\\/www.glasfolie.nl\\\/\",\"name\":\"Glasfolie Suncontrol\",\"description\":\"Lost al uw problemen met glas op!\",\"potentialAction\":[{\"@type\":\"SearchAction\",\"target\":{\"@type\":\"EntryPoint\",\"urlTemplate\":\"https:\\\/\\\/www.glasfolie.nl\\\/?s={search_term_string}\"},\"query-input\":{\"@type\":\"PropertyValueSpecification\",\"valueRequired\":true,\"valueName\":\"search_term_string\"}}],\"inLanguage\":\"fr-FR\"}]}<\/script>\n<!-- \/ Yoast SEO Premium plugin. -->","yoast_head_json":{"title":"Amber - Glasfolie Suncontrol","description":"Amber UV werende glasfilie is een opvallende oranje\/amber-kleurige filmsoort. De folie verhindert ultraviolette straling in een extra hoog nm.","robots":{"index":"index","follow":"follow","max-snippet":"max-snippet:-1","max-image-preview":"max-image-preview:large","max-video-preview":"max-video-preview:-1"},"canonical":"https:\/\/www.glasfolie.nl\/fr\/shop\/amber\/","og_locale":"fr_FR","og_type":"article","og_title":"Amber","og_description":"Amber UV werende glasfilie is een opvallende oranje\/amber-kleurige filmsoort. De folie verhindert ultraviolette straling in een extra hoog nm.","og_url":"https:\/\/www.glasfolie.nl\/fr\/shop\/amber\/","og_site_name":"Glasfolie Suncontrol","article_modified_time":"2026-01-07T08:42:33+00:00","og_image":[{"width":498,"height":203,"url":"https:\/\/www.glasfolie.nl\/wp-content\/uploads\/2023\/07\/AMBER.jpg","type":"image\/jpeg"}],"twitter_card":"summary_large_image","twitter_misc":{"Dur\u00e9e de lecture estim\u00e9e":"1 minute"},"schema":{"@context":"https:\/\/schema.org","@graph":[{"@type":"WebPage","@id":"https:\/\/www.glasfolie.nl\/shop\/amber\/","url":"https:\/\/www.glasfolie.nl\/shop\/amber\/","name":"Amber - Glasfolie Suncontrol","isPartOf":{"@id":"https:\/\/www.glasfolie.nl\/#website"},"primaryImageOfPage":{"@id":"https:\/\/www.glasfolie.nl\/shop\/amber\/#primaryimage"},"image":{"@id":"https:\/\/www.glasfolie.nl\/shop\/amber\/#primaryimage"},"thumbnailUrl":"https:\/\/www.glasfolie.nl\/wp-content\/uploads\/2023\/07\/AMBER.jpg","datePublished":"2017-03-08T07:59:05+00:00","dateModified":"2026-01-07T08:42:33+00:00","description":"Amber UV werende glasfilie is een opvallende oranje\/amber-kleurige filmsoort. De folie verhindert ultraviolette straling in een extra hoog nm.","breadcrumb":{"@id":"https:\/\/www.glasfolie.nl\/shop\/amber\/#breadcrumb"},"inLanguage":"fr-FR","potentialAction":[{"@type":"ReadAction","target":["https:\/\/www.glasfolie.nl\/shop\/amber\/"]}]},{"@type":"ImageObject","inLanguage":"fr-FR","@id":"https:\/\/www.glasfolie.nl\/shop\/amber\/#primaryimage","url":"https:\/\/www.glasfolie.nl\/wp-content\/uploads\/2023\/07\/AMBER.jpg","contentUrl":"https:\/\/www.glasfolie.nl\/wp-content\/uploads\/2023\/07\/AMBER.jpg","width":498,"height":203},{"@type":"BreadcrumbList","@id":"https:\/\/www.glasfolie.nl\/shop\/amber\/#breadcrumb","itemListElement":[{"@type":"ListItem","position":1,"name":"Home","item":"https:\/\/www.glasfolie.nl\/"},{"@type":"ListItem","position":2,"name":"Shop","item":"https:\/\/www.glasfolie.nl\/shop\/"},{"@type":"ListItem","position":3,"name":"Amber"}]},{"@type":"WebSite","@id":"https:\/\/www.glasfolie.nl\/#website","url":"https:\/\/www.glasfolie.nl\/","name":"Film de verre Suncontrol","description":"R\u00e9sout tous vos probl\u00e8mes de verre !","potentialAction":[{"@type":"SearchAction","target":{"@type":"EntryPoint","urlTemplate":"https:\/\/www.glasfolie.nl\/?s={search_term_string}"},"query-input":{"@type":"PropertyValueSpecification","valueRequired":true,"valueName":"search_term_string"}}],"inLanguage":"fr-FR"}]}},"_links":{"self":[{"href":"https:\/\/www.glasfolie.nl\/fr\/wp-json\/wp\/v2\/product\/2382","targetHints":{"allow":["GET"]}}],"collection":[{"href":"https:\/\/www.glasfolie.nl\/fr\/wp-json\/wp\/v2\/product"}],"about":[{"href":"https:\/\/www.glasfolie.nl\/fr\/wp-json\/wp\/v2\/types\/product"}],"replies":[{"embeddable":true,"href":"https:\/\/www.glasfolie.nl\/fr\/wp-json\/wp\/v2\/comments?post=2382"}],"wp:featuredmedia":[{"embeddable":true,"href":"https:\/\/www.glasfolie.nl\/fr\/wp-json\/wp\/v2\/media\/2383"}],"wp:attachment":[{"href":"https:\/\/www.glasfolie.nl\/fr\/wp-json\/wp\/v2\/media?parent=2382"}],"wp:term":[{"taxonomy":"product_brand","embeddable":true,"href":"https:\/\/www.glasfolie.nl\/fr\/wp-json\/wp\/v2\/product_brand?post=2382"},{"taxonomy":"product_cat","embeddable":true,"href":"https:\/\/www.glasfolie.nl\/fr\/wp-json\/wp\/v2\/product_cat?post=2382"},{"taxonomy":"product_tag","embeddable":true,"href":"https:\/\/www.glasfolie.nl\/fr\/wp-json\/wp\/v2\/product_tag?post=2382"}],"curies":[{"name":"wp","href":"https:\/\/api.w.org\/{rel}","templated":true}]}}