{"id":17129,"date":"2025-11-13T11:19:24","date_gmt":"2025-11-13T10:19:24","guid":{"rendered":"https:\/\/www.glasfolie.nl\/?post_type=product&#038;p=17129"},"modified":"2026-01-07T09:21:35","modified_gmt":"2026-01-07T08:21:35","slug":"vogue","status":"publish","type":"product","link":"https:\/\/www.glasfolie.nl\/fr\/shop\/vogue\/","title":{"rendered":"Vogue"},"content":{"rendered":"<p>Le film d\u00e9coratif Vogue se compose d'un motif qui se r\u00e9p\u00e8te syst\u00e9matiquement et qui personnalise vos fen\u00eatres et surfaces vitr\u00e9es.<br \/>\nL'utilisation de formes g\u00e9om\u00e9triques sur vos vitrages ou vos cloisons vitr\u00e9es est un excellent moyen d'\u00e9gayer un espace.<br \/>\nDans ce cas, le design imite le verre stri\u00e9.<\/p>\n<p>1 x 152cm<\/p>","protected":false},"excerpt":{"rendered":"<p>Le film d\u00e9coratif Vogue se compose d'un motif qui se r\u00e9p\u00e8te syst\u00e9matiquement et qui personnalise vos fen\u00eatres et surfaces vitr\u00e9es.<br \/>\nL'utilisation de formes g\u00e9om\u00e9triques sur vos vitrages ou vos cloisons vitr\u00e9es est un excellent moyen d'\u00e9gayer un espace.<br \/>\nDans ce cas, le design imite le verre stri\u00e9.<\/p>\n<p>1 x 152cm<\/p>","protected":false},"featured_media":17132,"comment_status":"closed","ping_status":"closed","template":"","meta":{"_acf_changed":false},"product_brand":[],"product_cat":[49],"product_tag":[],"class_list":{"0":"post-17129","1":"product","2":"type-product","3":"status-publish","4":"has-post-thumbnail","6":"product_cat-design-glasfolie","7":"pa_per-m-of-rol-m","8":"pa_per-m-of-rol-rol-30-5m","10":"first","11":"instock","12":"taxable","13":"shipping-taxable","14":"purchasable","15":"product-type-variable"},"acf":[],"gallery_images":[],"yoast_head":"<!-- This site is optimized with the Yoast SEO Premium plugin v22.6 (Yoast SEO v27.3) - https:\/\/yoast.com\/product\/yoast-seo-premium-wordpress\/ -->\n<title>Vogue - Glasfolie Suncontrol<\/title>\n<meta name=\"description\" content=\"De Vogue decoratieve folie bestaat uit een systematisch herhalend patroon dat je ramen en glazen oppervlakken op maat maakt.\" \/>\n<meta name=\"robots\" content=\"index, follow, max-snippet:-1, max-image-preview:large, max-video-preview:-1\" \/>\n<link rel=\"canonical\" href=\"https:\/\/www.glasfolie.nl\/fr\/shop\/vogue\/\" \/>\n<meta property=\"og:locale\" content=\"fr_FR\" \/>\n<meta property=\"og:type\" content=\"article\" \/>\n<meta property=\"og:title\" content=\"Vogue\" \/>\n<meta property=\"og:description\" content=\"De Vogue decoratieve folie bestaat uit een systematisch herhalend patroon dat je ramen en glazen oppervlakken op maat maakt.\" \/>\n<meta property=\"og:url\" content=\"https:\/\/www.glasfolie.nl\/fr\/shop\/vogue\/\" \/>\n<meta property=\"og:site_name\" content=\"Glasfolie Suncontrol\" \/>\n<meta property=\"article:modified_time\" content=\"2026-01-07T08:21:35+00:00\" \/>\n<meta property=\"og:image\" content=\"https:\/\/www.glasfolie.nl\/wp-content\/uploads\/2025\/11\/Vogue-scaled.jpeg\" \/>\n\t<meta property=\"og:image:width\" content=\"2560\" \/>\n\t<meta property=\"og:image:height\" content=\"1408\" \/>\n\t<meta property=\"og:image:type\" content=\"image\/jpeg\" \/>\n<meta name=\"twitter:card\" content=\"summary_large_image\" \/>\n<meta name=\"twitter:label1\" content=\"Dur\u00e9e de lecture estim\u00e9e\" \/>\n\t<meta name=\"twitter:data1\" content=\"1 minute\" \/>\n<script type=\"application\/ld+json\" class=\"yoast-schema-graph\">{\"@context\":\"https:\\\/\\\/schema.org\",\"@graph\":[{\"@type\":\"WebPage\",\"@id\":\"https:\\\/\\\/www.glasfolie.nl\\\/shop\\\/vogue\\\/\",\"url\":\"https:\\\/\\\/www.glasfolie.nl\\\/shop\\\/vogue\\\/\",\"name\":\"Vogue - Glasfolie Suncontrol\",\"isPartOf\":{\"@id\":\"https:\\\/\\\/www.glasfolie.nl\\\/#website\"},\"primaryImageOfPage\":{\"@id\":\"https:\\\/\\\/www.glasfolie.nl\\\/shop\\\/vogue\\\/#primaryimage\"},\"image\":{\"@id\":\"https:\\\/\\\/www.glasfolie.nl\\\/shop\\\/vogue\\\/#primaryimage\"},\"thumbnailUrl\":\"https:\\\/\\\/www.glasfolie.nl\\\/wp-content\\\/uploads\\\/2025\\\/11\\\/Vogue-scaled.jpeg\",\"datePublished\":\"2025-11-13T10:19:24+00:00\",\"dateModified\":\"2026-01-07T08:21:35+00:00\",\"description\":\"De Vogue decoratieve folie bestaat uit een systematisch herhalend patroon dat je ramen en glazen oppervlakken op maat maakt.\",\"breadcrumb\":{\"@id\":\"https:\\\/\\\/www.glasfolie.nl\\\/shop\\\/vogue\\\/#breadcrumb\"},\"inLanguage\":\"fr-FR\",\"potentialAction\":[{\"@type\":\"ReadAction\",\"target\":[\"https:\\\/\\\/www.glasfolie.nl\\\/shop\\\/vogue\\\/\"]}]},{\"@type\":\"ImageObject\",\"inLanguage\":\"fr-FR\",\"@id\":\"https:\\\/\\\/www.glasfolie.nl\\\/shop\\\/vogue\\\/#primaryimage\",\"url\":\"https:\\\/\\\/www.glasfolie.nl\\\/wp-content\\\/uploads\\\/2025\\\/11\\\/Vogue-scaled.jpeg\",\"contentUrl\":\"https:\\\/\\\/www.glasfolie.nl\\\/wp-content\\\/uploads\\\/2025\\\/11\\\/Vogue-scaled.jpeg\",\"width\":2560,\"height\":1408},{\"@type\":\"BreadcrumbList\",\"@id\":\"https:\\\/\\\/www.glasfolie.nl\\\/shop\\\/vogue\\\/#breadcrumb\",\"itemListElement\":[{\"@type\":\"ListItem\",\"position\":1,\"name\":\"Home\",\"item\":\"https:\\\/\\\/www.glasfolie.nl\\\/\"},{\"@type\":\"ListItem\",\"position\":2,\"name\":\"Shop\",\"item\":\"https:\\\/\\\/www.glasfolie.nl\\\/shop\\\/\"},{\"@type\":\"ListItem\",\"position\":3,\"name\":\"Vogue\"}]},{\"@type\":\"WebSite\",\"@id\":\"https:\\\/\\\/www.glasfolie.nl\\\/#website\",\"url\":\"https:\\\/\\\/www.glasfolie.nl\\\/\",\"name\":\"Glasfolie Suncontrol\",\"description\":\"Lost al uw problemen met glas op!\",\"potentialAction\":[{\"@type\":\"SearchAction\",\"target\":{\"@type\":\"EntryPoint\",\"urlTemplate\":\"https:\\\/\\\/www.glasfolie.nl\\\/?s={search_term_string}\"},\"query-input\":{\"@type\":\"PropertyValueSpecification\",\"valueRequired\":true,\"valueName\":\"search_term_string\"}}],\"inLanguage\":\"fr-FR\"}]}<\/script>\n<!-- \/ Yoast SEO Premium plugin. -->","yoast_head_json":{"title":"Vogue - Glasfolie Suncontrol","description":"Le film d\u00e9coratif Vogue se compose d'un motif qui se r\u00e9p\u00e8te syst\u00e9matiquement et qui personnalise vos fen\u00eatres et surfaces vitr\u00e9es.","robots":{"index":"index","follow":"follow","max-snippet":"max-snippet:-1","max-image-preview":"max-image-preview:large","max-video-preview":"max-video-preview:-1"},"canonical":"https:\/\/www.glasfolie.nl\/fr\/shop\/vogue\/","og_locale":"fr_FR","og_type":"article","og_title":"Vogue","og_description":"De Vogue decoratieve folie bestaat uit een systematisch herhalend patroon dat je ramen en glazen oppervlakken op maat maakt.","og_url":"https:\/\/www.glasfolie.nl\/fr\/shop\/vogue\/","og_site_name":"Glasfolie Suncontrol","article_modified_time":"2026-01-07T08:21:35+00:00","og_image":[{"width":2560,"height":1408,"url":"https:\/\/www.glasfolie.nl\/wp-content\/uploads\/2025\/11\/Vogue-scaled.jpeg","type":"image\/jpeg"}],"twitter_card":"summary_large_image","twitter_misc":{"Dur\u00e9e de lecture estim\u00e9e":"1 minute"},"schema":{"@context":"https:\/\/schema.org","@graph":[{"@type":"WebPage","@id":"https:\/\/www.glasfolie.nl\/shop\/vogue\/","url":"https:\/\/www.glasfolie.nl\/shop\/vogue\/","name":"Vogue - Glasfolie Suncontrol","isPartOf":{"@id":"https:\/\/www.glasfolie.nl\/#website"},"primaryImageOfPage":{"@id":"https:\/\/www.glasfolie.nl\/shop\/vogue\/#primaryimage"},"image":{"@id":"https:\/\/www.glasfolie.nl\/shop\/vogue\/#primaryimage"},"thumbnailUrl":"https:\/\/www.glasfolie.nl\/wp-content\/uploads\/2025\/11\/Vogue-scaled.jpeg","datePublished":"2025-11-13T10:19:24+00:00","dateModified":"2026-01-07T08:21:35+00:00","description":"Le film d\u00e9coratif Vogue se compose d'un motif qui se r\u00e9p\u00e8te syst\u00e9matiquement et qui personnalise vos fen\u00eatres et surfaces vitr\u00e9es.","breadcrumb":{"@id":"https:\/\/www.glasfolie.nl\/shop\/vogue\/#breadcrumb"},"inLanguage":"fr-FR","potentialAction":[{"@type":"ReadAction","target":["https:\/\/www.glasfolie.nl\/shop\/vogue\/"]}]},{"@type":"ImageObject","inLanguage":"fr-FR","@id":"https:\/\/www.glasfolie.nl\/shop\/vogue\/#primaryimage","url":"https:\/\/www.glasfolie.nl\/wp-content\/uploads\/2025\/11\/Vogue-scaled.jpeg","contentUrl":"https:\/\/www.glasfolie.nl\/wp-content\/uploads\/2025\/11\/Vogue-scaled.jpeg","width":2560,"height":1408},{"@type":"BreadcrumbList","@id":"https:\/\/www.glasfolie.nl\/shop\/vogue\/#breadcrumb","itemListElement":[{"@type":"ListItem","position":1,"name":"Home","item":"https:\/\/www.glasfolie.nl\/"},{"@type":"ListItem","position":2,"name":"Shop","item":"https:\/\/www.glasfolie.nl\/shop\/"},{"@type":"ListItem","position":3,"name":"Vogue"}]},{"@type":"WebSite","@id":"https:\/\/www.glasfolie.nl\/#website","url":"https:\/\/www.glasfolie.nl\/","name":"Film de verre Suncontrol","description":"R\u00e9sout tous vos probl\u00e8mes de verre !","potentialAction":[{"@type":"SearchAction","target":{"@type":"EntryPoint","urlTemplate":"https:\/\/www.glasfolie.nl\/?s={search_term_string}"},"query-input":{"@type":"PropertyValueSpecification","valueRequired":true,"valueName":"search_term_string"}}],"inLanguage":"fr-FR"}]}},"_links":{"self":[{"href":"https:\/\/www.glasfolie.nl\/fr\/wp-json\/wp\/v2\/product\/17129","targetHints":{"allow":["GET"]}}],"collection":[{"href":"https:\/\/www.glasfolie.nl\/fr\/wp-json\/wp\/v2\/product"}],"about":[{"href":"https:\/\/www.glasfolie.nl\/fr\/wp-json\/wp\/v2\/types\/product"}],"replies":[{"embeddable":true,"href":"https:\/\/www.glasfolie.nl\/fr\/wp-json\/wp\/v2\/comments?post=17129"}],"wp:featuredmedia":[{"embeddable":true,"href":"https:\/\/www.glasfolie.nl\/fr\/wp-json\/wp\/v2\/media\/17132"}],"wp:attachment":[{"href":"https:\/\/www.glasfolie.nl\/fr\/wp-json\/wp\/v2\/media?parent=17129"}],"wp:term":[{"taxonomy":"product_brand","embeddable":true,"href":"https:\/\/www.glasfolie.nl\/fr\/wp-json\/wp\/v2\/product_brand?post=17129"},{"taxonomy":"product_cat","embeddable":true,"href":"https:\/\/www.glasfolie.nl\/fr\/wp-json\/wp\/v2\/product_cat?post=17129"},{"taxonomy":"product_tag","embeddable":true,"href":"https:\/\/www.glasfolie.nl\/fr\/wp-json\/wp\/v2\/product_tag?post=17129"}],"curies":[{"name":"wp","href":"https:\/\/api.w.org\/{rel}","templated":true}]}}