{"id":5322,"date":"2023-10-25T10:21:28","date_gmt":"2023-10-25T09:21:28","guid":{"rendered":"http:\/\/85.10.154.84\/~controle\/?page_id=5322"},"modified":"2023-10-25T10:21:47","modified_gmt":"2023-10-25T09:21:47","slug":"raamdecoraties","status":"publish","type":"page","link":"https:\/\/www.glasfolie.nl\/fr\/raamdecoraties\/","title":{"rendered":"D\u00e9corations de fen\u00eatres"},"content":{"rendered":"<h3>Avec les d\u00e9corations de fen\u00eatres pour la d\u00e9coration d'ambiance, nous pensons avec vous<\/h3>\n<p><strong>Collage professionnel de films pour fen\u00eatres par Glasfolie Suncontrol !<\/strong><br \/>\nGlasfolie Suncontrol peut \u00e9quiper les fen\u00eatres de vos immeubles de bureaux d'un film Full Colour pour des raisons purement esth\u00e9tiques ou pour des raisons de protection de la vie priv\u00e9e. Toute photo ou image en couleur souhait\u00e9e est possible et nous r\u00e9fl\u00e9chissons avec vous. Glasfolie Suncontrol s'assure que nous appliquons le film pour vitres de mani\u00e8re professionnelle et les possibilit\u00e9s sont infinies. Regardez les photos de films pour vitrages design sur notre site web. Cr\u00e9ez votre propre d\u00e9coration de fen\u00eatre et nous la traduirons en un design unique.<\/p>\n<p><strong>Le collage de films pour fen\u00eatres est pratique et convient \u00e0 de nombreux usages<\/strong><br \/>\nChez Glasfolie Suncontrol, nous travaillons depuis 1996 avec du personnel certifi\u00e9 VCA. Gr\u00e2ce \u00e0 ces ann\u00e9es d'exp\u00e9rience, nous offrons toujours une solution sur mesure \u00e0 tous les probl\u00e8mes de verre. Gr\u00e2ce \u00e0 notre exp\u00e9rience, nous fournissons des conseils pratiques, rapides et personnalis\u00e9s. En effet, nous appliquons des films pour fen\u00eatres sur tous les b\u00e2timents vitr\u00e9s, tant \u00e0 l'int\u00e9rieur qu'\u00e0 l'ext\u00e9rieur. Qu'en est-il des types possibles suivants :<\/p>\n<ul>\n<li>Film de contr\u00f4le solaire, am\u00e9liore le climat int\u00e9rieur ;<\/li>\n<li>Film isolant, permet d'\u00e9conomiser de l'\u00e9nergie ;<\/li>\n<li>Film pour verre de s\u00e9curit\u00e9, rend votre verre plus s\u00fbr ;<\/li>\n<li>Film pour verre de puits de lumi\u00e8re adapt\u00e9 aux structures de toit en verre ;<\/li>\n<li>Film de verre r\u00e9sistant aux UV, avec blocage des UV pour que les produits ne se d\u00e9colorent pas ;<\/li>\n<li>Film de protection contre les regards indiscrets, pour \u00e9viter les regards indiscrets.<\/li>\n<\/ul>\n<p><strong>Combien de m2 de film pour vitres pouvons-nous coller chez vous ? Obtenez des conseils personnalis\u00e9s sur les films pour vitrages d\u00e8s aujourd'hui<\/strong><br \/>\nNous fournissons des conseils ou des devis sur mesure en fonction des m2 souhait\u00e9s. Vous souhaitez en savoir plus aujourd'hui ? Appelez-nous au 0299-460445 ou envoyez-nous un courriel. <a href=\"mailto:glasfolie@suncontrol.nl\">glasfolie@suncontrol.nl<\/a>. En ligne, nous disposons \u00e9galement d'un formulaire de demande pr\u00eat \u00e0 l'emploi qui nous permet d'\u00eatre s\u00fbrs de fournir un devis pr\u00e9cis.<\/p>","protected":false},"excerpt":{"rendered":"<p>Met raamdecoraties voor een sfeervolle aankleding denken wij mee Professioneel raamfolie plakken door Glasfolie Suncontrol! Uw ramen in kantoorgebouwen voorzien &hellip; <a href=\"https:\/\/www.glasfolie.nl\/fr\/raamdecoraties\/\" class=\"more-link\">Poursuivre la lecture <span class=\"screen-reader-text\">D\u00e9corations de fen\u00eatres<\/span> <span class=\"meta-nav\">\u2192<\/span><\/a><\/p>","protected":false},"author":6,"featured_media":0,"parent":0,"menu_order":0,"comment_status":"closed","ping_status":"closed","template":"sub-content.php","meta":{"_acf_changed":false,"footnotes":""},"class_list":["post-5322","page","type-page","status-publish","hentry"],"acf":[],"yoast_head":"<!-- This site is optimized with the Yoast SEO Premium plugin v22.6 (Yoast SEO v27.5) - https:\/\/yoast.com\/product\/yoast-seo-premium-wordpress\/ -->\n<title>Raamdecoraties - Glasfolie Suncontrol<\/title>\n<meta name=\"description\" content=\"Met raamdecoraties voor een sfeervolle aankleding denken wij mee. Uw ramen in kantoorgebouwen voorzien van Full Color glasfolie uit puur esthetische overwegingen of uit privacy oogpunt kan u laten doen door Glasfolie Suncontrol. Elke gewenste foto of Full Color afbeelding is mogelijk en wij denken met u mee.\" \/>\n<meta name=\"robots\" content=\"index, follow, max-snippet:-1, max-image-preview:large, max-video-preview:-1\" \/>\n<link rel=\"canonical\" href=\"https:\/\/www.glasfolie.nl\/fr\/raamdecoraties\/\" \/>\n<meta property=\"og:locale\" content=\"fr_FR\" \/>\n<meta property=\"og:type\" content=\"article\" \/>\n<meta property=\"og:title\" content=\"Raamdecoraties\" \/>\n<meta property=\"og:description\" content=\"Met raamdecoraties voor een sfeervolle aankleding denken wij mee. Uw ramen in kantoorgebouwen voorzien van Full Color glasfolie uit puur esthetische overwegingen of uit privacy oogpunt kan u laten doen door Glasfolie Suncontrol. Elke gewenste foto of Full Color afbeelding is mogelijk en wij denken met u mee.\" \/>\n<meta property=\"og:url\" content=\"https:\/\/www.glasfolie.nl\/fr\/raamdecoraties\/\" \/>\n<meta property=\"og:site_name\" content=\"Glasfolie Suncontrol\" \/>\n<meta property=\"article:modified_time\" content=\"2023-10-25T09:21:47+00:00\" \/>\n<meta name=\"twitter:card\" content=\"summary_large_image\" \/>\n<meta name=\"twitter:label1\" content=\"Dur\u00e9e de lecture estim\u00e9e\" \/>\n\t<meta name=\"twitter:data1\" content=\"2 minutes\" \/>\n<script type=\"application\/ld+json\" class=\"yoast-schema-graph\">{\"@context\":\"https:\\\/\\\/schema.org\",\"@graph\":[{\"@type\":\"WebPage\",\"@id\":\"https:\\\/\\\/www.glasfolie.nl\\\/raamdecoraties\\\/\",\"url\":\"https:\\\/\\\/www.glasfolie.nl\\\/raamdecoraties\\\/\",\"name\":\"Raamdecoraties - Glasfolie Suncontrol\",\"isPartOf\":{\"@id\":\"https:\\\/\\\/www.glasfolie.nl\\\/#website\"},\"datePublished\":\"2023-10-25T09:21:28+00:00\",\"dateModified\":\"2023-10-25T09:21:47+00:00\",\"description\":\"Met raamdecoraties voor een sfeervolle aankleding denken wij mee. Uw ramen in kantoorgebouwen voorzien van Full Color glasfolie uit puur esthetische overwegingen of uit privacy oogpunt kan u laten doen door Glasfolie Suncontrol. Elke gewenste foto of Full Color afbeelding is mogelijk en wij denken met u mee.\",\"breadcrumb\":{\"@id\":\"https:\\\/\\\/www.glasfolie.nl\\\/raamdecoraties\\\/#breadcrumb\"},\"inLanguage\":\"fr-FR\",\"potentialAction\":[{\"@type\":\"ReadAction\",\"target\":[\"https:\\\/\\\/www.glasfolie.nl\\\/raamdecoraties\\\/\"]}]},{\"@type\":\"BreadcrumbList\",\"@id\":\"https:\\\/\\\/www.glasfolie.nl\\\/raamdecoraties\\\/#breadcrumb\",\"itemListElement\":[{\"@type\":\"ListItem\",\"position\":1,\"name\":\"Home\",\"item\":\"https:\\\/\\\/www.glasfolie.nl\\\/\"},{\"@type\":\"ListItem\",\"position\":2,\"name\":\"Raamdecoraties\"}]},{\"@type\":\"WebSite\",\"@id\":\"https:\\\/\\\/www.glasfolie.nl\\\/#website\",\"url\":\"https:\\\/\\\/www.glasfolie.nl\\\/\",\"name\":\"Glasfolie Suncontrol\",\"description\":\"Lost al uw problemen met glas op!\",\"potentialAction\":[{\"@type\":\"SearchAction\",\"target\":{\"@type\":\"EntryPoint\",\"urlTemplate\":\"https:\\\/\\\/www.glasfolie.nl\\\/?s={search_term_string}\"},\"query-input\":{\"@type\":\"PropertyValueSpecification\",\"valueRequired\":true,\"valueName\":\"search_term_string\"}}],\"inLanguage\":\"fr-FR\"}]}<\/script>\n<!-- \/ Yoast SEO Premium plugin. -->","yoast_head_json":{"title":"Raamdecoraties - Glasfolie Suncontrol","description":"Met raamdecoraties voor een sfeervolle aankleding denken wij mee. Uw ramen in kantoorgebouwen voorzien van Full Color glasfolie uit puur esthetische overwegingen of uit privacy oogpunt kan u laten doen door Glasfolie Suncontrol. Elke gewenste foto of Full Color afbeelding is mogelijk en wij denken met u mee.","robots":{"index":"index","follow":"follow","max-snippet":"max-snippet:-1","max-image-preview":"max-image-preview:large","max-video-preview":"max-video-preview:-1"},"canonical":"https:\/\/www.glasfolie.nl\/fr\/raamdecoraties\/","og_locale":"fr_FR","og_type":"article","og_title":"Raamdecoraties","og_description":"Met raamdecoraties voor een sfeervolle aankleding denken wij mee. Uw ramen in kantoorgebouwen voorzien van Full Color glasfolie uit puur esthetische overwegingen of uit privacy oogpunt kan u laten doen door Glasfolie Suncontrol. Elke gewenste foto of Full Color afbeelding is mogelijk en wij denken met u mee.","og_url":"https:\/\/www.glasfolie.nl\/fr\/raamdecoraties\/","og_site_name":"Glasfolie Suncontrol","article_modified_time":"2023-10-25T09:21:47+00:00","twitter_card":"summary_large_image","twitter_misc":{"Dur\u00e9e de lecture estim\u00e9e":"2 minutes"},"schema":{"@context":"https:\/\/schema.org","@graph":[{"@type":"WebPage","@id":"https:\/\/www.glasfolie.nl\/raamdecoraties\/","url":"https:\/\/www.glasfolie.nl\/raamdecoraties\/","name":"Raamdecoraties - Glasfolie Suncontrol","isPartOf":{"@id":"https:\/\/www.glasfolie.nl\/#website"},"datePublished":"2023-10-25T09:21:28+00:00","dateModified":"2023-10-25T09:21:47+00:00","description":"Met raamdecoraties voor een sfeervolle aankleding denken wij mee. Uw ramen in kantoorgebouwen voorzien van Full Color glasfolie uit puur esthetische overwegingen of uit privacy oogpunt kan u laten doen door Glasfolie Suncontrol. Elke gewenste foto of Full Color afbeelding is mogelijk en wij denken met u mee.","breadcrumb":{"@id":"https:\/\/www.glasfolie.nl\/raamdecoraties\/#breadcrumb"},"inLanguage":"fr-FR","potentialAction":[{"@type":"ReadAction","target":["https:\/\/www.glasfolie.nl\/raamdecoraties\/"]}]},{"@type":"BreadcrumbList","@id":"https:\/\/www.glasfolie.nl\/raamdecoraties\/#breadcrumb","itemListElement":[{"@type":"ListItem","position":1,"name":"Home","item":"https:\/\/www.glasfolie.nl\/"},{"@type":"ListItem","position":2,"name":"Raamdecoraties"}]},{"@type":"WebSite","@id":"https:\/\/www.glasfolie.nl\/#website","url":"https:\/\/www.glasfolie.nl\/","name":"Film de verre Suncontrol","description":"R\u00e9sout tous vos probl\u00e8mes de verre !","potentialAction":[{"@type":"SearchAction","target":{"@type":"EntryPoint","urlTemplate":"https:\/\/www.glasfolie.nl\/?s={search_term_string}"},"query-input":{"@type":"PropertyValueSpecification","valueRequired":true,"valueName":"search_term_string"}}],"inLanguage":"fr-FR"}]}},"_links":{"self":[{"href":"https:\/\/www.glasfolie.nl\/fr\/wp-json\/wp\/v2\/pages\/5322","targetHints":{"allow":["GET"]}}],"collection":[{"href":"https:\/\/www.glasfolie.nl\/fr\/wp-json\/wp\/v2\/pages"}],"about":[{"href":"https:\/\/www.glasfolie.nl\/fr\/wp-json\/wp\/v2\/types\/page"}],"author":[{"embeddable":true,"href":"https:\/\/www.glasfolie.nl\/fr\/wp-json\/wp\/v2\/users\/6"}],"replies":[{"embeddable":true,"href":"https:\/\/www.glasfolie.nl\/fr\/wp-json\/wp\/v2\/comments?post=5322"}],"version-history":[{"count":2,"href":"https:\/\/www.glasfolie.nl\/fr\/wp-json\/wp\/v2\/pages\/5322\/revisions"}],"predecessor-version":[{"id":5324,"href":"https:\/\/www.glasfolie.nl\/fr\/wp-json\/wp\/v2\/pages\/5322\/revisions\/5324"}],"wp:attachment":[{"href":"https:\/\/www.glasfolie.nl\/fr\/wp-json\/wp\/v2\/media?parent=5322"}],"curies":[{"name":"wp","href":"https:\/\/api.w.org\/{rel}","templated":true}]}}