{"id":268,"date":"2023-04-17T13:27:01","date_gmt":"2023-04-17T12:27:01","guid":{"rendered":"http:\/\/85.10.154.84\/~controle\/?page_id=268"},"modified":"2023-07-10T14:26:29","modified_gmt":"2023-07-10T13:26:29","slug":"faq","status":"publish","type":"page","link":"https:\/\/www.glasfolie.nl\/fr\/faq\/","title":{"rendered":"Questions fr\u00e9quemment pos\u00e9es"},"content":{"rendered":"","protected":false},"excerpt":{"rendered":"","protected":false},"author":6,"featured_media":0,"parent":0,"menu_order":0,"comment_status":"closed","ping_status":"closed","template":"sub-faq.php","meta":{"_acf_changed":false,"footnotes":""},"class_list":["post-268","page","type-page","status-publish","hentry"],"acf":[],"yoast_head":"<!-- This site is optimized with the Yoast SEO Premium plugin v22.6 (Yoast SEO v27.3) - https:\/\/yoast.com\/product\/yoast-seo-premium-wordpress\/ -->\n<title>Veelgestelde vragen - Glasfolie Suncontrol<\/title>\n<meta name=\"description\" content=\"Glasfolie Suncontrol specialist in: Zon- en Warmtewering, Energiebesparing, UV wering, Beveiliging, Lichtfiltering en Inkijk.\" \/>\n<meta name=\"robots\" content=\"index, follow, max-snippet:-1, max-image-preview:large, max-video-preview:-1\" \/>\n<link rel=\"canonical\" href=\"https:\/\/www.glasfolie.nl\/fr\/faq\/\" \/>\n<meta property=\"og:locale\" content=\"fr_FR\" \/>\n<meta property=\"og:type\" content=\"article\" \/>\n<meta property=\"og:title\" content=\"Veelgestelde vragen\" \/>\n<meta property=\"og:description\" content=\"Glasfolie Suncontrol specialist in: Zon- en Warmtewering, Energiebesparing, UV wering, Beveiliging, Lichtfiltering en Inkijk.\" \/>\n<meta property=\"og:url\" content=\"https:\/\/www.glasfolie.nl\/fr\/faq\/\" \/>\n<meta property=\"og:site_name\" content=\"Glasfolie Suncontrol\" \/>\n<meta property=\"article:modified_time\" content=\"2023-07-10T13:26:29+00:00\" \/>\n<meta name=\"twitter:card\" content=\"summary_large_image\" \/>\n<script type=\"application\/ld+json\" class=\"yoast-schema-graph\">{\"@context\":\"https:\\\/\\\/schema.org\",\"@graph\":[{\"@type\":\"WebPage\",\"@id\":\"https:\\\/\\\/www.glasfolie.nl\\\/faq\\\/\",\"url\":\"https:\\\/\\\/www.glasfolie.nl\\\/faq\\\/\",\"name\":\"Veelgestelde vragen - Glasfolie Suncontrol\",\"isPartOf\":{\"@id\":\"https:\\\/\\\/www.glasfolie.nl\\\/#website\"},\"datePublished\":\"2023-04-17T12:27:01+00:00\",\"dateModified\":\"2023-07-10T13:26:29+00:00\",\"description\":\"Glasfolie Suncontrol specialist in: Zon- en Warmtewering, Energiebesparing, UV wering, Beveiliging, Lichtfiltering en Inkijk.\",\"breadcrumb\":{\"@id\":\"https:\\\/\\\/www.glasfolie.nl\\\/faq\\\/#breadcrumb\"},\"inLanguage\":\"fr-FR\",\"potentialAction\":[{\"@type\":\"ReadAction\",\"target\":[\"https:\\\/\\\/www.glasfolie.nl\\\/faq\\\/\"]}]},{\"@type\":\"BreadcrumbList\",\"@id\":\"https:\\\/\\\/www.glasfolie.nl\\\/faq\\\/#breadcrumb\",\"itemListElement\":[{\"@type\":\"ListItem\",\"position\":1,\"name\":\"Home\",\"item\":\"https:\\\/\\\/www.glasfolie.nl\\\/\"},{\"@type\":\"ListItem\",\"position\":2,\"name\":\"Veelgestelde vragen\"}]},{\"@type\":\"WebSite\",\"@id\":\"https:\\\/\\\/www.glasfolie.nl\\\/#website\",\"url\":\"https:\\\/\\\/www.glasfolie.nl\\\/\",\"name\":\"Glasfolie Suncontrol\",\"description\":\"Lost al uw problemen met glas op!\",\"potentialAction\":[{\"@type\":\"SearchAction\",\"target\":{\"@type\":\"EntryPoint\",\"urlTemplate\":\"https:\\\/\\\/www.glasfolie.nl\\\/?s={search_term_string}\"},\"query-input\":{\"@type\":\"PropertyValueSpecification\",\"valueRequired\":true,\"valueName\":\"search_term_string\"}}],\"inLanguage\":\"fr-FR\"}]}<\/script>\n<!-- \/ Yoast SEO Premium plugin. -->","yoast_head_json":{"title":"Veelgestelde vragen - Glasfolie Suncontrol","description":"Film pour verre Suncontrol, sp\u00e9cialiste de la protection solaire et thermique : Protection solaire et thermique, \u00e9conomie d'\u00e9nergie, blocage des UV, s\u00e9curit\u00e9, filtrage de la lumi\u00e8re et intimit\u00e9.","robots":{"index":"index","follow":"follow","max-snippet":"max-snippet:-1","max-image-preview":"max-image-preview:large","max-video-preview":"max-video-preview:-1"},"canonical":"https:\/\/www.glasfolie.nl\/fr\/faq\/","og_locale":"fr_FR","og_type":"article","og_title":"Veelgestelde vragen","og_description":"Glasfolie Suncontrol specialist in: Zon- en Warmtewering, Energiebesparing, UV wering, Beveiliging, Lichtfiltering en Inkijk.","og_url":"https:\/\/www.glasfolie.nl\/fr\/faq\/","og_site_name":"Glasfolie Suncontrol","article_modified_time":"2023-07-10T13:26:29+00:00","twitter_card":"summary_large_image","schema":{"@context":"https:\/\/schema.org","@graph":[{"@type":"WebPage","@id":"https:\/\/www.glasfolie.nl\/faq\/","url":"https:\/\/www.glasfolie.nl\/faq\/","name":"Veelgestelde vragen - Glasfolie Suncontrol","isPartOf":{"@id":"https:\/\/www.glasfolie.nl\/#website"},"datePublished":"2023-04-17T12:27:01+00:00","dateModified":"2023-07-10T13:26:29+00:00","description":"Film pour verre Suncontrol, sp\u00e9cialiste de la protection solaire et thermique : Protection solaire et thermique, \u00e9conomie d'\u00e9nergie, blocage des UV, s\u00e9curit\u00e9, filtrage de la lumi\u00e8re et intimit\u00e9.","breadcrumb":{"@id":"https:\/\/www.glasfolie.nl\/faq\/#breadcrumb"},"inLanguage":"fr-FR","potentialAction":[{"@type":"ReadAction","target":["https:\/\/www.glasfolie.nl\/faq\/"]}]},{"@type":"BreadcrumbList","@id":"https:\/\/www.glasfolie.nl\/faq\/#breadcrumb","itemListElement":[{"@type":"ListItem","position":1,"name":"Home","item":"https:\/\/www.glasfolie.nl\/"},{"@type":"ListItem","position":2,"name":"Veelgestelde vragen"}]},{"@type":"WebSite","@id":"https:\/\/www.glasfolie.nl\/#website","url":"https:\/\/www.glasfolie.nl\/","name":"Film de verre Suncontrol","description":"R\u00e9sout tous vos probl\u00e8mes de verre !","potentialAction":[{"@type":"SearchAction","target":{"@type":"EntryPoint","urlTemplate":"https:\/\/www.glasfolie.nl\/?s={search_term_string}"},"query-input":{"@type":"PropertyValueSpecification","valueRequired":true,"valueName":"search_term_string"}}],"inLanguage":"fr-FR"}]}},"_links":{"self":[{"href":"https:\/\/www.glasfolie.nl\/fr\/wp-json\/wp\/v2\/pages\/268","targetHints":{"allow":["GET"]}}],"collection":[{"href":"https:\/\/www.glasfolie.nl\/fr\/wp-json\/wp\/v2\/pages"}],"about":[{"href":"https:\/\/www.glasfolie.nl\/fr\/wp-json\/wp\/v2\/types\/page"}],"author":[{"embeddable":true,"href":"https:\/\/www.glasfolie.nl\/fr\/wp-json\/wp\/v2\/users\/6"}],"replies":[{"embeddable":true,"href":"https:\/\/www.glasfolie.nl\/fr\/wp-json\/wp\/v2\/comments?post=268"}],"version-history":[{"count":4,"href":"https:\/\/www.glasfolie.nl\/fr\/wp-json\/wp\/v2\/pages\/268\/revisions"}],"predecessor-version":[{"id":498,"href":"https:\/\/www.glasfolie.nl\/fr\/wp-json\/wp\/v2\/pages\/268\/revisions\/498"}],"wp:attachment":[{"href":"https:\/\/www.glasfolie.nl\/fr\/wp-json\/wp\/v2\/media?parent=268"}],"curies":[{"name":"wp","href":"https:\/\/api.w.org\/{rel}","templated":true}]}}