{"id":246,"date":"2023-04-17T12:20:35","date_gmt":"2023-04-17T11:20:35","guid":{"rendered":"http:\/\/85.10.154.84\/~controle\/?page_id=246"},"modified":"2023-10-25T10:22:26","modified_gmt":"2023-10-25T09:22:26","slug":"referenties","status":"publish","type":"page","link":"https:\/\/www.glasfolie.nl\/fr\/referenties\/","title":{"rendered":"R\u00e9f\u00e9rences"},"content":{"rendered":"<h2>De nombreux projets <strong>dans de nombreux types diff\u00e9rents<\/strong><\/h2>\n<p>Glasfolie Suncontrol r\u00e9alise de nombreux projets de diff\u00e9rents types. <\/p>\n<p>L'examen du film sur un projet existant vous donne une image compl\u00e8te de notre produit.<br \/>\nIl y a sans doute une relation avec vous dans l'un des projets. Si ce n'est pas le cas, n'h\u00e9sitez pas \u00e0 nous contacter pour un projet ad\u00e9quat. <\/p>\n<p>Pour des raisons pr\u00e9ventives, nous ne mentionnons les films de s\u00e9curit\u00e9 que dans les cas o\u00f9 il n'y a pas de retard d'effraction, en consultation, nous mettons volontiers ces adresses \u00e0 votre disposition de mani\u00e8re confidentielle. <\/p>\n<p>Si vous souhaitez obtenir des r\u00e9f\u00e9rences suppl\u00e9mentaires ou si vous avez d'autres questions, n'h\u00e9sitez pas \u00e0 nous contacter au num\u00e9ro suivant <a href=\"tel:0299460445\">0299-460445<\/a>. L'un de nos collaborateurs se fera un plaisir de vous aider.<\/p>","protected":false},"excerpt":{"rendered":"<p>De nombreux projets de diff\u00e9rents types De nombreux projets de diff\u00e9rents types sont r\u00e9alis\u00e9s par Glasfolie Suncontrol. A un ... <a href=\"https:\/\/www.glasfolie.nl\/fr\/referenties\/\" class=\"more-link\">Poursuivre la lecture <span class=\"screen-reader-text\">R\u00e9f\u00e9rences<\/span> <span class=\"meta-nav\">\u2192<\/span><\/a><\/p>","protected":false},"author":6,"featured_media":0,"parent":0,"menu_order":0,"comment_status":"closed","ping_status":"closed","template":"sub-referenties.php","meta":{"_acf_changed":false,"footnotes":""},"class_list":["post-246","page","type-page","status-publish","hentry"],"acf":[],"yoast_head":"<!-- This site is optimized with the Yoast SEO Premium plugin v22.6 (Yoast SEO v27.3) - https:\/\/yoast.com\/product\/yoast-seo-premium-wordpress\/ -->\n<title>Bekijk hier de referenties per regio - Glasfolie Suncontrol, Purmerend<\/title>\n<meta name=\"description\" content=\"Er worden door Glasfolie Suncontrol vele projecten in vele verschillende typen uitgevoerd. Bekijk hier de referenties per regio, voor een referentie van een bedrijf bij u in de buurt.\" \/>\n<meta name=\"robots\" content=\"index, follow, max-snippet:-1, max-image-preview:large, max-video-preview:-1\" \/>\n<link rel=\"canonical\" href=\"https:\/\/www.glasfolie.nl\/fr\/referenties\/\" \/>\n<meta property=\"og:locale\" content=\"fr_FR\" \/>\n<meta property=\"og:type\" content=\"article\" \/>\n<meta property=\"og:title\" content=\"Referenties\" \/>\n<meta property=\"og:description\" content=\"Er worden door Glasfolie Suncontrol vele projecten in vele verschillende typen uitgevoerd. Bekijk hier de referenties per regio, voor een referentie van een bedrijf bij u in de buurt.\" \/>\n<meta property=\"og:url\" content=\"https:\/\/www.glasfolie.nl\/fr\/referenties\/\" \/>\n<meta property=\"og:site_name\" content=\"Glasfolie Suncontrol\" \/>\n<meta property=\"article:modified_time\" content=\"2023-10-25T09:22:26+00:00\" \/>\n<meta name=\"twitter:card\" content=\"summary_large_image\" \/>\n<meta name=\"twitter:label1\" content=\"Dur\u00e9e de lecture estim\u00e9e\" \/>\n\t<meta name=\"twitter:data1\" content=\"1 minute\" \/>\n<script type=\"application\/ld+json\" class=\"yoast-schema-graph\">{\"@context\":\"https:\\\/\\\/schema.org\",\"@graph\":[{\"@type\":\"WebPage\",\"@id\":\"https:\\\/\\\/www.glasfolie.nl\\\/referenties\\\/\",\"url\":\"https:\\\/\\\/www.glasfolie.nl\\\/referenties\\\/\",\"name\":\"Bekijk hier de referenties per regio - Glasfolie Suncontrol, Purmerend\",\"isPartOf\":{\"@id\":\"https:\\\/\\\/www.glasfolie.nl\\\/#website\"},\"datePublished\":\"2023-04-17T11:20:35+00:00\",\"dateModified\":\"2023-10-25T09:22:26+00:00\",\"description\":\"Er worden door Glasfolie Suncontrol vele projecten in vele verschillende typen uitgevoerd. Bekijk hier de referenties per regio, voor een referentie van een bedrijf bij u in de buurt.\",\"breadcrumb\":{\"@id\":\"https:\\\/\\\/www.glasfolie.nl\\\/referenties\\\/#breadcrumb\"},\"inLanguage\":\"fr-FR\",\"potentialAction\":[{\"@type\":\"ReadAction\",\"target\":[\"https:\\\/\\\/www.glasfolie.nl\\\/referenties\\\/\"]}]},{\"@type\":\"BreadcrumbList\",\"@id\":\"https:\\\/\\\/www.glasfolie.nl\\\/referenties\\\/#breadcrumb\",\"itemListElement\":[{\"@type\":\"ListItem\",\"position\":1,\"name\":\"Home\",\"item\":\"https:\\\/\\\/www.glasfolie.nl\\\/\"},{\"@type\":\"ListItem\",\"position\":2,\"name\":\"Referenties\"}]},{\"@type\":\"WebSite\",\"@id\":\"https:\\\/\\\/www.glasfolie.nl\\\/#website\",\"url\":\"https:\\\/\\\/www.glasfolie.nl\\\/\",\"name\":\"Glasfolie Suncontrol\",\"description\":\"Lost al uw problemen met glas op!\",\"potentialAction\":[{\"@type\":\"SearchAction\",\"target\":{\"@type\":\"EntryPoint\",\"urlTemplate\":\"https:\\\/\\\/www.glasfolie.nl\\\/?s={search_term_string}\"},\"query-input\":{\"@type\":\"PropertyValueSpecification\",\"valueRequired\":true,\"valueName\":\"search_term_string\"}}],\"inLanguage\":\"fr-FR\"}]}<\/script>\n<!-- \/ Yoast SEO Premium plugin. -->","yoast_head_json":{"title":"Voir les r\u00e9f\u00e9rences par r\u00e9gion - Glass film Suncontrol, Purmerend","description":"Glasfolie Suncontrol a r\u00e9alis\u00e9 de nombreux projets de diff\u00e9rents types. Consultez les r\u00e9f\u00e9rences par r\u00e9gion ici, pour une r\u00e9f\u00e9rence d'une entreprise dans votre r\u00e9gion.","robots":{"index":"index","follow":"follow","max-snippet":"max-snippet:-1","max-image-preview":"max-image-preview:large","max-video-preview":"max-video-preview:-1"},"canonical":"https:\/\/www.glasfolie.nl\/fr\/referenties\/","og_locale":"fr_FR","og_type":"article","og_title":"Referenties","og_description":"Er worden door Glasfolie Suncontrol vele projecten in vele verschillende typen uitgevoerd. Bekijk hier de referenties per regio, voor een referentie van een bedrijf bij u in de buurt.","og_url":"https:\/\/www.glasfolie.nl\/fr\/referenties\/","og_site_name":"Glasfolie Suncontrol","article_modified_time":"2023-10-25T09:22:26+00:00","twitter_card":"summary_large_image","twitter_misc":{"Dur\u00e9e de lecture estim\u00e9e":"1 minute"},"schema":{"@context":"https:\/\/schema.org","@graph":[{"@type":"WebPage","@id":"https:\/\/www.glasfolie.nl\/referenties\/","url":"https:\/\/www.glasfolie.nl\/referenties\/","name":"Voir les r\u00e9f\u00e9rences par r\u00e9gion - Glass film Suncontrol, Purmerend","isPartOf":{"@id":"https:\/\/www.glasfolie.nl\/#website"},"datePublished":"2023-04-17T11:20:35+00:00","dateModified":"2023-10-25T09:22:26+00:00","description":"Glasfolie Suncontrol a r\u00e9alis\u00e9 de nombreux projets de diff\u00e9rents types. Consultez les r\u00e9f\u00e9rences par r\u00e9gion ici, pour une r\u00e9f\u00e9rence d'une entreprise dans votre r\u00e9gion.","breadcrumb":{"@id":"https:\/\/www.glasfolie.nl\/referenties\/#breadcrumb"},"inLanguage":"fr-FR","potentialAction":[{"@type":"ReadAction","target":["https:\/\/www.glasfolie.nl\/referenties\/"]}]},{"@type":"BreadcrumbList","@id":"https:\/\/www.glasfolie.nl\/referenties\/#breadcrumb","itemListElement":[{"@type":"ListItem","position":1,"name":"Home","item":"https:\/\/www.glasfolie.nl\/"},{"@type":"ListItem","position":2,"name":"Referenties"}]},{"@type":"WebSite","@id":"https:\/\/www.glasfolie.nl\/#website","url":"https:\/\/www.glasfolie.nl\/","name":"Film de verre Suncontrol","description":"R\u00e9sout tous vos probl\u00e8mes de verre !","potentialAction":[{"@type":"SearchAction","target":{"@type":"EntryPoint","urlTemplate":"https:\/\/www.glasfolie.nl\/?s={search_term_string}"},"query-input":{"@type":"PropertyValueSpecification","valueRequired":true,"valueName":"search_term_string"}}],"inLanguage":"fr-FR"}]}},"_links":{"self":[{"href":"https:\/\/www.glasfolie.nl\/fr\/wp-json\/wp\/v2\/pages\/246","targetHints":{"allow":["GET"]}}],"collection":[{"href":"https:\/\/www.glasfolie.nl\/fr\/wp-json\/wp\/v2\/pages"}],"about":[{"href":"https:\/\/www.glasfolie.nl\/fr\/wp-json\/wp\/v2\/types\/page"}],"author":[{"embeddable":true,"href":"https:\/\/www.glasfolie.nl\/fr\/wp-json\/wp\/v2\/users\/6"}],"replies":[{"embeddable":true,"href":"https:\/\/www.glasfolie.nl\/fr\/wp-json\/wp\/v2\/comments?post=246"}],"version-history":[{"count":3,"href":"https:\/\/www.glasfolie.nl\/fr\/wp-json\/wp\/v2\/pages\/246\/revisions"}],"predecessor-version":[{"id":251,"href":"https:\/\/www.glasfolie.nl\/fr\/wp-json\/wp\/v2\/pages\/246\/revisions\/251"}],"wp:attachment":[{"href":"https:\/\/www.glasfolie.nl\/fr\/wp-json\/wp\/v2\/media?parent=246"}],"curies":[{"name":"wp","href":"https:\/\/api.w.org\/{rel}","templated":true}]}}