{"id":149,"date":"2023-04-06T14:51:23","date_gmt":"2023-04-06T13:51:23","guid":{"rendered":"http:\/\/85.10.154.84\/~controle\/?page_id=149"},"modified":"2024-01-26T15:20:34","modified_gmt":"2024-01-26T14:20:34","slug":"algemene-voorwaarden","status":"publish","type":"page","link":"https:\/\/www.glasfolie.nl\/fr\/algemene-voorwaarden\/","title":{"rendered":"Conditions g\u00e9n\u00e9rales d'utilisation"},"content":{"rendered":"<p><a href=\"https:\/\/www.glasfolie.nl\/wp-content\/uploads\/2023\/04\/ALGEMENE-VOORWAARDEN-GLASFOLIE-SUNCONTROL.pdf\" target=\"_blank\" class=\"n-btn\" rel=\"noopener\">Lire les termes et conditions ici<\/a><br \/>\n<a href=\"https:\/\/www.glasfolie.nl\/wp-content\/uploads\/2024\/01\/algemene-voorwaarden-webshop.pdf\" target=\"_blank\" class=\"n-btn\" rel=\"noopener\">Lire les conditions g\u00e9n\u00e9rales de la boutique en ligne ici<\/a><\/p>","protected":false},"excerpt":{"rendered":"<p>Lees hier de algemene voorwaarden Lees hier de algemene webshop voorwaarden<\/p>","protected":false},"author":6,"featured_media":0,"parent":0,"menu_order":0,"comment_status":"closed","ping_status":"closed","template":"sub-content.php","meta":{"_acf_changed":false,"footnotes":""},"class_list":["post-149","page","type-page","status-publish","hentry"],"acf":[],"yoast_head":"<!-- This site is optimized with the Yoast SEO Premium plugin v22.6 (Yoast SEO v27.3) - https:\/\/yoast.com\/product\/yoast-seo-premium-wordpress\/ -->\n<title>Algemene voorwaarden - Glasfolie Suncontrol<\/title>\n<meta name=\"description\" content=\"Glasfolie Suncontrol specialist in: Zon- en Warmtewering, Energiebesparing, UV wering, Beveiliging, Lichtfiltering en Inkijk.\" \/>\n<meta name=\"robots\" content=\"index, follow, max-snippet:-1, max-image-preview:large, max-video-preview:-1\" \/>\n<link rel=\"canonical\" href=\"https:\/\/www.glasfolie.nl\/fr\/algemene-voorwaarden\/\" \/>\n<meta property=\"og:locale\" content=\"fr_FR\" \/>\n<meta property=\"og:type\" content=\"article\" \/>\n<meta property=\"og:title\" content=\"Algemene voorwaarden\" \/>\n<meta property=\"og:description\" content=\"Glasfolie Suncontrol specialist in: Zon- en Warmtewering, Energiebesparing, UV wering, Beveiliging, Lichtfiltering en Inkijk.\" \/>\n<meta property=\"og:url\" content=\"https:\/\/www.glasfolie.nl\/fr\/algemene-voorwaarden\/\" \/>\n<meta property=\"og:site_name\" content=\"Glasfolie Suncontrol\" \/>\n<meta property=\"article:modified_time\" content=\"2024-01-26T14:20:34+00:00\" \/>\n<meta name=\"twitter:card\" content=\"summary_large_image\" \/>\n<meta name=\"twitter:label1\" content=\"Dur\u00e9e de lecture estim\u00e9e\" \/>\n\t<meta name=\"twitter:data1\" content=\"1 minute\" \/>\n<script type=\"application\/ld+json\" class=\"yoast-schema-graph\">{\"@context\":\"https:\\\/\\\/schema.org\",\"@graph\":[{\"@type\":\"WebPage\",\"@id\":\"https:\\\/\\\/www.glasfolie.nl\\\/algemene-voorwaarden\\\/\",\"url\":\"https:\\\/\\\/www.glasfolie.nl\\\/algemene-voorwaarden\\\/\",\"name\":\"Algemene voorwaarden - Glasfolie Suncontrol\",\"isPartOf\":{\"@id\":\"https:\\\/\\\/www.glasfolie.nl\\\/#website\"},\"datePublished\":\"2023-04-06T13:51:23+00:00\",\"dateModified\":\"2024-01-26T14:20:34+00:00\",\"description\":\"Glasfolie Suncontrol specialist in: Zon- en Warmtewering, Energiebesparing, UV wering, Beveiliging, Lichtfiltering en Inkijk.\",\"breadcrumb\":{\"@id\":\"https:\\\/\\\/www.glasfolie.nl\\\/algemene-voorwaarden\\\/#breadcrumb\"},\"inLanguage\":\"fr-FR\",\"potentialAction\":[{\"@type\":\"ReadAction\",\"target\":[\"https:\\\/\\\/www.glasfolie.nl\\\/algemene-voorwaarden\\\/\"]}]},{\"@type\":\"BreadcrumbList\",\"@id\":\"https:\\\/\\\/www.glasfolie.nl\\\/algemene-voorwaarden\\\/#breadcrumb\",\"itemListElement\":[{\"@type\":\"ListItem\",\"position\":1,\"name\":\"Home\",\"item\":\"https:\\\/\\\/www.glasfolie.nl\\\/\"},{\"@type\":\"ListItem\",\"position\":2,\"name\":\"Algemene voorwaarden\"}]},{\"@type\":\"WebSite\",\"@id\":\"https:\\\/\\\/www.glasfolie.nl\\\/#website\",\"url\":\"https:\\\/\\\/www.glasfolie.nl\\\/\",\"name\":\"Glasfolie Suncontrol\",\"description\":\"Lost al uw problemen met glas op!\",\"potentialAction\":[{\"@type\":\"SearchAction\",\"target\":{\"@type\":\"EntryPoint\",\"urlTemplate\":\"https:\\\/\\\/www.glasfolie.nl\\\/?s={search_term_string}\"},\"query-input\":{\"@type\":\"PropertyValueSpecification\",\"valueRequired\":true,\"valueName\":\"search_term_string\"}}],\"inLanguage\":\"fr-FR\"}]}<\/script>\n<!-- \/ Yoast SEO Premium plugin. -->","yoast_head_json":{"title":"Algemene voorwaarden - Glasfolie Suncontrol","description":"Film pour verre Suncontrol, sp\u00e9cialiste de la protection solaire et thermique : Protection solaire et thermique, \u00e9conomie d'\u00e9nergie, blocage des UV, s\u00e9curit\u00e9, filtrage de la lumi\u00e8re et intimit\u00e9.","robots":{"index":"index","follow":"follow","max-snippet":"max-snippet:-1","max-image-preview":"max-image-preview:large","max-video-preview":"max-video-preview:-1"},"canonical":"https:\/\/www.glasfolie.nl\/fr\/algemene-voorwaarden\/","og_locale":"fr_FR","og_type":"article","og_title":"Algemene voorwaarden","og_description":"Glasfolie Suncontrol specialist in: Zon- en Warmtewering, Energiebesparing, UV wering, Beveiliging, Lichtfiltering en Inkijk.","og_url":"https:\/\/www.glasfolie.nl\/fr\/algemene-voorwaarden\/","og_site_name":"Glasfolie Suncontrol","article_modified_time":"2024-01-26T14:20:34+00:00","twitter_card":"summary_large_image","twitter_misc":{"Dur\u00e9e de lecture estim\u00e9e":"1 minute"},"schema":{"@context":"https:\/\/schema.org","@graph":[{"@type":"WebPage","@id":"https:\/\/www.glasfolie.nl\/algemene-voorwaarden\/","url":"https:\/\/www.glasfolie.nl\/algemene-voorwaarden\/","name":"Algemene voorwaarden - Glasfolie Suncontrol","isPartOf":{"@id":"https:\/\/www.glasfolie.nl\/#website"},"datePublished":"2023-04-06T13:51:23+00:00","dateModified":"2024-01-26T14:20:34+00:00","description":"Film pour verre Suncontrol, sp\u00e9cialiste de la protection solaire et thermique : Protection solaire et thermique, \u00e9conomie d'\u00e9nergie, blocage des UV, s\u00e9curit\u00e9, filtrage de la lumi\u00e8re et intimit\u00e9.","breadcrumb":{"@id":"https:\/\/www.glasfolie.nl\/algemene-voorwaarden\/#breadcrumb"},"inLanguage":"fr-FR","potentialAction":[{"@type":"ReadAction","target":["https:\/\/www.glasfolie.nl\/algemene-voorwaarden\/"]}]},{"@type":"BreadcrumbList","@id":"https:\/\/www.glasfolie.nl\/algemene-voorwaarden\/#breadcrumb","itemListElement":[{"@type":"ListItem","position":1,"name":"Home","item":"https:\/\/www.glasfolie.nl\/"},{"@type":"ListItem","position":2,"name":"Algemene voorwaarden"}]},{"@type":"WebSite","@id":"https:\/\/www.glasfolie.nl\/#website","url":"https:\/\/www.glasfolie.nl\/","name":"Film de verre Suncontrol","description":"R\u00e9sout tous vos probl\u00e8mes de verre !","potentialAction":[{"@type":"SearchAction","target":{"@type":"EntryPoint","urlTemplate":"https:\/\/www.glasfolie.nl\/?s={search_term_string}"},"query-input":{"@type":"PropertyValueSpecification","valueRequired":true,"valueName":"search_term_string"}}],"inLanguage":"fr-FR"}]}},"_links":{"self":[{"href":"https:\/\/www.glasfolie.nl\/fr\/wp-json\/wp\/v2\/pages\/149","targetHints":{"allow":["GET"]}}],"collection":[{"href":"https:\/\/www.glasfolie.nl\/fr\/wp-json\/wp\/v2\/pages"}],"about":[{"href":"https:\/\/www.glasfolie.nl\/fr\/wp-json\/wp\/v2\/types\/page"}],"author":[{"embeddable":true,"href":"https:\/\/www.glasfolie.nl\/fr\/wp-json\/wp\/v2\/users\/6"}],"replies":[{"embeddable":true,"href":"https:\/\/www.glasfolie.nl\/fr\/wp-json\/wp\/v2\/comments?post=149"}],"version-history":[{"count":4,"href":"https:\/\/www.glasfolie.nl\/fr\/wp-json\/wp\/v2\/pages\/149\/revisions"}],"predecessor-version":[{"id":15670,"href":"https:\/\/www.glasfolie.nl\/fr\/wp-json\/wp\/v2\/pages\/149\/revisions\/15670"}],"wp:attachment":[{"href":"https:\/\/www.glasfolie.nl\/fr\/wp-json\/wp\/v2\/media?parent=149"}],"curies":[{"name":"wp","href":"https:\/\/api.w.org\/{rel}","templated":true}]}}