{"id":3975,"date":"2021-12-01T13:34:12","date_gmt":"2021-12-01T12:34:12","guid":{"rendered":"http:\/\/85.10.154.84\/~controle\/shop\/hive\/"},"modified":"2026-01-07T09:32:30","modified_gmt":"2026-01-07T08:32:30","slug":"hive","status":"publish","type":"product","link":"https:\/\/www.glasfolie.nl\/de\/shop\/hive\/","title":{"rendered":"Bienenstock"},"content":{"rendered":"<p>1 x 152cm<\/p>\n<p>Die von der Natur und den Bienenst\u00f6cken inspirierte Fensterfolie Hive verleiht Ihren Fenstern und Glasfl\u00e4chen einen untypischen und \u00e4sthetischen Touch. Die Verwendung geometrischer Formen auf Ihrer Verglasung oder Ihren Glastrennw\u00e4nden ist eine hervorragende M\u00f6glichkeit, jeden Raum zu versch\u00f6nern.<\/p>","protected":false},"excerpt":{"rendered":"<p>1 x 152cm<\/p>\n<p>Die von der Natur und den Bienenst\u00f6cken inspirierte Fensterfolie Hive verleiht Ihren Fenstern und Glasfl\u00e4chen einen untypischen und \u00e4sthetischen Touch. Die Verwendung geometrischer Formen auf Ihrer Verglasung oder Ihren Glastrennw\u00e4nden ist eine hervorragende M\u00f6glichkeit, jeden Raum zu versch\u00f6nern.<\/p>","protected":false},"featured_media":3895,"comment_status":"closed","ping_status":"closed","template":"","meta":{"_acf_changed":false},"product_brand":[],"product_cat":[49],"product_tag":[],"class_list":{"0":"post-3975","1":"product","2":"type-product","3":"status-publish","4":"has-post-thumbnail","6":"product_cat-design-glasfolie","7":"pa_per-m-of-rol-m","8":"pa_per-m-of-rol-rol-30-5m","10":"first","11":"instock","12":"taxable","13":"shipping-taxable","14":"purchasable","15":"product-type-variable"},"acf":[],"gallery_images":[],"yoast_head":"<!-- This site is optimized with the Yoast SEO Premium plugin v22.6 (Yoast SEO v27.4) - https:\/\/yoast.com\/product\/yoast-seo-premium-wordpress\/ -->\n<title>Hive - Glasfolie Suncontrol<\/title>\n<meta name=\"description\" content=\"Ge\u00efnspireerd door de natuur en bijenkorven geeft Hive raamfolie uw ramen en glazen oppervlakken een atypisch en esthetisch tintje.\" \/>\n<meta name=\"robots\" content=\"index, follow, max-snippet:-1, max-image-preview:large, max-video-preview:-1\" \/>\n<link rel=\"canonical\" href=\"https:\/\/www.glasfolie.nl\/de\/shop\/hive\/\" \/>\n<meta property=\"og:locale\" content=\"de_DE\" \/>\n<meta property=\"og:type\" content=\"article\" \/>\n<meta property=\"og:title\" content=\"Hive\" \/>\n<meta property=\"og:description\" content=\"Ge\u00efnspireerd door de natuur en bijenkorven geeft Hive raamfolie uw ramen en glazen oppervlakken een atypisch en esthetisch tintje.\" \/>\n<meta property=\"og:url\" content=\"https:\/\/www.glasfolie.nl\/de\/shop\/hive\/\" \/>\n<meta property=\"og:site_name\" content=\"Glasfolie Suncontrol\" \/>\n<meta property=\"article:modified_time\" content=\"2026-01-07T08:32:30+00:00\" \/>\n<meta property=\"og:image\" content=\"https:\/\/www.glasfolie.nl\/wp-content\/uploads\/2023\/07\/Hive.jpg\" \/>\n\t<meta property=\"og:image:width\" content=\"1105\" \/>\n\t<meta property=\"og:image:height\" content=\"435\" \/>\n\t<meta property=\"og:image:type\" content=\"image\/jpeg\" \/>\n<meta name=\"twitter:card\" content=\"summary_large_image\" \/>\n<meta name=\"twitter:label1\" content=\"Gesch\u00e4tzte Lesezeit\" \/>\n\t<meta name=\"twitter:data1\" content=\"1\u00a0Minute\" \/>\n<script type=\"application\/ld+json\" class=\"yoast-schema-graph\">{\"@context\":\"https:\\\/\\\/schema.org\",\"@graph\":[{\"@type\":\"WebPage\",\"@id\":\"https:\\\/\\\/www.glasfolie.nl\\\/shop\\\/hive\\\/\",\"url\":\"https:\\\/\\\/www.glasfolie.nl\\\/shop\\\/hive\\\/\",\"name\":\"Hive - Glasfolie Suncontrol\",\"isPartOf\":{\"@id\":\"https:\\\/\\\/www.glasfolie.nl\\\/#website\"},\"primaryImageOfPage\":{\"@id\":\"https:\\\/\\\/www.glasfolie.nl\\\/shop\\\/hive\\\/#primaryimage\"},\"image\":{\"@id\":\"https:\\\/\\\/www.glasfolie.nl\\\/shop\\\/hive\\\/#primaryimage\"},\"thumbnailUrl\":\"https:\\\/\\\/www.glasfolie.nl\\\/wp-content\\\/uploads\\\/2023\\\/07\\\/Hive.jpg\",\"datePublished\":\"2021-12-01T12:34:12+00:00\",\"dateModified\":\"2026-01-07T08:32:30+00:00\",\"description\":\"Ge\u00efnspireerd door de natuur en bijenkorven geeft Hive raamfolie uw ramen en glazen oppervlakken een atypisch en esthetisch tintje.\",\"breadcrumb\":{\"@id\":\"https:\\\/\\\/www.glasfolie.nl\\\/shop\\\/hive\\\/#breadcrumb\"},\"inLanguage\":\"de\",\"potentialAction\":[{\"@type\":\"ReadAction\",\"target\":[\"https:\\\/\\\/www.glasfolie.nl\\\/shop\\\/hive\\\/\"]}]},{\"@type\":\"ImageObject\",\"inLanguage\":\"de\",\"@id\":\"https:\\\/\\\/www.glasfolie.nl\\\/shop\\\/hive\\\/#primaryimage\",\"url\":\"https:\\\/\\\/www.glasfolie.nl\\\/wp-content\\\/uploads\\\/2023\\\/07\\\/Hive.jpg\",\"contentUrl\":\"https:\\\/\\\/www.glasfolie.nl\\\/wp-content\\\/uploads\\\/2023\\\/07\\\/Hive.jpg\",\"width\":1105,\"height\":435},{\"@type\":\"BreadcrumbList\",\"@id\":\"https:\\\/\\\/www.glasfolie.nl\\\/shop\\\/hive\\\/#breadcrumb\",\"itemListElement\":[{\"@type\":\"ListItem\",\"position\":1,\"name\":\"Home\",\"item\":\"https:\\\/\\\/www.glasfolie.nl\\\/\"},{\"@type\":\"ListItem\",\"position\":2,\"name\":\"Shop\",\"item\":\"https:\\\/\\\/www.glasfolie.nl\\\/shop\\\/\"},{\"@type\":\"ListItem\",\"position\":3,\"name\":\"Hive\"}]},{\"@type\":\"WebSite\",\"@id\":\"https:\\\/\\\/www.glasfolie.nl\\\/#website\",\"url\":\"https:\\\/\\\/www.glasfolie.nl\\\/\",\"name\":\"Glasfolie Suncontrol\",\"description\":\"Lost al uw problemen met glas op!\",\"potentialAction\":[{\"@type\":\"SearchAction\",\"target\":{\"@type\":\"EntryPoint\",\"urlTemplate\":\"https:\\\/\\\/www.glasfolie.nl\\\/?s={search_term_string}\"},\"query-input\":{\"@type\":\"PropertyValueSpecification\",\"valueRequired\":true,\"valueName\":\"search_term_string\"}}],\"inLanguage\":\"de\"}]}<\/script>\n<!-- \/ Yoast SEO Premium plugin. -->","yoast_head_json":{"title":"Hive - Glasfolie Suncontrol","description":"Ge\u00efnspireerd door de natuur en bijenkorven geeft Hive raamfolie uw ramen en glazen oppervlakken een atypisch en esthetisch tintje.","robots":{"index":"index","follow":"follow","max-snippet":"max-snippet:-1","max-image-preview":"max-image-preview:large","max-video-preview":"max-video-preview:-1"},"canonical":"https:\/\/www.glasfolie.nl\/de\/shop\/hive\/","og_locale":"de_DE","og_type":"article","og_title":"Hive","og_description":"Ge\u00efnspireerd door de natuur en bijenkorven geeft Hive raamfolie uw ramen en glazen oppervlakken een atypisch en esthetisch tintje.","og_url":"https:\/\/www.glasfolie.nl\/de\/shop\/hive\/","og_site_name":"Glasfolie Suncontrol","article_modified_time":"2026-01-07T08:32:30+00:00","og_image":[{"width":1105,"height":435,"url":"https:\/\/www.glasfolie.nl\/wp-content\/uploads\/2023\/07\/Hive.jpg","type":"image\/jpeg"}],"twitter_card":"summary_large_image","twitter_misc":{"Gesch\u00e4tzte Lesezeit":"1\u00a0Minute"},"schema":{"@context":"https:\/\/schema.org","@graph":[{"@type":"WebPage","@id":"https:\/\/www.glasfolie.nl\/shop\/hive\/","url":"https:\/\/www.glasfolie.nl\/shop\/hive\/","name":"Hive - Glasfolie Suncontrol","isPartOf":{"@id":"https:\/\/www.glasfolie.nl\/#website"},"primaryImageOfPage":{"@id":"https:\/\/www.glasfolie.nl\/shop\/hive\/#primaryimage"},"image":{"@id":"https:\/\/www.glasfolie.nl\/shop\/hive\/#primaryimage"},"thumbnailUrl":"https:\/\/www.glasfolie.nl\/wp-content\/uploads\/2023\/07\/Hive.jpg","datePublished":"2021-12-01T12:34:12+00:00","dateModified":"2026-01-07T08:32:30+00:00","description":"Ge\u00efnspireerd door de natuur en bijenkorven geeft Hive raamfolie uw ramen en glazen oppervlakken een atypisch en esthetisch tintje.","breadcrumb":{"@id":"https:\/\/www.glasfolie.nl\/shop\/hive\/#breadcrumb"},"inLanguage":"de","potentialAction":[{"@type":"ReadAction","target":["https:\/\/www.glasfolie.nl\/shop\/hive\/"]}]},{"@type":"ImageObject","inLanguage":"de","@id":"https:\/\/www.glasfolie.nl\/shop\/hive\/#primaryimage","url":"https:\/\/www.glasfolie.nl\/wp-content\/uploads\/2023\/07\/Hive.jpg","contentUrl":"https:\/\/www.glasfolie.nl\/wp-content\/uploads\/2023\/07\/Hive.jpg","width":1105,"height":435},{"@type":"BreadcrumbList","@id":"https:\/\/www.glasfolie.nl\/shop\/hive\/#breadcrumb","itemListElement":[{"@type":"ListItem","position":1,"name":"Home","item":"https:\/\/www.glasfolie.nl\/"},{"@type":"ListItem","position":2,"name":"Shop","item":"https:\/\/www.glasfolie.nl\/shop\/"},{"@type":"ListItem","position":3,"name":"Hive"}]},{"@type":"WebSite","@id":"https:\/\/www.glasfolie.nl\/#website","url":"https:\/\/www.glasfolie.nl\/","name":"Glasfolie Suncontrol","description":"L\u00f6st alle Ihre Glasprobleme!","potentialAction":[{"@type":"SearchAction","target":{"@type":"EntryPoint","urlTemplate":"https:\/\/www.glasfolie.nl\/?s={search_term_string}"},"query-input":{"@type":"PropertyValueSpecification","valueRequired":true,"valueName":"search_term_string"}}],"inLanguage":"de"}]}},"_links":{"self":[{"href":"https:\/\/www.glasfolie.nl\/de\/wp-json\/wp\/v2\/product\/3975","targetHints":{"allow":["GET"]}}],"collection":[{"href":"https:\/\/www.glasfolie.nl\/de\/wp-json\/wp\/v2\/product"}],"about":[{"href":"https:\/\/www.glasfolie.nl\/de\/wp-json\/wp\/v2\/types\/product"}],"replies":[{"embeddable":true,"href":"https:\/\/www.glasfolie.nl\/de\/wp-json\/wp\/v2\/comments?post=3975"}],"wp:featuredmedia":[{"embeddable":true,"href":"https:\/\/www.glasfolie.nl\/de\/wp-json\/wp\/v2\/media\/3895"}],"wp:attachment":[{"href":"https:\/\/www.glasfolie.nl\/de\/wp-json\/wp\/v2\/media?parent=3975"}],"wp:term":[{"taxonomy":"product_brand","embeddable":true,"href":"https:\/\/www.glasfolie.nl\/de\/wp-json\/wp\/v2\/product_brand?post=3975"},{"taxonomy":"product_cat","embeddable":true,"href":"https:\/\/www.glasfolie.nl\/de\/wp-json\/wp\/v2\/product_cat?post=3975"},{"taxonomy":"product_tag","embeddable":true,"href":"https:\/\/www.glasfolie.nl\/de\/wp-json\/wp\/v2\/product_tag?post=3975"}],"curies":[{"name":"wp","href":"https:\/\/api.w.org\/{rel}","templated":true}]}}