{"id":3967,"date":"2021-12-01T13:26:56","date_gmt":"2021-12-01T12:26:56","guid":{"rendered":"http:\/\/85.10.154.84\/~controle\/shop\/jungle\/"},"modified":"2026-01-07T09:32:30","modified_gmt":"2026-01-07T08:32:30","slug":"jungle","status":"publish","type":"product","link":"https:\/\/www.glasfolie.nl\/de\/shop\/jungle\/","title":{"rendered":"Dschungel"},"content":{"rendered":"<p>1 x 152cm<\/p>\n<p>Mit der Dschungel-Dekofolie k\u00f6nnen Sie Ihre Umgebung ver\u00e4ndern, ohne vom Sofa aufzustehen! Diese Folie dekoriert Ihre Fenster und Glastrennw\u00e4nde und verwandelt Ihr Interieur in einen tropischen Dschungel. Die Verwendung einer diskretion\u00e4ren Folie ist ideal, um Ihren Raum zu dekorieren und gleichzeitig Ihre Privatsph\u00e4re zu wahren.<\/p>","protected":false},"excerpt":{"rendered":"<p>1 x 152cm<\/p>\n<p>Mit der Dschungel-Dekofolie k\u00f6nnen Sie Ihre Umgebung ver\u00e4ndern, ohne vom Sofa aufzustehen! Diese Folie dekoriert Ihre Fenster und Glastrennw\u00e4nde und verwandelt Ihr Interieur in einen tropischen Dschungel.<\/p>","protected":false},"featured_media":3898,"comment_status":"closed","ping_status":"closed","template":"","meta":{"_acf_changed":false},"product_brand":[],"product_cat":[49],"product_tag":[],"class_list":{"0":"post-3967","1":"product","2":"type-product","3":"status-publish","4":"has-post-thumbnail","6":"product_cat-design-glasfolie","7":"pa_per-m-of-rol-m","8":"pa_per-m-of-rol-rol-30-5m","10":"first","11":"instock","12":"taxable","13":"shipping-taxable","14":"purchasable","15":"product-type-variable"},"acf":[],"gallery_images":[],"yoast_head":"<!-- This site is optimized with the Yoast SEO Premium plugin v22.6 (Yoast SEO v27.4) - https:\/\/yoast.com\/product\/yoast-seo-premium-wordpress\/ -->\n<title>Jungle - Glasfolie Suncontrol<\/title>\n<meta name=\"description\" content=\"Met de Jungle decoratiefolie kunt u uw omgeving veranderen zonder van uw bank te komen! Tover uw interieur om tot een tropische jungle.\" \/>\n<meta name=\"robots\" content=\"index, follow, max-snippet:-1, max-image-preview:large, max-video-preview:-1\" \/>\n<link rel=\"canonical\" href=\"https:\/\/www.glasfolie.nl\/de\/shop\/jungle\/\" \/>\n<meta property=\"og:locale\" content=\"de_DE\" \/>\n<meta property=\"og:type\" content=\"article\" \/>\n<meta property=\"og:title\" content=\"Jungle\" \/>\n<meta property=\"og:description\" content=\"Met de Jungle decoratiefolie kunt u uw omgeving veranderen zonder van uw bank te komen! Tover uw interieur om tot een tropische jungle.\" \/>\n<meta property=\"og:url\" content=\"https:\/\/www.glasfolie.nl\/de\/shop\/jungle\/\" \/>\n<meta property=\"og:site_name\" content=\"Glasfolie Suncontrol\" \/>\n<meta property=\"article:modified_time\" content=\"2026-01-07T08:32:30+00:00\" \/>\n<meta property=\"og:image\" content=\"https:\/\/www.glasfolie.nl\/wp-content\/uploads\/2023\/07\/Jungle.jpg\" \/>\n\t<meta property=\"og:image:width\" content=\"1105\" \/>\n\t<meta property=\"og:image:height\" content=\"435\" \/>\n\t<meta property=\"og:image:type\" content=\"image\/jpeg\" \/>\n<meta name=\"twitter:card\" content=\"summary_large_image\" \/>\n<meta name=\"twitter:label1\" content=\"Gesch\u00e4tzte Lesezeit\" \/>\n\t<meta name=\"twitter:data1\" content=\"1\u00a0Minute\" \/>\n<script type=\"application\/ld+json\" class=\"yoast-schema-graph\">{\"@context\":\"https:\\\/\\\/schema.org\",\"@graph\":[{\"@type\":\"WebPage\",\"@id\":\"https:\\\/\\\/www.glasfolie.nl\\\/shop\\\/jungle\\\/\",\"url\":\"https:\\\/\\\/www.glasfolie.nl\\\/shop\\\/jungle\\\/\",\"name\":\"Jungle - Glasfolie Suncontrol\",\"isPartOf\":{\"@id\":\"https:\\\/\\\/www.glasfolie.nl\\\/#website\"},\"primaryImageOfPage\":{\"@id\":\"https:\\\/\\\/www.glasfolie.nl\\\/shop\\\/jungle\\\/#primaryimage\"},\"image\":{\"@id\":\"https:\\\/\\\/www.glasfolie.nl\\\/shop\\\/jungle\\\/#primaryimage\"},\"thumbnailUrl\":\"https:\\\/\\\/www.glasfolie.nl\\\/wp-content\\\/uploads\\\/2023\\\/07\\\/Jungle.jpg\",\"datePublished\":\"2021-12-01T12:26:56+00:00\",\"dateModified\":\"2026-01-07T08:32:30+00:00\",\"description\":\"Met de Jungle decoratiefolie kunt u uw omgeving veranderen zonder van uw bank te komen! Tover uw interieur om tot een tropische jungle.\",\"breadcrumb\":{\"@id\":\"https:\\\/\\\/www.glasfolie.nl\\\/shop\\\/jungle\\\/#breadcrumb\"},\"inLanguage\":\"de\",\"potentialAction\":[{\"@type\":\"ReadAction\",\"target\":[\"https:\\\/\\\/www.glasfolie.nl\\\/shop\\\/jungle\\\/\"]}]},{\"@type\":\"ImageObject\",\"inLanguage\":\"de\",\"@id\":\"https:\\\/\\\/www.glasfolie.nl\\\/shop\\\/jungle\\\/#primaryimage\",\"url\":\"https:\\\/\\\/www.glasfolie.nl\\\/wp-content\\\/uploads\\\/2023\\\/07\\\/Jungle.jpg\",\"contentUrl\":\"https:\\\/\\\/www.glasfolie.nl\\\/wp-content\\\/uploads\\\/2023\\\/07\\\/Jungle.jpg\",\"width\":1105,\"height\":435},{\"@type\":\"BreadcrumbList\",\"@id\":\"https:\\\/\\\/www.glasfolie.nl\\\/shop\\\/jungle\\\/#breadcrumb\",\"itemListElement\":[{\"@type\":\"ListItem\",\"position\":1,\"name\":\"Home\",\"item\":\"https:\\\/\\\/www.glasfolie.nl\\\/\"},{\"@type\":\"ListItem\",\"position\":2,\"name\":\"Shop\",\"item\":\"https:\\\/\\\/www.glasfolie.nl\\\/shop\\\/\"},{\"@type\":\"ListItem\",\"position\":3,\"name\":\"Jungle\"}]},{\"@type\":\"WebSite\",\"@id\":\"https:\\\/\\\/www.glasfolie.nl\\\/#website\",\"url\":\"https:\\\/\\\/www.glasfolie.nl\\\/\",\"name\":\"Glasfolie Suncontrol\",\"description\":\"Lost al uw problemen met glas op!\",\"potentialAction\":[{\"@type\":\"SearchAction\",\"target\":{\"@type\":\"EntryPoint\",\"urlTemplate\":\"https:\\\/\\\/www.glasfolie.nl\\\/?s={search_term_string}\"},\"query-input\":{\"@type\":\"PropertyValueSpecification\",\"valueRequired\":true,\"valueName\":\"search_term_string\"}}],\"inLanguage\":\"de\"}]}<\/script>\n<!-- \/ Yoast SEO Premium plugin. -->","yoast_head_json":{"title":"Jungle - Glasfolie Suncontrol","description":"Met de Jungle decoratiefolie kunt u uw omgeving veranderen zonder van uw bank te komen! Tover uw interieur om tot een tropische jungle.","robots":{"index":"index","follow":"follow","max-snippet":"max-snippet:-1","max-image-preview":"max-image-preview:large","max-video-preview":"max-video-preview:-1"},"canonical":"https:\/\/www.glasfolie.nl\/de\/shop\/jungle\/","og_locale":"de_DE","og_type":"article","og_title":"Jungle","og_description":"Met de Jungle decoratiefolie kunt u uw omgeving veranderen zonder van uw bank te komen! Tover uw interieur om tot een tropische jungle.","og_url":"https:\/\/www.glasfolie.nl\/de\/shop\/jungle\/","og_site_name":"Glasfolie Suncontrol","article_modified_time":"2026-01-07T08:32:30+00:00","og_image":[{"width":1105,"height":435,"url":"https:\/\/www.glasfolie.nl\/wp-content\/uploads\/2023\/07\/Jungle.jpg","type":"image\/jpeg"}],"twitter_card":"summary_large_image","twitter_misc":{"Gesch\u00e4tzte Lesezeit":"1\u00a0Minute"},"schema":{"@context":"https:\/\/schema.org","@graph":[{"@type":"WebPage","@id":"https:\/\/www.glasfolie.nl\/shop\/jungle\/","url":"https:\/\/www.glasfolie.nl\/shop\/jungle\/","name":"Jungle - Glasfolie Suncontrol","isPartOf":{"@id":"https:\/\/www.glasfolie.nl\/#website"},"primaryImageOfPage":{"@id":"https:\/\/www.glasfolie.nl\/shop\/jungle\/#primaryimage"},"image":{"@id":"https:\/\/www.glasfolie.nl\/shop\/jungle\/#primaryimage"},"thumbnailUrl":"https:\/\/www.glasfolie.nl\/wp-content\/uploads\/2023\/07\/Jungle.jpg","datePublished":"2021-12-01T12:26:56+00:00","dateModified":"2026-01-07T08:32:30+00:00","description":"Met de Jungle decoratiefolie kunt u uw omgeving veranderen zonder van uw bank te komen! Tover uw interieur om tot een tropische jungle.","breadcrumb":{"@id":"https:\/\/www.glasfolie.nl\/shop\/jungle\/#breadcrumb"},"inLanguage":"de","potentialAction":[{"@type":"ReadAction","target":["https:\/\/www.glasfolie.nl\/shop\/jungle\/"]}]},{"@type":"ImageObject","inLanguage":"de","@id":"https:\/\/www.glasfolie.nl\/shop\/jungle\/#primaryimage","url":"https:\/\/www.glasfolie.nl\/wp-content\/uploads\/2023\/07\/Jungle.jpg","contentUrl":"https:\/\/www.glasfolie.nl\/wp-content\/uploads\/2023\/07\/Jungle.jpg","width":1105,"height":435},{"@type":"BreadcrumbList","@id":"https:\/\/www.glasfolie.nl\/shop\/jungle\/#breadcrumb","itemListElement":[{"@type":"ListItem","position":1,"name":"Home","item":"https:\/\/www.glasfolie.nl\/"},{"@type":"ListItem","position":2,"name":"Shop","item":"https:\/\/www.glasfolie.nl\/shop\/"},{"@type":"ListItem","position":3,"name":"Jungle"}]},{"@type":"WebSite","@id":"https:\/\/www.glasfolie.nl\/#website","url":"https:\/\/www.glasfolie.nl\/","name":"Glasfolie Suncontrol","description":"L\u00f6st alle Ihre Glasprobleme!","potentialAction":[{"@type":"SearchAction","target":{"@type":"EntryPoint","urlTemplate":"https:\/\/www.glasfolie.nl\/?s={search_term_string}"},"query-input":{"@type":"PropertyValueSpecification","valueRequired":true,"valueName":"search_term_string"}}],"inLanguage":"de"}]}},"_links":{"self":[{"href":"https:\/\/www.glasfolie.nl\/de\/wp-json\/wp\/v2\/product\/3967","targetHints":{"allow":["GET"]}}],"collection":[{"href":"https:\/\/www.glasfolie.nl\/de\/wp-json\/wp\/v2\/product"}],"about":[{"href":"https:\/\/www.glasfolie.nl\/de\/wp-json\/wp\/v2\/types\/product"}],"replies":[{"embeddable":true,"href":"https:\/\/www.glasfolie.nl\/de\/wp-json\/wp\/v2\/comments?post=3967"}],"wp:featuredmedia":[{"embeddable":true,"href":"https:\/\/www.glasfolie.nl\/de\/wp-json\/wp\/v2\/media\/3898"}],"wp:attachment":[{"href":"https:\/\/www.glasfolie.nl\/de\/wp-json\/wp\/v2\/media?parent=3967"}],"wp:term":[{"taxonomy":"product_brand","embeddable":true,"href":"https:\/\/www.glasfolie.nl\/de\/wp-json\/wp\/v2\/product_brand?post=3967"},{"taxonomy":"product_cat","embeddable":true,"href":"https:\/\/www.glasfolie.nl\/de\/wp-json\/wp\/v2\/product_cat?post=3967"},{"taxonomy":"product_tag","embeddable":true,"href":"https:\/\/www.glasfolie.nl\/de\/wp-json\/wp\/v2\/product_tag?post=3967"}],"curies":[{"name":"wp","href":"https:\/\/api.w.org\/{rel}","templated":true}]}}