{"id":3963,"date":"2021-12-01T13:23:15","date_gmt":"2021-12-01T12:23:15","guid":{"rendered":"http:\/\/85.10.154.84\/~controle\/shop\/spring-wood\/"},"modified":"2026-01-07T09:32:30","modified_gmt":"2026-01-07T08:32:30","slug":"spring-wood","status":"publish","type":"product","link":"https:\/\/www.glasfolie.nl\/de\/shop\/spring-wood\/","title":{"rendered":"Fr\u00fchlingsholz"},"content":{"rendered":"<p>1 x 152cm<\/p>\n<p>Die Fensterfolie Spring Wood ist von der Natur inspiriert und mit Baumstamm-Motiven verziert. Sie verleiht Ihren Fenstern und Glasfl\u00e4chen einen atypischen und \u00e4sthetischen Touch. Die Verwendung einer diskreten Folie ist ideal, um Ihren Raum zu versch\u00f6nern und gleichzeitig Ihre Privatsph\u00e4re zu wahren.<\/p>","protected":false},"excerpt":{"rendered":"<p>1 x 152cm<\/p>\n<p>Die Fensterfolie Spring Wood ist von der Natur inspiriert und mit Baumstamm-Motiven verziert. Sie verleiht Ihren Fenstern und Glasfl\u00e4chen einen atypischen und \u00e4sthetischen Touch.<\/p>","protected":false},"featured_media":3930,"comment_status":"closed","ping_status":"closed","template":"","meta":{"_acf_changed":false},"product_brand":[],"product_cat":[49],"product_tag":[],"class_list":{"0":"post-3963","1":"product","2":"type-product","3":"status-publish","4":"has-post-thumbnail","6":"product_cat-design-glasfolie","7":"pa_per-m-of-rol-m","8":"pa_per-m-of-rol-rol-30-5m","10":"first","11":"instock","12":"taxable","13":"shipping-taxable","14":"purchasable","15":"product-type-variable"},"acf":[],"gallery_images":[],"yoast_head":"<!-- This site is optimized with the Yoast SEO Premium plugin v22.6 (Yoast SEO v27.4) - https:\/\/yoast.com\/product\/yoast-seo-premium-wordpress\/ -->\n<title>Spring Wood - Glasfolie Suncontrol<\/title>\n<meta name=\"description\" content=\"De Spring Wood raamfolie is ge\u00efnspireerd op de natuur en versierd met boomstammotieven. Atypisch en esthetisch.\" \/>\n<meta name=\"robots\" content=\"index, follow, max-snippet:-1, max-image-preview:large, max-video-preview:-1\" \/>\n<link rel=\"canonical\" href=\"https:\/\/www.glasfolie.nl\/de\/shop\/spring-wood\/\" \/>\n<meta property=\"og:locale\" content=\"de_DE\" \/>\n<meta property=\"og:type\" content=\"article\" \/>\n<meta property=\"og:title\" content=\"Spring Wood\" \/>\n<meta property=\"og:description\" content=\"De Spring Wood raamfolie is ge\u00efnspireerd op de natuur en versierd met boomstammotieven. Atypisch en esthetisch.\" \/>\n<meta property=\"og:url\" content=\"https:\/\/www.glasfolie.nl\/de\/shop\/spring-wood\/\" \/>\n<meta property=\"og:site_name\" content=\"Glasfolie Suncontrol\" \/>\n<meta property=\"article:modified_time\" content=\"2026-01-07T08:32:30+00:00\" \/>\n<meta property=\"og:image\" content=\"https:\/\/www.glasfolie.nl\/wp-content\/uploads\/2023\/07\/Spring-Wood.jpg\" \/>\n\t<meta property=\"og:image:width\" content=\"1105\" \/>\n\t<meta property=\"og:image:height\" content=\"435\" \/>\n\t<meta property=\"og:image:type\" content=\"image\/jpeg\" \/>\n<meta name=\"twitter:card\" content=\"summary_large_image\" \/>\n<meta name=\"twitter:label1\" content=\"Gesch\u00e4tzte Lesezeit\" \/>\n\t<meta name=\"twitter:data1\" content=\"1\u00a0Minute\" \/>\n<script type=\"application\/ld+json\" class=\"yoast-schema-graph\">{\"@context\":\"https:\\\/\\\/schema.org\",\"@graph\":[{\"@type\":\"WebPage\",\"@id\":\"https:\\\/\\\/www.glasfolie.nl\\\/shop\\\/spring-wood\\\/\",\"url\":\"https:\\\/\\\/www.glasfolie.nl\\\/shop\\\/spring-wood\\\/\",\"name\":\"Spring Wood - Glasfolie Suncontrol\",\"isPartOf\":{\"@id\":\"https:\\\/\\\/www.glasfolie.nl\\\/#website\"},\"primaryImageOfPage\":{\"@id\":\"https:\\\/\\\/www.glasfolie.nl\\\/shop\\\/spring-wood\\\/#primaryimage\"},\"image\":{\"@id\":\"https:\\\/\\\/www.glasfolie.nl\\\/shop\\\/spring-wood\\\/#primaryimage\"},\"thumbnailUrl\":\"https:\\\/\\\/www.glasfolie.nl\\\/wp-content\\\/uploads\\\/2023\\\/07\\\/Spring-Wood.jpg\",\"datePublished\":\"2021-12-01T12:23:15+00:00\",\"dateModified\":\"2026-01-07T08:32:30+00:00\",\"description\":\"De Spring Wood raamfolie is ge\u00efnspireerd op de natuur en versierd met boomstammotieven. Atypisch en esthetisch.\",\"breadcrumb\":{\"@id\":\"https:\\\/\\\/www.glasfolie.nl\\\/shop\\\/spring-wood\\\/#breadcrumb\"},\"inLanguage\":\"de\",\"potentialAction\":[{\"@type\":\"ReadAction\",\"target\":[\"https:\\\/\\\/www.glasfolie.nl\\\/shop\\\/spring-wood\\\/\"]}]},{\"@type\":\"ImageObject\",\"inLanguage\":\"de\",\"@id\":\"https:\\\/\\\/www.glasfolie.nl\\\/shop\\\/spring-wood\\\/#primaryimage\",\"url\":\"https:\\\/\\\/www.glasfolie.nl\\\/wp-content\\\/uploads\\\/2023\\\/07\\\/Spring-Wood.jpg\",\"contentUrl\":\"https:\\\/\\\/www.glasfolie.nl\\\/wp-content\\\/uploads\\\/2023\\\/07\\\/Spring-Wood.jpg\",\"width\":1105,\"height\":435},{\"@type\":\"BreadcrumbList\",\"@id\":\"https:\\\/\\\/www.glasfolie.nl\\\/shop\\\/spring-wood\\\/#breadcrumb\",\"itemListElement\":[{\"@type\":\"ListItem\",\"position\":1,\"name\":\"Home\",\"item\":\"https:\\\/\\\/www.glasfolie.nl\\\/\"},{\"@type\":\"ListItem\",\"position\":2,\"name\":\"Shop\",\"item\":\"https:\\\/\\\/www.glasfolie.nl\\\/shop\\\/\"},{\"@type\":\"ListItem\",\"position\":3,\"name\":\"Spring Wood\"}]},{\"@type\":\"WebSite\",\"@id\":\"https:\\\/\\\/www.glasfolie.nl\\\/#website\",\"url\":\"https:\\\/\\\/www.glasfolie.nl\\\/\",\"name\":\"Glasfolie Suncontrol\",\"description\":\"Lost al uw problemen met glas op!\",\"potentialAction\":[{\"@type\":\"SearchAction\",\"target\":{\"@type\":\"EntryPoint\",\"urlTemplate\":\"https:\\\/\\\/www.glasfolie.nl\\\/?s={search_term_string}\"},\"query-input\":{\"@type\":\"PropertyValueSpecification\",\"valueRequired\":true,\"valueName\":\"search_term_string\"}}],\"inLanguage\":\"de\"}]}<\/script>\n<!-- \/ Yoast SEO Premium plugin. -->","yoast_head_json":{"title":"Spring Wood - Glasfolie Suncontrol","description":"De Spring Wood raamfolie is ge\u00efnspireerd op de natuur en versierd met boomstammotieven. Atypisch en esthetisch.","robots":{"index":"index","follow":"follow","max-snippet":"max-snippet:-1","max-image-preview":"max-image-preview:large","max-video-preview":"max-video-preview:-1"},"canonical":"https:\/\/www.glasfolie.nl\/de\/shop\/spring-wood\/","og_locale":"de_DE","og_type":"article","og_title":"Spring Wood","og_description":"De Spring Wood raamfolie is ge\u00efnspireerd op de natuur en versierd met boomstammotieven. Atypisch en esthetisch.","og_url":"https:\/\/www.glasfolie.nl\/de\/shop\/spring-wood\/","og_site_name":"Glasfolie Suncontrol","article_modified_time":"2026-01-07T08:32:30+00:00","og_image":[{"width":1105,"height":435,"url":"https:\/\/www.glasfolie.nl\/wp-content\/uploads\/2023\/07\/Spring-Wood.jpg","type":"image\/jpeg"}],"twitter_card":"summary_large_image","twitter_misc":{"Gesch\u00e4tzte Lesezeit":"1\u00a0Minute"},"schema":{"@context":"https:\/\/schema.org","@graph":[{"@type":"WebPage","@id":"https:\/\/www.glasfolie.nl\/shop\/spring-wood\/","url":"https:\/\/www.glasfolie.nl\/shop\/spring-wood\/","name":"Spring Wood - Glasfolie Suncontrol","isPartOf":{"@id":"https:\/\/www.glasfolie.nl\/#website"},"primaryImageOfPage":{"@id":"https:\/\/www.glasfolie.nl\/shop\/spring-wood\/#primaryimage"},"image":{"@id":"https:\/\/www.glasfolie.nl\/shop\/spring-wood\/#primaryimage"},"thumbnailUrl":"https:\/\/www.glasfolie.nl\/wp-content\/uploads\/2023\/07\/Spring-Wood.jpg","datePublished":"2021-12-01T12:23:15+00:00","dateModified":"2026-01-07T08:32:30+00:00","description":"De Spring Wood raamfolie is ge\u00efnspireerd op de natuur en versierd met boomstammotieven. Atypisch en esthetisch.","breadcrumb":{"@id":"https:\/\/www.glasfolie.nl\/shop\/spring-wood\/#breadcrumb"},"inLanguage":"de","potentialAction":[{"@type":"ReadAction","target":["https:\/\/www.glasfolie.nl\/shop\/spring-wood\/"]}]},{"@type":"ImageObject","inLanguage":"de","@id":"https:\/\/www.glasfolie.nl\/shop\/spring-wood\/#primaryimage","url":"https:\/\/www.glasfolie.nl\/wp-content\/uploads\/2023\/07\/Spring-Wood.jpg","contentUrl":"https:\/\/www.glasfolie.nl\/wp-content\/uploads\/2023\/07\/Spring-Wood.jpg","width":1105,"height":435},{"@type":"BreadcrumbList","@id":"https:\/\/www.glasfolie.nl\/shop\/spring-wood\/#breadcrumb","itemListElement":[{"@type":"ListItem","position":1,"name":"Home","item":"https:\/\/www.glasfolie.nl\/"},{"@type":"ListItem","position":2,"name":"Shop","item":"https:\/\/www.glasfolie.nl\/shop\/"},{"@type":"ListItem","position":3,"name":"Spring Wood"}]},{"@type":"WebSite","@id":"https:\/\/www.glasfolie.nl\/#website","url":"https:\/\/www.glasfolie.nl\/","name":"Glasfolie Suncontrol","description":"L\u00f6st alle Ihre Glasprobleme!","potentialAction":[{"@type":"SearchAction","target":{"@type":"EntryPoint","urlTemplate":"https:\/\/www.glasfolie.nl\/?s={search_term_string}"},"query-input":{"@type":"PropertyValueSpecification","valueRequired":true,"valueName":"search_term_string"}}],"inLanguage":"de"}]}},"_links":{"self":[{"href":"https:\/\/www.glasfolie.nl\/de\/wp-json\/wp\/v2\/product\/3963","targetHints":{"allow":["GET"]}}],"collection":[{"href":"https:\/\/www.glasfolie.nl\/de\/wp-json\/wp\/v2\/product"}],"about":[{"href":"https:\/\/www.glasfolie.nl\/de\/wp-json\/wp\/v2\/types\/product"}],"replies":[{"embeddable":true,"href":"https:\/\/www.glasfolie.nl\/de\/wp-json\/wp\/v2\/comments?post=3963"}],"wp:featuredmedia":[{"embeddable":true,"href":"https:\/\/www.glasfolie.nl\/de\/wp-json\/wp\/v2\/media\/3930"}],"wp:attachment":[{"href":"https:\/\/www.glasfolie.nl\/de\/wp-json\/wp\/v2\/media?parent=3963"}],"wp:term":[{"taxonomy":"product_brand","embeddable":true,"href":"https:\/\/www.glasfolie.nl\/de\/wp-json\/wp\/v2\/product_brand?post=3963"},{"taxonomy":"product_cat","embeddable":true,"href":"https:\/\/www.glasfolie.nl\/de\/wp-json\/wp\/v2\/product_cat?post=3963"},{"taxonomy":"product_tag","embeddable":true,"href":"https:\/\/www.glasfolie.nl\/de\/wp-json\/wp\/v2\/product_tag?post=3963"}],"curies":[{"name":"wp","href":"https:\/\/api.w.org\/{rel}","templated":true}]}}