{"id":17257,"date":"2026-01-07T11:20:47","date_gmt":"2026-01-07T10:20:47","guid":{"rendered":"https:\/\/www.glasfolie.nl\/?post_type=product&#038;p=17257"},"modified":"2026-01-07T11:21:30","modified_gmt":"2026-01-07T10:21:30","slug":"digi-block-glasfolie","status":"publish","type":"product","link":"https:\/\/www.glasfolie.nl\/de\/shop\/digi-block-glasfolie\/","title":{"rendered":"Digi Block Glasfolie"},"content":{"rendered":"<p>1x 122cm<br \/>\nDank einer polarisierenden Folie erzeugen Sie einen \"Black-Out\"-Effekt auf Ihren LCD- und Plasmabildschirmen und erhalten gleichzeitig eine perfekte Sicht durch das Glas.<\/p>\n<p>Sie m\u00f6chten die sch\u00f6nen offenen transparenten W\u00e4nde im B\u00fcro behalten, aber nicht zulassen, dass Kollegen, Kunden oder andere Besucher Ihre Bildschirme sehen? Das ist m\u00f6glich mit Digi Block Glass Folie! Diese PVA-Folie hat eine starke Hartbeschichtung, die den \u00fcblichen Kratzern widersteht und eine gute Haltbarkeit und einfache Wartung beim Reinigen der Fenster erm\u00f6glicht.<br \/>\nAchtung! Testen Sie den Betrieb immer vorab, da die Bedienung pro Scheibe und die Verarbeitung der Folie variieren k\u00f6nnen. Eine fachgerechte Montage durch Glasfolie Suncontrol wird dringend empfohlen.<\/p>","protected":false},"excerpt":{"rendered":"<p>1x 122cm<br \/>\nDank einer polarisierenden Folie erzeugen Sie einen \"Black-Out\"-Effekt auf Ihren LCD- und Plasmabildschirmen und erhalten gleichzeitig eine perfekte Sicht durch das Glas.<\/p>","protected":false},"featured_media":17260,"comment_status":"closed","ping_status":"closed","template":"","meta":{"_acf_changed":false},"product_brand":[],"product_cat":[218],"product_tag":[],"class_list":{"0":"post-17257","1":"product","2":"type-product","3":"status-publish","4":"has-post-thumbnail","6":"product_cat-digi-block-glasfolie","8":"first","9":"instock","10":"taxable","11":"shipping-taxable","12":"purchasable","13":"product-type-variable"},"acf":[],"gallery_images":[],"yoast_head":"<!-- This site is optimized with the Yoast SEO Premium plugin v22.6 (Yoast SEO v27.4) - https:\/\/yoast.com\/product\/yoast-seo-premium-wordpress\/ -->\n<title>Digi Block Glasfolie - Glasfolie Suncontrol<\/title>\n<meta name=\"robots\" content=\"index, follow, max-snippet:-1, max-image-preview:large, max-video-preview:-1\" \/>\n<link rel=\"canonical\" href=\"https:\/\/www.glasfolie.nl\/de\/shop\/digi-block-glasfolie\/\" \/>\n<meta property=\"og:locale\" content=\"de_DE\" \/>\n<meta property=\"og:type\" content=\"article\" \/>\n<meta property=\"og:title\" content=\"Digi Block Glasfolie\" \/>\n<meta property=\"og:description\" content=\"1x 122cm Cre\u00eber dankzij een polariserende film een \u201cBlack-Out\u201d effect op uw LCD- en plasmaschermen terwijl u een perfect zicht door het glas behoudt.\" \/>\n<meta property=\"og:url\" content=\"https:\/\/www.glasfolie.nl\/de\/shop\/digi-block-glasfolie\/\" \/>\n<meta property=\"og:site_name\" content=\"Glasfolie Suncontrol\" \/>\n<meta property=\"article:modified_time\" content=\"2026-01-07T10:21:30+00:00\" \/>\n<meta property=\"og:image\" content=\"https:\/\/www.glasfolie.nl\/wp-content\/uploads\/2026\/01\/Digi_Block_18-01-2024.jpg\" \/>\n\t<meta property=\"og:image:width\" content=\"1600\" \/>\n\t<meta property=\"og:image:height\" content=\"1600\" \/>\n\t<meta property=\"og:image:type\" content=\"image\/jpeg\" \/>\n<meta name=\"twitter:card\" content=\"summary_large_image\" \/>\n<meta name=\"twitter:label1\" content=\"Gesch\u00e4tzte Lesezeit\" \/>\n\t<meta name=\"twitter:data1\" content=\"1\u00a0Minute\" \/>\n<script type=\"application\/ld+json\" class=\"yoast-schema-graph\">{\"@context\":\"https:\\\/\\\/schema.org\",\"@graph\":[{\"@type\":\"WebPage\",\"@id\":\"https:\\\/\\\/www.glasfolie.nl\\\/shop\\\/digi-block-glasfolie\\\/\",\"url\":\"https:\\\/\\\/www.glasfolie.nl\\\/shop\\\/digi-block-glasfolie\\\/\",\"name\":\"Digi Block Glasfolie - Glasfolie Suncontrol\",\"isPartOf\":{\"@id\":\"https:\\\/\\\/www.glasfolie.nl\\\/#website\"},\"primaryImageOfPage\":{\"@id\":\"https:\\\/\\\/www.glasfolie.nl\\\/shop\\\/digi-block-glasfolie\\\/#primaryimage\"},\"image\":{\"@id\":\"https:\\\/\\\/www.glasfolie.nl\\\/shop\\\/digi-block-glasfolie\\\/#primaryimage\"},\"thumbnailUrl\":\"https:\\\/\\\/www.glasfolie.nl\\\/wp-content\\\/uploads\\\/2026\\\/01\\\/Digi_Block_18-01-2024.jpg\",\"datePublished\":\"2026-01-07T10:20:47+00:00\",\"dateModified\":\"2026-01-07T10:21:30+00:00\",\"breadcrumb\":{\"@id\":\"https:\\\/\\\/www.glasfolie.nl\\\/shop\\\/digi-block-glasfolie\\\/#breadcrumb\"},\"inLanguage\":\"de\",\"potentialAction\":[{\"@type\":\"ReadAction\",\"target\":[\"https:\\\/\\\/www.glasfolie.nl\\\/shop\\\/digi-block-glasfolie\\\/\"]}]},{\"@type\":\"ImageObject\",\"inLanguage\":\"de\",\"@id\":\"https:\\\/\\\/www.glasfolie.nl\\\/shop\\\/digi-block-glasfolie\\\/#primaryimage\",\"url\":\"https:\\\/\\\/www.glasfolie.nl\\\/wp-content\\\/uploads\\\/2026\\\/01\\\/Digi_Block_18-01-2024.jpg\",\"contentUrl\":\"https:\\\/\\\/www.glasfolie.nl\\\/wp-content\\\/uploads\\\/2026\\\/01\\\/Digi_Block_18-01-2024.jpg\",\"width\":1600,\"height\":1600},{\"@type\":\"BreadcrumbList\",\"@id\":\"https:\\\/\\\/www.glasfolie.nl\\\/shop\\\/digi-block-glasfolie\\\/#breadcrumb\",\"itemListElement\":[{\"@type\":\"ListItem\",\"position\":1,\"name\":\"Home\",\"item\":\"https:\\\/\\\/www.glasfolie.nl\\\/\"},{\"@type\":\"ListItem\",\"position\":2,\"name\":\"Shop\",\"item\":\"https:\\\/\\\/www.glasfolie.nl\\\/shop\\\/\"},{\"@type\":\"ListItem\",\"position\":3,\"name\":\"Digi Block Glasfolie\"}]},{\"@type\":\"WebSite\",\"@id\":\"https:\\\/\\\/www.glasfolie.nl\\\/#website\",\"url\":\"https:\\\/\\\/www.glasfolie.nl\\\/\",\"name\":\"Glasfolie Suncontrol\",\"description\":\"Lost al uw problemen met glas op!\",\"potentialAction\":[{\"@type\":\"SearchAction\",\"target\":{\"@type\":\"EntryPoint\",\"urlTemplate\":\"https:\\\/\\\/www.glasfolie.nl\\\/?s={search_term_string}\"},\"query-input\":{\"@type\":\"PropertyValueSpecification\",\"valueRequired\":true,\"valueName\":\"search_term_string\"}}],\"inLanguage\":\"de\"}]}<\/script>\n<!-- \/ Yoast SEO Premium plugin. -->","yoast_head_json":{"title":"Digi Block Glasfolie - Glasfolie Suncontrol","robots":{"index":"index","follow":"follow","max-snippet":"max-snippet:-1","max-image-preview":"max-image-preview:large","max-video-preview":"max-video-preview:-1"},"canonical":"https:\/\/www.glasfolie.nl\/de\/shop\/digi-block-glasfolie\/","og_locale":"de_DE","og_type":"article","og_title":"Digi Block Glasfolie","og_description":"1x 122cm Cre\u00eber dankzij een polariserende film een \u201cBlack-Out\u201d effect op uw LCD- en plasmaschermen terwijl u een perfect zicht door het glas behoudt.","og_url":"https:\/\/www.glasfolie.nl\/de\/shop\/digi-block-glasfolie\/","og_site_name":"Glasfolie Suncontrol","article_modified_time":"2026-01-07T10:21:30+00:00","og_image":[{"width":1600,"height":1600,"url":"https:\/\/www.glasfolie.nl\/wp-content\/uploads\/2026\/01\/Digi_Block_18-01-2024.jpg","type":"image\/jpeg"}],"twitter_card":"summary_large_image","twitter_misc":{"Gesch\u00e4tzte Lesezeit":"1\u00a0Minute"},"schema":{"@context":"https:\/\/schema.org","@graph":[{"@type":"WebPage","@id":"https:\/\/www.glasfolie.nl\/shop\/digi-block-glasfolie\/","url":"https:\/\/www.glasfolie.nl\/shop\/digi-block-glasfolie\/","name":"Digi Block Glasfolie - Glasfolie Suncontrol","isPartOf":{"@id":"https:\/\/www.glasfolie.nl\/#website"},"primaryImageOfPage":{"@id":"https:\/\/www.glasfolie.nl\/shop\/digi-block-glasfolie\/#primaryimage"},"image":{"@id":"https:\/\/www.glasfolie.nl\/shop\/digi-block-glasfolie\/#primaryimage"},"thumbnailUrl":"https:\/\/www.glasfolie.nl\/wp-content\/uploads\/2026\/01\/Digi_Block_18-01-2024.jpg","datePublished":"2026-01-07T10:20:47+00:00","dateModified":"2026-01-07T10:21:30+00:00","breadcrumb":{"@id":"https:\/\/www.glasfolie.nl\/shop\/digi-block-glasfolie\/#breadcrumb"},"inLanguage":"de","potentialAction":[{"@type":"ReadAction","target":["https:\/\/www.glasfolie.nl\/shop\/digi-block-glasfolie\/"]}]},{"@type":"ImageObject","inLanguage":"de","@id":"https:\/\/www.glasfolie.nl\/shop\/digi-block-glasfolie\/#primaryimage","url":"https:\/\/www.glasfolie.nl\/wp-content\/uploads\/2026\/01\/Digi_Block_18-01-2024.jpg","contentUrl":"https:\/\/www.glasfolie.nl\/wp-content\/uploads\/2026\/01\/Digi_Block_18-01-2024.jpg","width":1600,"height":1600},{"@type":"BreadcrumbList","@id":"https:\/\/www.glasfolie.nl\/shop\/digi-block-glasfolie\/#breadcrumb","itemListElement":[{"@type":"ListItem","position":1,"name":"Home","item":"https:\/\/www.glasfolie.nl\/"},{"@type":"ListItem","position":2,"name":"Shop","item":"https:\/\/www.glasfolie.nl\/shop\/"},{"@type":"ListItem","position":3,"name":"Digi Block Glasfolie"}]},{"@type":"WebSite","@id":"https:\/\/www.glasfolie.nl\/#website","url":"https:\/\/www.glasfolie.nl\/","name":"Glasfolie Suncontrol","description":"L\u00f6st alle Ihre Glasprobleme!","potentialAction":[{"@type":"SearchAction","target":{"@type":"EntryPoint","urlTemplate":"https:\/\/www.glasfolie.nl\/?s={search_term_string}"},"query-input":{"@type":"PropertyValueSpecification","valueRequired":true,"valueName":"search_term_string"}}],"inLanguage":"de"}]}},"_links":{"self":[{"href":"https:\/\/www.glasfolie.nl\/de\/wp-json\/wp\/v2\/product\/17257","targetHints":{"allow":["GET"]}}],"collection":[{"href":"https:\/\/www.glasfolie.nl\/de\/wp-json\/wp\/v2\/product"}],"about":[{"href":"https:\/\/www.glasfolie.nl\/de\/wp-json\/wp\/v2\/types\/product"}],"replies":[{"embeddable":true,"href":"https:\/\/www.glasfolie.nl\/de\/wp-json\/wp\/v2\/comments?post=17257"}],"wp:featuredmedia":[{"embeddable":true,"href":"https:\/\/www.glasfolie.nl\/de\/wp-json\/wp\/v2\/media\/17260"}],"wp:attachment":[{"href":"https:\/\/www.glasfolie.nl\/de\/wp-json\/wp\/v2\/media?parent=17257"}],"wp:term":[{"taxonomy":"product_brand","embeddable":true,"href":"https:\/\/www.glasfolie.nl\/de\/wp-json\/wp\/v2\/product_brand?post=17257"},{"taxonomy":"product_cat","embeddable":true,"href":"https:\/\/www.glasfolie.nl\/de\/wp-json\/wp\/v2\/product_cat?post=17257"},{"taxonomy":"product_tag","embeddable":true,"href":"https:\/\/www.glasfolie.nl\/de\/wp-json\/wp\/v2\/product_tag?post=17257"}],"curies":[{"name":"wp","href":"https:\/\/api.w.org\/{rel}","templated":true}]}}