{"id":5322,"date":"2023-10-25T10:21:28","date_gmt":"2023-10-25T09:21:28","guid":{"rendered":"http:\/\/85.10.154.84\/~controle\/?page_id=5322"},"modified":"2023-10-25T10:21:47","modified_gmt":"2023-10-25T09:21:47","slug":"raamdecoraties","status":"publish","type":"page","link":"https:\/\/www.glasfolie.nl\/de\/raamdecoraties\/","title":{"rendered":"Fensterdekorationen"},"content":{"rendered":"<h3>Mit Fensterdekorationen f\u00fcr stimmungsvolle Dekoration denken wir mit Ihnen<\/h3>\n<p><strong>Professionelle Fensterfolienverklebung von Glasfolie Suncontrol!<\/strong><br \/>\nSie k\u00f6nnen Ihre Fenster in B\u00fcrogeb\u00e4uden aus rein \u00e4sthetischen Gr\u00fcnden oder aus Gr\u00fcnden des Sichtschutzes mit Full Colour Glasfolie von Glasfolie Suncontrol ausstatten lassen. Jedes gew\u00fcnschte Foto oder Vollfarbbild ist m\u00f6glich und wir denken mit Ihnen mit. Glasfolie Suncontrol sorgt daf\u00fcr, dass wir Fensterfolien professionell anbringen und die M\u00f6glichkeiten sind endlos. Schauen Sie sich Bilder von Design-Glasfolie auf unserer Website an. Kreieren Sie Ihre eigene Design-Fensterdekoration und wir setzen sie in ein einzigartiges Design um.<\/p>\n<p><strong>Die Verklebung von Fensterfolien ist praktisch und f\u00fcr viele Zwecke geeignet<\/strong><br \/>\nBei Glasfolie Suncontrol arbeiten wir seit 1996 mit VCA-zertifiziertem Personal. Dank dieser langj\u00e4hrigen Erfahrung bieten wir immer eine ma\u00dfgeschneiderte L\u00f6sung f\u00fcr alle Glasprobleme. Dank unserer Erfahrung beraten wir Sie praktisch, schnell und pers\u00f6nlich. Denn wir bringen Fensterfolien f\u00fcr jedes Geb\u00e4ude mit Glas an, sowohl f\u00fcr Innen- als auch f\u00fcr Au\u00dfenfenster. Wie w\u00e4re es mit den folgenden m\u00f6glichen Typen:<\/p>\n<ul>\n<li>Sonnenschutzglasfolie, verbessert das Raumklima;<\/li>\n<li>Isolierfolie, spart Energie;<\/li>\n<li>Sicherheitsglasfolie, macht Ihr Glas sicherer;<\/li>\n<li>Dachfenster-Glasfolie, geeignet f\u00fcr Glasdachkonstruktionen;<\/li>\n<li>UV-best\u00e4ndige Glasfolie mit UV-Sperre, damit die Produkte nicht verf\u00e4rben;<\/li>\n<li>Sichtschutzfolie aus Glas, um Einblicke zu verhindern.<\/li>\n<\/ul>\n<p><strong>Wie viele m2 Fensterfolie k\u00f6nnen wir bei Ihnen anbringen? Holen Sie sich noch heute eine individuelle Beratung f\u00fcr Fensterfolien<\/strong><br \/>\nWir bieten Ihnen eine ma\u00dfgeschneiderte Beratung oder einen Kostenvoranschlag auf der Grundlage Ihrer gew\u00fcnschten m2. M\u00f6chten Sie noch heute mehr erfahren? Rufen Sie uns an unter 0299-460445 oder schicken Sie eine E-Mail <a href=\"mailto:glasfolie@suncontrol.nl\">glasfolie@suncontrol.nl<\/a>. Online haben wir auch ein vorgefertigtes Anfrageformular, so dass wir sicher sein k\u00f6nnen, ein genaues Angebot zu erstellen.<\/p>","protected":false},"excerpt":{"rendered":"<p>Met raamdecoraties voor een sfeervolle aankleding denken wij mee Professioneel raamfolie plakken door Glasfolie Suncontrol! Uw ramen in kantoorgebouwen voorzien &hellip; <a href=\"https:\/\/www.glasfolie.nl\/de\/raamdecoraties\/\" class=\"more-link\">Lesen Sie weiter <span class=\"screen-reader-text\">Fensterdekorationen<\/span> <span class=\"meta-nav\">\u2192<\/span><\/a><\/p>","protected":false},"author":6,"featured_media":0,"parent":0,"menu_order":0,"comment_status":"closed","ping_status":"closed","template":"sub-content.php","meta":{"_acf_changed":false,"footnotes":""},"class_list":["post-5322","page","type-page","status-publish","hentry"],"acf":[],"yoast_head":"<!-- This site is optimized with the Yoast SEO Premium plugin v22.6 (Yoast SEO v27.5) - https:\/\/yoast.com\/product\/yoast-seo-premium-wordpress\/ -->\n<title>Raamdecoraties - Glasfolie Suncontrol<\/title>\n<meta name=\"description\" content=\"Met raamdecoraties voor een sfeervolle aankleding denken wij mee. Uw ramen in kantoorgebouwen voorzien van Full Color glasfolie uit puur esthetische overwegingen of uit privacy oogpunt kan u laten doen door Glasfolie Suncontrol. Elke gewenste foto of Full Color afbeelding is mogelijk en wij denken met u mee.\" \/>\n<meta name=\"robots\" content=\"index, follow, max-snippet:-1, max-image-preview:large, max-video-preview:-1\" \/>\n<link rel=\"canonical\" href=\"https:\/\/www.glasfolie.nl\/de\/raamdecoraties\/\" \/>\n<meta property=\"og:locale\" content=\"de_DE\" \/>\n<meta property=\"og:type\" content=\"article\" \/>\n<meta property=\"og:title\" content=\"Raamdecoraties\" \/>\n<meta property=\"og:description\" content=\"Met raamdecoraties voor een sfeervolle aankleding denken wij mee. Uw ramen in kantoorgebouwen voorzien van Full Color glasfolie uit puur esthetische overwegingen of uit privacy oogpunt kan u laten doen door Glasfolie Suncontrol. Elke gewenste foto of Full Color afbeelding is mogelijk en wij denken met u mee.\" \/>\n<meta property=\"og:url\" content=\"https:\/\/www.glasfolie.nl\/de\/raamdecoraties\/\" \/>\n<meta property=\"og:site_name\" content=\"Glasfolie Suncontrol\" \/>\n<meta property=\"article:modified_time\" content=\"2023-10-25T09:21:47+00:00\" \/>\n<meta name=\"twitter:card\" content=\"summary_large_image\" \/>\n<meta name=\"twitter:label1\" content=\"Gesch\u00e4tzte Lesezeit\" \/>\n\t<meta name=\"twitter:data1\" content=\"2\u00a0Minuten\" \/>\n<script type=\"application\/ld+json\" class=\"yoast-schema-graph\">{\"@context\":\"https:\\\/\\\/schema.org\",\"@graph\":[{\"@type\":\"WebPage\",\"@id\":\"https:\\\/\\\/www.glasfolie.nl\\\/raamdecoraties\\\/\",\"url\":\"https:\\\/\\\/www.glasfolie.nl\\\/raamdecoraties\\\/\",\"name\":\"Raamdecoraties - Glasfolie Suncontrol\",\"isPartOf\":{\"@id\":\"https:\\\/\\\/www.glasfolie.nl\\\/#website\"},\"datePublished\":\"2023-10-25T09:21:28+00:00\",\"dateModified\":\"2023-10-25T09:21:47+00:00\",\"description\":\"Met raamdecoraties voor een sfeervolle aankleding denken wij mee. Uw ramen in kantoorgebouwen voorzien van Full Color glasfolie uit puur esthetische overwegingen of uit privacy oogpunt kan u laten doen door Glasfolie Suncontrol. Elke gewenste foto of Full Color afbeelding is mogelijk en wij denken met u mee.\",\"breadcrumb\":{\"@id\":\"https:\\\/\\\/www.glasfolie.nl\\\/raamdecoraties\\\/#breadcrumb\"},\"inLanguage\":\"de\",\"potentialAction\":[{\"@type\":\"ReadAction\",\"target\":[\"https:\\\/\\\/www.glasfolie.nl\\\/raamdecoraties\\\/\"]}]},{\"@type\":\"BreadcrumbList\",\"@id\":\"https:\\\/\\\/www.glasfolie.nl\\\/raamdecoraties\\\/#breadcrumb\",\"itemListElement\":[{\"@type\":\"ListItem\",\"position\":1,\"name\":\"Home\",\"item\":\"https:\\\/\\\/www.glasfolie.nl\\\/\"},{\"@type\":\"ListItem\",\"position\":2,\"name\":\"Raamdecoraties\"}]},{\"@type\":\"WebSite\",\"@id\":\"https:\\\/\\\/www.glasfolie.nl\\\/#website\",\"url\":\"https:\\\/\\\/www.glasfolie.nl\\\/\",\"name\":\"Glasfolie Suncontrol\",\"description\":\"Lost al uw problemen met glas op!\",\"potentialAction\":[{\"@type\":\"SearchAction\",\"target\":{\"@type\":\"EntryPoint\",\"urlTemplate\":\"https:\\\/\\\/www.glasfolie.nl\\\/?s={search_term_string}\"},\"query-input\":{\"@type\":\"PropertyValueSpecification\",\"valueRequired\":true,\"valueName\":\"search_term_string\"}}],\"inLanguage\":\"de\"}]}<\/script>\n<!-- \/ Yoast SEO Premium plugin. -->","yoast_head_json":{"title":"Raamdecoraties - Glasfolie Suncontrol","description":"Met raamdecoraties voor een sfeervolle aankleding denken wij mee. Uw ramen in kantoorgebouwen voorzien van Full Color glasfolie uit puur esthetische overwegingen of uit privacy oogpunt kan u laten doen door Glasfolie Suncontrol. Elke gewenste foto of Full Color afbeelding is mogelijk en wij denken met u mee.","robots":{"index":"index","follow":"follow","max-snippet":"max-snippet:-1","max-image-preview":"max-image-preview:large","max-video-preview":"max-video-preview:-1"},"canonical":"https:\/\/www.glasfolie.nl\/de\/raamdecoraties\/","og_locale":"de_DE","og_type":"article","og_title":"Raamdecoraties","og_description":"Met raamdecoraties voor een sfeervolle aankleding denken wij mee. Uw ramen in kantoorgebouwen voorzien van Full Color glasfolie uit puur esthetische overwegingen of uit privacy oogpunt kan u laten doen door Glasfolie Suncontrol. Elke gewenste foto of Full Color afbeelding is mogelijk en wij denken met u mee.","og_url":"https:\/\/www.glasfolie.nl\/de\/raamdecoraties\/","og_site_name":"Glasfolie Suncontrol","article_modified_time":"2023-10-25T09:21:47+00:00","twitter_card":"summary_large_image","twitter_misc":{"Gesch\u00e4tzte Lesezeit":"2\u00a0Minuten"},"schema":{"@context":"https:\/\/schema.org","@graph":[{"@type":"WebPage","@id":"https:\/\/www.glasfolie.nl\/raamdecoraties\/","url":"https:\/\/www.glasfolie.nl\/raamdecoraties\/","name":"Raamdecoraties - Glasfolie Suncontrol","isPartOf":{"@id":"https:\/\/www.glasfolie.nl\/#website"},"datePublished":"2023-10-25T09:21:28+00:00","dateModified":"2023-10-25T09:21:47+00:00","description":"Met raamdecoraties voor een sfeervolle aankleding denken wij mee. Uw ramen in kantoorgebouwen voorzien van Full Color glasfolie uit puur esthetische overwegingen of uit privacy oogpunt kan u laten doen door Glasfolie Suncontrol. Elke gewenste foto of Full Color afbeelding is mogelijk en wij denken met u mee.","breadcrumb":{"@id":"https:\/\/www.glasfolie.nl\/raamdecoraties\/#breadcrumb"},"inLanguage":"de","potentialAction":[{"@type":"ReadAction","target":["https:\/\/www.glasfolie.nl\/raamdecoraties\/"]}]},{"@type":"BreadcrumbList","@id":"https:\/\/www.glasfolie.nl\/raamdecoraties\/#breadcrumb","itemListElement":[{"@type":"ListItem","position":1,"name":"Home","item":"https:\/\/www.glasfolie.nl\/"},{"@type":"ListItem","position":2,"name":"Raamdecoraties"}]},{"@type":"WebSite","@id":"https:\/\/www.glasfolie.nl\/#website","url":"https:\/\/www.glasfolie.nl\/","name":"Glasfolie Suncontrol","description":"L\u00f6st alle Ihre Glasprobleme!","potentialAction":[{"@type":"SearchAction","target":{"@type":"EntryPoint","urlTemplate":"https:\/\/www.glasfolie.nl\/?s={search_term_string}"},"query-input":{"@type":"PropertyValueSpecification","valueRequired":true,"valueName":"search_term_string"}}],"inLanguage":"de"}]}},"_links":{"self":[{"href":"https:\/\/www.glasfolie.nl\/de\/wp-json\/wp\/v2\/pages\/5322","targetHints":{"allow":["GET"]}}],"collection":[{"href":"https:\/\/www.glasfolie.nl\/de\/wp-json\/wp\/v2\/pages"}],"about":[{"href":"https:\/\/www.glasfolie.nl\/de\/wp-json\/wp\/v2\/types\/page"}],"author":[{"embeddable":true,"href":"https:\/\/www.glasfolie.nl\/de\/wp-json\/wp\/v2\/users\/6"}],"replies":[{"embeddable":true,"href":"https:\/\/www.glasfolie.nl\/de\/wp-json\/wp\/v2\/comments?post=5322"}],"version-history":[{"count":2,"href":"https:\/\/www.glasfolie.nl\/de\/wp-json\/wp\/v2\/pages\/5322\/revisions"}],"predecessor-version":[{"id":5324,"href":"https:\/\/www.glasfolie.nl\/de\/wp-json\/wp\/v2\/pages\/5322\/revisions\/5324"}],"wp:attachment":[{"href":"https:\/\/www.glasfolie.nl\/de\/wp-json\/wp\/v2\/media?parent=5322"}],"curies":[{"name":"wp","href":"https:\/\/api.w.org\/{rel}","templated":true}]}}