{"id":3,"date":"2019-10-29T14:36:04","date_gmt":"2019-10-29T14:36:04","guid":{"rendered":"http:\/\/85.10.154.84\/~controle\/?page_id=3"},"modified":"2023-10-25T08:24:40","modified_gmt":"2023-10-25T07:24:40","slug":"privacyverklaring","status":"publish","type":"page","link":"https:\/\/www.glasfolie.nl\/de\/privacyverklaring\/","title":{"rendered":"Erkl\u00e4rung zum Datenschutz"},"content":{"rendered":"<p>Glasfolie Suncontrol, mit Sitz in Netwerk 20 Postbus 1080 1440 BB Purmerend, ist verantwortlich f\u00fcr die Verarbeitung der personenbezogenen Daten, die in dieser Datenschutzerkl\u00e4rung aufgef\u00fchrt sind.<\/p>\n<h5>Kontaktinformationen:<\/h5>\n<p style=\"text-align: left;\">Netzwerk 20<\/p>\n<p style=\"text-align: left;\">PO Box 1080<\/p>\n<p style=\"text-align: left;\">1440 BB Purmerend<\/p>\n<p style=\"text-align: left;\">+31(0)299 - 460445<\/p>\n<h5>Von uns verarbeitete personenbezogene Daten<\/h5>\n<p>Glasfolie Suncontrol verarbeitet Ihre personenbezogenen Daten, weil Sie unsere Dienstleistungen in Anspruch nehmen und\/oder weil Sie uns diese selbst zur Verf\u00fcgung stellen. Im Folgenden finden Sie einen \u00dcberblick \u00fcber die von uns verarbeiteten personenbezogenen Daten:<\/p>\n<p>- Vorname und Nachname<\/p>\n<p>- Angaben zur Adresse<\/p>\n<p>- Rufnummer<\/p>\n<p>- E-Mail Adresse<\/p>\n<p>- Bankkontonummer<\/p>\n<h5>Besondere und\/oder sensible personenbezogene Daten, die wir verarbeiten<\/h5>\n<p>Unsere Website und\/oder unser Dienst haben nicht die Absicht, Daten von Website-Besuchern unter 16 Jahren zu sammeln. Es sei denn, sie haben die Zustimmung ihrer Eltern oder Erziehungsberechtigten. Wir k\u00f6nnen jedoch nicht \u00fcberpr\u00fcfen, ob ein Besucher \u00e4lter als 16 Jahre ist. Wir raten daher den Eltern, die Online-Aktivit\u00e4ten ihrer Kinder zu \u00fcberwachen, um zu vermeiden, dass Daten von Kindern ohne elterliche Zustimmung erfasst werden. Wenn Sie glauben, dass wir personenbezogene Daten \u00fcber einen Minderj\u00e4hrigen ohne eine solche Zustimmung gesammelt haben, kontaktieren Sie uns bitte unter glasfolie@suncontrol.nl und wir werden diese Informationen l\u00f6schen.<\/p>\n<h5>Zu welchem Zweck und auf welcher Grundlage wir personenbezogene Daten verarbeiten<\/h5>\n<p>Glassfoil Suncontrol verarbeitet Ihre personenbezogenen Daten f\u00fcr die folgenden Zwecke:<\/p>\n<p>- Abwicklung Ihrer Zahlung<\/p>\n<p>- Zusendung unseres Newsletters und\/oder Werbeprospekts<\/p>\n<p>- Sie anzurufen oder per E-Mail zu kontaktieren, wenn dies zur Erbringung unserer Dienstleistungen erforderlich ist<\/p>\n<p>- Information \u00fcber \u00c4nderungen an unseren Dienstleistungen und Produkten<\/p>\n<p>- Erm\u00f6glicht die Erstellung eines Kontos<\/p>\n<p>- um Ihnen Waren und Dienstleistungen zu liefern<\/p>\n<h5>Automatisierte Entscheidungsfindung<\/h5>\n<p>Die Glasfolie Suncontrol trifft keine Entscheidungen \u00fcber Angelegenheiten, die (erhebliche) Auswirkungen auf Personen haben k\u00f6nnen, auf der Grundlage einer automatisierten Verarbeitung. Es handelt sich um Entscheidungen, die von Computerprogrammen oder -systemen getroffen werden, ohne dass eine Person (zum Beispiel ein Mitarbeiter von Glasfolie Suncontrol) beteiligt ist.<\/p>\n<h5>Wie lange wir personenbezogene Daten aufbewahren<\/h5>\n<p>Glassfoil Suncontrol wird Ihre personenbezogenen Daten nicht l\u00e4nger aufbewahren, als es f\u00fcr die Erf\u00fcllung der Zwecke, f\u00fcr die Ihre Daten erhoben wurden, unbedingt erforderlich ist.<\/p>\n<h5>Weitergabe personenbezogener Daten an Dritte<\/h5>\n<p>Glassfoil Suncontrol stellt Dritten nur dann Daten zur Verf\u00fcgung, wenn dies f\u00fcr die Ausf\u00fchrung unserer Vereinbarung mit Ihnen oder zur Erf\u00fcllung einer gesetzlichen Verpflichtung erforderlich ist.<\/p>\n<h5>Cookies oder \u00e4hnliche Techniken, die wir verwenden<\/h5>\n<p>Glassfoil Suncontrol verwendet funktionale, analytische und Tracking-Cookies. Ein Cookie ist eine kleine Textdatei, die beim ersten Besuch dieser Website im Browser Ihres Computers, Tablets oder Smartphones gespeichert wird. Glasfolie Suncontrol verwendet Cookies mit einer rein technischen Funktionalit\u00e4t. Diese sorgen daf\u00fcr, dass die Website ordnungsgem\u00e4\u00df funktioniert und dass z. B. Ihre Pr\u00e4ferenzen gespeichert werden. Diese Cookies werden auch verwendet, um das Funktionieren der Website zu gew\u00e4hrleisten und sie zu optimieren. Au\u00dferdem platzieren wir Cookies, die Ihr Surfverhalten verfolgen, damit wir Ihnen ma\u00dfgeschneiderte Inhalte und Werbung anbieten k\u00f6nnen. Bei Ihrem ersten Besuch auf unserer Website haben wir Sie bereits \u00fcber diese Cookies informiert und um Ihr Einverst\u00e4ndnis gebeten, sie zu setzen. Sie k\u00f6nnen die Verwendung von Cookies ablehnen, indem Sie Ihren Internet-Browser so einstellen, dass keine Cookies mehr gespeichert werden. Au\u00dferdem k\u00f6nnen Sie \u00fcber die Einstellungen Ihres Browsers alle zuvor gespeicherten Informationen l\u00f6schen. Weitere Informationen zu Cookies finden Sie in unserem&nbsp;<a href=\"https:\/\/www.glasfolie.nl\/de\/cookieverklaring\/\">Cookie-Anweisung.<\/a><\/p>\n<h5>Daten ansehen, \u00e4ndern oder l\u00f6schen<\/h5>\n<p>Sie haben das Recht, Ihre personenbezogenen Daten einzusehen, zu korrigieren oder zu l\u00f6schen. Sie haben auch das Recht, Ihre eventuelle Zustimmung zur Datenverarbeitung zur\u00fcckzuziehen oder der Verarbeitung Ihrer personenbezogenen Daten durch Glasfolie Suncontrol zu widersprechen, und Sie haben das Recht auf Daten\u00fcbertragbarkeit. Das bedeutet, dass Sie bei uns beantragen k\u00f6nnen, dass die personenbezogenen Daten, die wir \u00fcber Sie in einer Computerdatei gespeichert haben, an Sie oder eine andere von Ihnen benannte Organisation \u00fcbermittelt werden. Sie k\u00f6nnen einen Antrag auf Einsichtnahme, Berichtigung, L\u00f6schung, Daten\u00fcbertragbarkeit Ihrer personenbezogenen Daten oder einen Antrag auf Widerruf Ihrer Einwilligung oder Widerspruch gegen die Verarbeitung Ihrer personenbezogenen Daten an glasfolie@suncontrol.nl senden. Um sicherzustellen, dass der Antrag auf Einsichtnahme von Ihnen gestellt wird, bitten wir Sie, dem Antrag eine Kopie Ihres Identit\u00e4tsnachweises beizuf\u00fcgen. Schw\u00e4rzen Sie in dieser Kopie Ihr Passfoto, die MRZ (maschinenlesbare Zone, der Zahlenstreifen am unteren Rand des Passes), die Passnummer und die B\u00fcrgerservicenummer (BSN). Dies dient dem Schutz Ihrer Privatsph\u00e4re. Wir werden Ihre Anfrage so schnell wie m\u00f6glich, jedoch innerhalb von vier Wochen, beantworten. Glasfolie Suncontrol m\u00f6chte Sie auch dar\u00fcber informieren, dass Sie die M\u00f6glichkeit haben, eine Beschwerde bei der nationalen Aufsichtsbeh\u00f6rde, der Beh\u00f6rde f\u00fcr personenbezogene Daten, einzureichen. Sie k\u00f6nnen dies \u00fcber den folgenden Link tun: https:\/\/autoriteitpersoonsgegevens.nl\/nl\/contact-met-de-autoriteit-persoonsgegevens\/tip-ons<\/p>\n<h5>Wie wir personenbezogene Daten sch\u00fctzen<\/h5>\n<p>Glasfolie Suncontrol nimmt den Schutz Ihrer Daten ernst und ergreift geeignete Ma\u00dfnahmen, um Missbrauch, Verlust, unbefugten Zugriff, unerw\u00fcnschte Offenlegung und unbefugte Ver\u00e4nderung zu verhindern. Wenn Sie den Eindruck haben, dass Ihre Daten nicht ordnungsgem\u00e4\u00df gesichert sind oder es Anzeichen f\u00fcr einen Missbrauch gibt, wenden Sie sich bitte an unseren Kundendienst oder \u00fcber glasfolie@suncontrol.nl<\/p>\n<p>&nbsp;<\/p>","protected":false},"excerpt":{"rendered":"<p>Glassfoil Suncontrol, mit Sitz in Netwerk 20 PO Box 1080 1440 BB Purmerend, ist verantwortlich f\u00fcr die Verarbeitung der personenbezogenen Daten, wie sie in ... <a href=\"https:\/\/www.glasfolie.nl\/de\/privacyverklaring\/\" class=\"more-link\">Lesen Sie weiter <span class=\"screen-reader-text\">Erkl\u00e4rung zum Datenschutz<\/span> <span class=\"meta-nav\">\u2192<\/span><\/a><\/p>","protected":false},"author":6,"featured_media":0,"parent":0,"menu_order":0,"comment_status":"closed","ping_status":"closed","template":"sub-content.php","meta":{"_acf_changed":false,"footnotes":""},"class_list":["post-3","page","type-page","status-publish","hentry"],"acf":[],"yoast_head":"<!-- This site is optimized with the Yoast SEO Premium plugin v22.6 (Yoast SEO v27.3) - https:\/\/yoast.com\/product\/yoast-seo-premium-wordpress\/ -->\n<title>Privacyverklaring - Glasfolie Suncontrol<\/title>\n<meta name=\"description\" content=\"Glasfolie Suncontrol is verantwoordelijk voor de verwerking van persoonsgegevens zoals weergegeven in deze privacyverklaring.\" \/>\n<meta name=\"robots\" content=\"index, follow, max-snippet:-1, max-image-preview:large, max-video-preview:-1\" \/>\n<link rel=\"canonical\" href=\"https:\/\/www.glasfolie.nl\/de\/privacyverklaring\/\" \/>\n<meta property=\"og:locale\" content=\"de_DE\" \/>\n<meta property=\"og:type\" content=\"article\" \/>\n<meta property=\"og:title\" content=\"Privacyverklaring\" \/>\n<meta property=\"og:description\" content=\"Glasfolie Suncontrol is verantwoordelijk voor de verwerking van persoonsgegevens zoals weergegeven in deze privacyverklaring.\" \/>\n<meta property=\"og:url\" content=\"https:\/\/www.glasfolie.nl\/de\/privacyverklaring\/\" \/>\n<meta property=\"og:site_name\" content=\"Glasfolie Suncontrol\" \/>\n<meta property=\"article:modified_time\" content=\"2023-10-25T07:24:40+00:00\" \/>\n<meta name=\"twitter:card\" content=\"summary_large_image\" \/>\n<meta name=\"twitter:label1\" content=\"Gesch\u00e4tzte Lesezeit\" \/>\n\t<meta name=\"twitter:data1\" content=\"4\u00a0Minuten\" \/>\n<script type=\"application\/ld+json\" class=\"yoast-schema-graph\">{\"@context\":\"https:\\\/\\\/schema.org\",\"@graph\":[{\"@type\":\"WebPage\",\"@id\":\"https:\\\/\\\/www.glasfolie.nl\\\/privacyverklaring\\\/\",\"url\":\"https:\\\/\\\/www.glasfolie.nl\\\/privacyverklaring\\\/\",\"name\":\"Privacyverklaring - Glasfolie Suncontrol\",\"isPartOf\":{\"@id\":\"https:\\\/\\\/www.glasfolie.nl\\\/#website\"},\"datePublished\":\"2019-10-29T14:36:04+00:00\",\"dateModified\":\"2023-10-25T07:24:40+00:00\",\"description\":\"Glasfolie Suncontrol is verantwoordelijk voor de verwerking van persoonsgegevens zoals weergegeven in deze privacyverklaring.\",\"breadcrumb\":{\"@id\":\"https:\\\/\\\/www.glasfolie.nl\\\/privacyverklaring\\\/#breadcrumb\"},\"inLanguage\":\"de\",\"potentialAction\":[{\"@type\":\"ReadAction\",\"target\":[\"https:\\\/\\\/www.glasfolie.nl\\\/privacyverklaring\\\/\"]}]},{\"@type\":\"BreadcrumbList\",\"@id\":\"https:\\\/\\\/www.glasfolie.nl\\\/privacyverklaring\\\/#breadcrumb\",\"itemListElement\":[{\"@type\":\"ListItem\",\"position\":1,\"name\":\"Home\",\"item\":\"https:\\\/\\\/www.glasfolie.nl\\\/\"},{\"@type\":\"ListItem\",\"position\":2,\"name\":\"Privacyverklaring\"}]},{\"@type\":\"WebSite\",\"@id\":\"https:\\\/\\\/www.glasfolie.nl\\\/#website\",\"url\":\"https:\\\/\\\/www.glasfolie.nl\\\/\",\"name\":\"Glasfolie Suncontrol\",\"description\":\"Lost al uw problemen met glas op!\",\"potentialAction\":[{\"@type\":\"SearchAction\",\"target\":{\"@type\":\"EntryPoint\",\"urlTemplate\":\"https:\\\/\\\/www.glasfolie.nl\\\/?s={search_term_string}\"},\"query-input\":{\"@type\":\"PropertyValueSpecification\",\"valueRequired\":true,\"valueName\":\"search_term_string\"}}],\"inLanguage\":\"de\"}]}<\/script>\n<!-- \/ Yoast SEO Premium plugin. -->","yoast_head_json":{"title":"Datenschutzerkl\u00e4rung - Glasfolie Suncontrol","description":"Glassfoil Suncontrol ist verantwortlich f\u00fcr die Verarbeitung personenbezogener Daten, wie sie in dieser Datenschutzerkl\u00e4rung zum Ausdruck kommt.","robots":{"index":"index","follow":"follow","max-snippet":"max-snippet:-1","max-image-preview":"max-image-preview:large","max-video-preview":"max-video-preview:-1"},"canonical":"https:\/\/www.glasfolie.nl\/de\/privacyverklaring\/","og_locale":"de_DE","og_type":"article","og_title":"Privacyverklaring","og_description":"Glasfolie Suncontrol is verantwoordelijk voor de verwerking van persoonsgegevens zoals weergegeven in deze privacyverklaring.","og_url":"https:\/\/www.glasfolie.nl\/de\/privacyverklaring\/","og_site_name":"Glasfolie Suncontrol","article_modified_time":"2023-10-25T07:24:40+00:00","twitter_card":"summary_large_image","twitter_misc":{"Gesch\u00e4tzte Lesezeit":"4\u00a0Minuten"},"schema":{"@context":"https:\/\/schema.org","@graph":[{"@type":"WebPage","@id":"https:\/\/www.glasfolie.nl\/privacyverklaring\/","url":"https:\/\/www.glasfolie.nl\/privacyverklaring\/","name":"Datenschutzerkl\u00e4rung - Glasfolie Suncontrol","isPartOf":{"@id":"https:\/\/www.glasfolie.nl\/#website"},"datePublished":"2019-10-29T14:36:04+00:00","dateModified":"2023-10-25T07:24:40+00:00","description":"Glassfoil Suncontrol ist verantwortlich f\u00fcr die Verarbeitung personenbezogener Daten, wie sie in dieser Datenschutzerkl\u00e4rung zum Ausdruck kommt.","breadcrumb":{"@id":"https:\/\/www.glasfolie.nl\/privacyverklaring\/#breadcrumb"},"inLanguage":"de","potentialAction":[{"@type":"ReadAction","target":["https:\/\/www.glasfolie.nl\/privacyverklaring\/"]}]},{"@type":"BreadcrumbList","@id":"https:\/\/www.glasfolie.nl\/privacyverklaring\/#breadcrumb","itemListElement":[{"@type":"ListItem","position":1,"name":"Home","item":"https:\/\/www.glasfolie.nl\/"},{"@type":"ListItem","position":2,"name":"Privacyverklaring"}]},{"@type":"WebSite","@id":"https:\/\/www.glasfolie.nl\/#website","url":"https:\/\/www.glasfolie.nl\/","name":"Glasfolie Suncontrol","description":"L\u00f6st alle Ihre Glasprobleme!","potentialAction":[{"@type":"SearchAction","target":{"@type":"EntryPoint","urlTemplate":"https:\/\/www.glasfolie.nl\/?s={search_term_string}"},"query-input":{"@type":"PropertyValueSpecification","valueRequired":true,"valueName":"search_term_string"}}],"inLanguage":"de"}]}},"_links":{"self":[{"href":"https:\/\/www.glasfolie.nl\/de\/wp-json\/wp\/v2\/pages\/3","targetHints":{"allow":["GET"]}}],"collection":[{"href":"https:\/\/www.glasfolie.nl\/de\/wp-json\/wp\/v2\/pages"}],"about":[{"href":"https:\/\/www.glasfolie.nl\/de\/wp-json\/wp\/v2\/types\/page"}],"author":[{"embeddable":true,"href":"https:\/\/www.glasfolie.nl\/de\/wp-json\/wp\/v2\/users\/6"}],"replies":[{"embeddable":true,"href":"https:\/\/www.glasfolie.nl\/de\/wp-json\/wp\/v2\/comments?post=3"}],"version-history":[{"count":2,"href":"https:\/\/www.glasfolie.nl\/de\/wp-json\/wp\/v2\/pages\/3\/revisions"}],"predecessor-version":[{"id":287,"href":"https:\/\/www.glasfolie.nl\/de\/wp-json\/wp\/v2\/pages\/3\/revisions\/287"}],"wp:attachment":[{"href":"https:\/\/www.glasfolie.nl\/de\/wp-json\/wp\/v2\/media?parent=3"}],"curies":[{"name":"wp","href":"https:\/\/api.w.org\/{rel}","templated":true}]}}