{"id":246,"date":"2023-04-17T12:20:35","date_gmt":"2023-04-17T11:20:35","guid":{"rendered":"http:\/\/85.10.154.84\/~controle\/?page_id=246"},"modified":"2023-10-25T10:22:26","modified_gmt":"2023-10-25T09:22:26","slug":"referenties","status":"publish","type":"page","link":"https:\/\/www.glasfolie.nl\/de\/referenties\/","title":{"rendered":"Referenzen"},"content":{"rendered":"<h2>Viele Projekte <strong>in vielen verschiedenen Ausf\u00fchrungen<\/strong><\/h2>\n<p>Viele Projekte unterschiedlichster Art werden von Glasfolie Suncontrol durchgef\u00fchrt. <\/p>\n<p>Wenn Sie sich den Film an einem bestehenden Projekt ansehen, erhalten Sie ein vollst\u00e4ndiges Bild von unserem Produkt.<br \/>\nUnter den Projekten gibt es zweifellos einen Bezug zu Ihrem Projekt. Wenn nicht, z\u00f6gern Sie nicht, uns f\u00fcr ein passendes Projekt zu kontaktieren. <\/p>\n<p>Aus pr\u00e4ventiven Gr\u00fcnden erw\u00e4hnen wir Sicherheitsfolien nur in F\u00e4llen, in denen keine Einbruchsverz\u00f6gerung vorliegt, in Absprache stellen wir Ihnen diese Adressen gerne vertraulich zur Verf\u00fcgung. <\/p>\n<p>Wenn Sie weitere Referenzen w\u00fcnschen oder sonstige Fragen haben, k\u00f6nnen Sie uns gerne unter folgender Nummer kontaktieren <a href=\"tel:0299460445\">0299-460445<\/a>. Einer unserer Mitarbeiter wird sich dann gerne mit Ihnen unterhalten.<\/p>","protected":false},"excerpt":{"rendered":"<p>Vele projecten in vele verschillende typen Er worden door Glasfolie Suncontrol vele projecten in vele verschillende typen uitgevoerd. Bij een &hellip; <a href=\"https:\/\/www.glasfolie.nl\/de\/referenties\/\" class=\"more-link\">Lesen Sie weiter <span class=\"screen-reader-text\">Referenzen<\/span> <span class=\"meta-nav\">\u2192<\/span><\/a><\/p>","protected":false},"author":6,"featured_media":0,"parent":0,"menu_order":0,"comment_status":"closed","ping_status":"closed","template":"sub-referenties.php","meta":{"_acf_changed":false,"footnotes":""},"class_list":["post-246","page","type-page","status-publish","hentry"],"acf":[],"yoast_head":"<!-- This site is optimized with the Yoast SEO Premium plugin v22.6 (Yoast SEO v27.3) - https:\/\/yoast.com\/product\/yoast-seo-premium-wordpress\/ -->\n<title>Bekijk hier de referenties per regio - Glasfolie Suncontrol, Purmerend<\/title>\n<meta name=\"description\" content=\"Er worden door Glasfolie Suncontrol vele projecten in vele verschillende typen uitgevoerd. Bekijk hier de referenties per regio, voor een referentie van een bedrijf bij u in de buurt.\" \/>\n<meta name=\"robots\" content=\"index, follow, max-snippet:-1, max-image-preview:large, max-video-preview:-1\" \/>\n<link rel=\"canonical\" href=\"https:\/\/www.glasfolie.nl\/de\/referenties\/\" \/>\n<meta property=\"og:locale\" content=\"de_DE\" \/>\n<meta property=\"og:type\" content=\"article\" \/>\n<meta property=\"og:title\" content=\"Referenties\" \/>\n<meta property=\"og:description\" content=\"Er worden door Glasfolie Suncontrol vele projecten in vele verschillende typen uitgevoerd. Bekijk hier de referenties per regio, voor een referentie van een bedrijf bij u in de buurt.\" \/>\n<meta property=\"og:url\" content=\"https:\/\/www.glasfolie.nl\/de\/referenties\/\" \/>\n<meta property=\"og:site_name\" content=\"Glasfolie Suncontrol\" \/>\n<meta property=\"article:modified_time\" content=\"2023-10-25T09:22:26+00:00\" \/>\n<meta name=\"twitter:card\" content=\"summary_large_image\" \/>\n<meta name=\"twitter:label1\" content=\"Gesch\u00e4tzte Lesezeit\" \/>\n\t<meta name=\"twitter:data1\" content=\"1\u00a0Minute\" \/>\n<script type=\"application\/ld+json\" class=\"yoast-schema-graph\">{\"@context\":\"https:\\\/\\\/schema.org\",\"@graph\":[{\"@type\":\"WebPage\",\"@id\":\"https:\\\/\\\/www.glasfolie.nl\\\/referenties\\\/\",\"url\":\"https:\\\/\\\/www.glasfolie.nl\\\/referenties\\\/\",\"name\":\"Bekijk hier de referenties per regio - Glasfolie Suncontrol, Purmerend\",\"isPartOf\":{\"@id\":\"https:\\\/\\\/www.glasfolie.nl\\\/#website\"},\"datePublished\":\"2023-04-17T11:20:35+00:00\",\"dateModified\":\"2023-10-25T09:22:26+00:00\",\"description\":\"Er worden door Glasfolie Suncontrol vele projecten in vele verschillende typen uitgevoerd. Bekijk hier de referenties per regio, voor een referentie van een bedrijf bij u in de buurt.\",\"breadcrumb\":{\"@id\":\"https:\\\/\\\/www.glasfolie.nl\\\/referenties\\\/#breadcrumb\"},\"inLanguage\":\"de\",\"potentialAction\":[{\"@type\":\"ReadAction\",\"target\":[\"https:\\\/\\\/www.glasfolie.nl\\\/referenties\\\/\"]}]},{\"@type\":\"BreadcrumbList\",\"@id\":\"https:\\\/\\\/www.glasfolie.nl\\\/referenties\\\/#breadcrumb\",\"itemListElement\":[{\"@type\":\"ListItem\",\"position\":1,\"name\":\"Home\",\"item\":\"https:\\\/\\\/www.glasfolie.nl\\\/\"},{\"@type\":\"ListItem\",\"position\":2,\"name\":\"Referenties\"}]},{\"@type\":\"WebSite\",\"@id\":\"https:\\\/\\\/www.glasfolie.nl\\\/#website\",\"url\":\"https:\\\/\\\/www.glasfolie.nl\\\/\",\"name\":\"Glasfolie Suncontrol\",\"description\":\"Lost al uw problemen met glas op!\",\"potentialAction\":[{\"@type\":\"SearchAction\",\"target\":{\"@type\":\"EntryPoint\",\"urlTemplate\":\"https:\\\/\\\/www.glasfolie.nl\\\/?s={search_term_string}\"},\"query-input\":{\"@type\":\"PropertyValueSpecification\",\"valueRequired\":true,\"valueName\":\"search_term_string\"}}],\"inLanguage\":\"de\"}]}<\/script>\n<!-- \/ Yoast SEO Premium plugin. -->","yoast_head_json":{"title":"Bekijk hier de referenties per regio - Glasfolie Suncontrol, Purmerend","description":"Er worden door Glasfolie Suncontrol vele projecten in vele verschillende typen uitgevoerd. Bekijk hier de referenties per regio, voor een referentie van een bedrijf bij u in de buurt.","robots":{"index":"index","follow":"follow","max-snippet":"max-snippet:-1","max-image-preview":"max-image-preview:large","max-video-preview":"max-video-preview:-1"},"canonical":"https:\/\/www.glasfolie.nl\/de\/referenties\/","og_locale":"de_DE","og_type":"article","og_title":"Referenties","og_description":"Er worden door Glasfolie Suncontrol vele projecten in vele verschillende typen uitgevoerd. Bekijk hier de referenties per regio, voor een referentie van een bedrijf bij u in de buurt.","og_url":"https:\/\/www.glasfolie.nl\/de\/referenties\/","og_site_name":"Glasfolie Suncontrol","article_modified_time":"2023-10-25T09:22:26+00:00","twitter_card":"summary_large_image","twitter_misc":{"Gesch\u00e4tzte Lesezeit":"1\u00a0Minute"},"schema":{"@context":"https:\/\/schema.org","@graph":[{"@type":"WebPage","@id":"https:\/\/www.glasfolie.nl\/referenties\/","url":"https:\/\/www.glasfolie.nl\/referenties\/","name":"Bekijk hier de referenties per regio - Glasfolie Suncontrol, Purmerend","isPartOf":{"@id":"https:\/\/www.glasfolie.nl\/#website"},"datePublished":"2023-04-17T11:20:35+00:00","dateModified":"2023-10-25T09:22:26+00:00","description":"Er worden door Glasfolie Suncontrol vele projecten in vele verschillende typen uitgevoerd. Bekijk hier de referenties per regio, voor een referentie van een bedrijf bij u in de buurt.","breadcrumb":{"@id":"https:\/\/www.glasfolie.nl\/referenties\/#breadcrumb"},"inLanguage":"de","potentialAction":[{"@type":"ReadAction","target":["https:\/\/www.glasfolie.nl\/referenties\/"]}]},{"@type":"BreadcrumbList","@id":"https:\/\/www.glasfolie.nl\/referenties\/#breadcrumb","itemListElement":[{"@type":"ListItem","position":1,"name":"Home","item":"https:\/\/www.glasfolie.nl\/"},{"@type":"ListItem","position":2,"name":"Referenties"}]},{"@type":"WebSite","@id":"https:\/\/www.glasfolie.nl\/#website","url":"https:\/\/www.glasfolie.nl\/","name":"Glasfolie Suncontrol","description":"L\u00f6st alle Ihre Glasprobleme!","potentialAction":[{"@type":"SearchAction","target":{"@type":"EntryPoint","urlTemplate":"https:\/\/www.glasfolie.nl\/?s={search_term_string}"},"query-input":{"@type":"PropertyValueSpecification","valueRequired":true,"valueName":"search_term_string"}}],"inLanguage":"de"}]}},"_links":{"self":[{"href":"https:\/\/www.glasfolie.nl\/de\/wp-json\/wp\/v2\/pages\/246","targetHints":{"allow":["GET"]}}],"collection":[{"href":"https:\/\/www.glasfolie.nl\/de\/wp-json\/wp\/v2\/pages"}],"about":[{"href":"https:\/\/www.glasfolie.nl\/de\/wp-json\/wp\/v2\/types\/page"}],"author":[{"embeddable":true,"href":"https:\/\/www.glasfolie.nl\/de\/wp-json\/wp\/v2\/users\/6"}],"replies":[{"embeddable":true,"href":"https:\/\/www.glasfolie.nl\/de\/wp-json\/wp\/v2\/comments?post=246"}],"version-history":[{"count":3,"href":"https:\/\/www.glasfolie.nl\/de\/wp-json\/wp\/v2\/pages\/246\/revisions"}],"predecessor-version":[{"id":251,"href":"https:\/\/www.glasfolie.nl\/de\/wp-json\/wp\/v2\/pages\/246\/revisions\/251"}],"wp:attachment":[{"href":"https:\/\/www.glasfolie.nl\/de\/wp-json\/wp\/v2\/media?parent=246"}],"curies":[{"name":"wp","href":"https:\/\/api.w.org\/{rel}","templated":true}]}}